{"id":1087,"date":"2019-05-31T11:39:54","date_gmt":"2019-05-31T09:39:54","guid":{"rendered":"http:\/\/terradeltuono.it\/b2cde\/?post_type=product&#038;p=1087"},"modified":"2020-07-22T16:51:23","modified_gmt":"2020-07-22T14:51:23","slug":"rose-balsamico-100-natuerlich-aus-erlesenen-trauben","status":"publish","type":"product","link":"https:\/\/www.terradeltuono.it\/b2cde\/prodotto\/rose-balsamico-100-natuerlich-aus-erlesenen-trauben\/","title":{"rendered":"Ros\u00e9-Balsamico \u2013 100% nat\u00fcrlich aus erlesenen Trauben"},"content":{"rendered":"<div class=\"fusion-fullwidth fullwidth-box nonhundred-percent-fullwidth non-hundred-percent-height-scrolling\"  style='background-color: rgba(255,255,255,0);background-position: center center;background-repeat: no-repeat;padding-top:0px;padding-right:0px;padding-bottom:0px;padding-left:0px;'><div class=\"fusion-builder-row fusion-row \"><div  class=\"fusion-layout-column fusion_builder_column fusion_builder_column_1_1  fusion-one-full fusion-column-first fusion-column-last 1_1\"  style='margin-top:0px;margin-bottom:0px;'>\n\t\t\t\t\t<div class=\"fusion-column-wrapper\" style=\"padding: 0px 0px 0px 0px;background-position:left top;background-repeat:no-repeat;-webkit-background-size:cover;-moz-background-size:cover;-o-background-size:cover;background-size:cover;\"  data-bg-url=\"\">\n\t\t\t\t\t\t<div class=\"fusion-text\"><div class=\"fusion-text\">\n<p>Der Balsamico Ros\u00e9 Terra del Tuono ist das Ergebnis der langsamen Verfeinerung sorgf\u00e4ltig ausgew\u00e4hlter italienischer Traubenmoste und des besten Wei\u00dfweinessigs.<\/p>\n<p>Unser Balsamico Ros\u00e9 hat eine angenehme 100% nat\u00fcrliche rosa Farbe und einen fruchtigen und aromatischen Geschmack, der sich wirklich von jedem anderen Balsamico unterscheidet.<\/p>\n<p>Perfekt f\u00fcr frische Salate und Gem\u00fcse, hervorragend f\u00fcr Meeresfr\u00fcchte (insbesondere Garnelen und Jakobsmuscheln) und wei\u00dfes Fleisch. Dank seiner nat\u00fcrlichen S\u00fc\u00dfe und seines fruchtigen Geschmacks schmeckt er hervorragend zu frischen Obstsalaten, Desserts und Eiscreme.<\/p>\n<\/div>\n<\/div><div class=\"fusion-button-wrapper\"><style type=\"text\/css\" scoped=\"scoped\">.fusion-button.button-1 .fusion-button-text, .fusion-button.button-1 i {color:#000000;}.fusion-button.button-1 {border-width:1px;border-color:#000000;}.fusion-button.button-1 .fusion-button-icon-divider{border-color:#000000;}.fusion-button.button-1:hover .fusion-button-text, .fusion-button.button-1:hover i,.fusion-button.button-1:focus .fusion-button-text, .fusion-button.button-1:focus i,.fusion-button.button-1:active .fusion-button-text, .fusion-button.button-1:active{color:#000000;}.fusion-button.button-1:hover, .fusion-button.button-1:focus, .fusion-button.button-1:active{border-width:1px;border-color:#000000;}.fusion-button.button-1:hover .fusion-button-icon-divider, .fusion-button.button-1:hover .fusion-button-icon-divider, .fusion-button.button-1:active .fusion-button-icon-divider{border-color:#000000;}.fusion-button.button-1{width:auto;}<\/style><a class=\"fusion-button button-flat fusion-button-square button-medium button-default button-1\" target=\"_blank\" rel=\"noopener noreferrer\" href=\"http:\/\/terradeltuono.it\/b2cde\/wp-content\/uploads\/sites\/7\/2019\/05\/AR250RRE_ITA.pdf\"><i class=\"fa fa-file-pdf-o button-icon-left\"><\/i><span class=\"fusion-button-text\">datenblatt<\/span><\/a><\/div><div class=\"fusion-sep-clear\"><\/div><div class=\"fusion-separator sep-single sep-solid\" style=\"border-color:#666666;border-top-width:3px;margin-top:30px;margin-bottom:50px;width:100%;max-width:90px;\"><\/div><ul class=\"fusion-checklist fusion-checklist-1\" style=\"font-size:13px;line-height:22.1px;\"><li class=\"fusion-li-item\"><span style=\"height:22.1px;width:22.1px;margin-right:9.1px;\" class=\"icon-wrapper circle-no\"><i class=\"fusion-li-icon fa fa-adjust\" style=\"color:#666666;\"><\/i><\/span><div class=\"fusion-li-item-content\" style=\"margin-left:31.2px;\">\n<div class=\"fusion-li-item-content\"><strong>Farbe: <\/strong> Rosa und transparent, 100% nat\u00fcrlich.<\/div>\n<\/div><\/li><li class=\"fusion-li-item\"><span style=\"height:22.1px;width:22.1px;margin-right:9.1px;\" class=\"icon-wrapper circle-no\"><i class=\"fusion-li-icon fa fa-fire\" style=\"color:#666666;\"><\/i><\/span><div class=\"fusion-li-item-content\" style=\"margin-left:31.2px;\">\n<div class=\"fusion-li-item-content\"><strong>Geruch: <\/strong>Das Aroma ist fest, intensiv und anhaltend mit fruchtigen Noten.<\/div>\n<\/div><\/li><li class=\"fusion-li-item\"><span style=\"height:22.1px;width:22.1px;margin-right:9.1px;\" class=\"icon-wrapper circle-no\"><i class=\"fusion-li-icon fa fa-cutlery\" style=\"color:#666666;\"><\/i><\/span><div class=\"fusion-li-item-content\" style=\"margin-left:31.2px;\">\n<div class=\"fusion-li-item-content\"><strong>Geschmack: <\/strong>\u00a0 Der Geschmack ist s\u00fc\u00df-sauer , lebhaft, aber sehr ausgewogen. Von gro\u00dfer Beharrlichkeit im Mund erinnert er an fruchtige Noten.<\/div>\n<\/div><\/li><li class=\"fusion-li-item\"><span style=\"height:22.1px;width:22.1px;margin-right:9.1px;\" class=\"icon-wrapper circle-no\"><i class=\"fusion-li-icon fa fa-tint\" style=\"color:#666666;\"><\/i><\/span><div class=\"fusion-li-item-content\" style=\"margin-left:31.2px;\">\n<div class=\"fusion-li-item-content\"><strong>Dichte: <\/strong> Ca. 1,20<\/div>\n<\/div><\/li><li class=\"fusion-li-item\"><span style=\"height:22.1px;width:22.1px;margin-right:9.1px;\" class=\"icon-wrapper circle-no\"><i class=\"fusion-li-icon fa fa-map-pin\" style=\"color:#666666;\"><\/i><\/span><div class=\"fusion-li-item-content\" style=\"margin-left:31.2px;\">\n<div class=\"fusion-li-item-content\"><strong>S\u00e4ure:<\/strong> Ca. 4,8 %<\/div>\n<\/div><\/li><li class=\"fusion-li-item\"><span style=\"height:22.1px;width:22.1px;margin-right:9.1px;\" class=\"icon-wrapper circle-no\"><i class=\"fusion-li-icon fa fa-leaf\" style=\"color:#666666;\"><\/i><\/span><div class=\"fusion-li-item-content\" style=\"margin-left:31.2px;\">\n<div class=\"fusion-li-item-content\"><strong>Reifezeit: <\/strong>In feinen F\u00e4ssern aus wei\u00dfer Eiche.<\/div>\n<\/div><\/li><li class=\"fusion-li-item\"><span style=\"height:22.1px;width:22.1px;margin-right:9.1px;\" class=\"icon-wrapper circle-no\"><i class=\"fusion-li-icon fa fa-tachometer\" style=\"color:#666666;\"><\/i><\/span><div class=\"fusion-li-item-content\" style=\"margin-left:31.2px;\">\n<div class=\"fusion-li-item-content\"><strong>Zutaten: <\/strong>Konzentrierter Most aus wei\u00dfen Trauben, Wei\u00dfweinessig, gekochter Traubenmost. Enth\u00e4lt Sulfite. Naturprodukt, vorbehaltlich geringf\u00fcgiger Farbabweichungen.<\/div>\n<\/div><\/li><\/ul><div class=\"fusion-clearfix\"><\/div>\n\n\t\t\t\t\t<\/div>\n\t\t\t\t<\/div><\/div><\/div>\n","protected":false},"excerpt":{"rendered":"","protected":false},"featured_media":1162,"comment_status":"open","ping_status":"closed","template":"","meta":[],"class_list":{"0":"post-1087","1":"product","2":"type-product","3":"status-publish","4":"has-post-thumbnail","6":"product_cat-essige-essigziubereitungen","7":"product-grid-view","9":"first","10":"instock","11":"shipping-taxable","12":"product-type-simple"},"_links":{"self":[{"href":"https:\/\/www.terradeltuono.it\/b2cde\/wp-json\/wp\/v2\/product\/1087","targetHints":{"allow":["GET"]}}],"collection":[{"href":"https:\/\/www.terradeltuono.it\/b2cde\/wp-json\/wp\/v2\/product"}],"about":[{"href":"https:\/\/www.terradeltuono.it\/b2cde\/wp-json\/wp\/v2\/types\/product"}],"replies":[{"embeddable":true,"href":"https:\/\/www.terradeltuono.it\/b2cde\/wp-json\/wp\/v2\/comments?post=1087"}],"wp:featuredmedia":[{"embeddable":true,"href":"https:\/\/www.terradeltuono.it\/b2cde\/wp-json\/wp\/v2\/media\/1162"}],"wp:attachment":[{"href":"https:\/\/www.terradeltuono.it\/b2cde\/wp-json\/wp\/v2\/media?parent=1087"}],"curies":[{"name":"wp","href":"https:\/\/api.w.org\/{rel}","templated":true}]}}