{"id":2,"date":"2018-03-20T11:00:49","date_gmt":"2018-03-20T10:00:49","guid":{"rendered":"http:\/\/terradeltuono.it\/b2cde\/?page_id=2"},"modified":"2020-07-14T17:25:54","modified_gmt":"2020-07-14T15:25:54","slug":"unsere-geschichte","status":"publish","type":"page","link":"https:\/\/www.terradeltuono.it\/b2cde\/unsere-geschichte\/","title":{"rendered":"Unsere Geschichte"},"content":{"rendered":"<p><div class=\"fusion-fullwidth fullwidth-box da-antiche-tradizioni hundred-percent-fullwidth non-hundred-percent-height-scrolling fusion-equal-height-columns\"  style='background-color: rgba(255,255,255,0);background-position: center center;background-repeat: no-repeat;'><div class=\"fusion-builder-row fusion-row \"><div  class=\"fusion-layout-column fusion_builder_column fusion_builder_column_1_3  fusion-one-third fusion-column-first 1_3\"  style='margin-top:0px;margin-bottom:0px;width:33.33%;width:calc(33.33% - ( ( 4% ) * 0.3333 ) );margin-right: 4%;'>\n\t\t\t\t\t<div class=\"fusion-column-wrapper\" style=\"padding: 0px 0px 0px 0px;background-image: url('http:\/\/terradeltuono.it\/b2cde\/wp-content\/uploads\/sites\/7\/2018\/03\/chisiamo1.jpg');background-position:left top;background-repeat:no-repeat;-webkit-background-size:cover;-moz-background-size:cover;-o-background-size:cover;background-size:cover;\"  data-bg-url=\"http:\/\/terradeltuono.it\/b2cde\/wp-content\/uploads\/sites\/7\/2018\/03\/chisiamo1.jpg\">\n\t\t\t\t\t\t<div class=\"fusion-clearfix\"><\/div>\n\n\t\t\t\t\t<\/div>\n\t\t\t\t<\/div><div  class=\"fusion-layout-column fusion_builder_column fusion_builder_column_2_3  fusion-two-third fusion-column-last antiche-tradizione 2_3\"  style='margin-top:0px;margin-bottom:0px;width:66.66%;width:calc(66.66% - ( ( 4% ) * 0.6666 ) );'>\n\t\t\t\t\t<div class=\"fusion-column-wrapper\" style=\"padding: 100px 100px 80px 60px;background-position:left top;background-repeat:no-repeat;-webkit-background-size:cover;-moz-background-size:cover;-o-background-size:cover;background-size:cover;\"  data-bg-url=\"\">\n\t\t\t\t\t\t<div class=\"fusion-title title fusion-sep-none fusion-title-size-two\" style=\"margin-top:0px;margin-bottom:0px;\"><h2 class=\"title-heading-left\">Aus alten Traditionen<\/h2><\/div><div class=\"fusion-sep-clear\"><\/div><div class=\"fusion-separator sep-single sep-solid\" style=\"border-color:#ffc107;border-top-width:3px;margin-top:10px;margin-bottom:30px;width:100%;max-width:90px;\"><\/div><div class=\"fusion-title title fusion-sep-none fusion-title-size-five\" style=\"margin-top:0px;margin-bottom:31px;\"><h5 class=\"title-heading-left\">Die \u00e4ltesten F\u00e4sser stammen aus dem Jahr 1892, da es eine historische Erinnerung an den Beginn der Produktionst\u00e4tigkeit gibt.<\/h5><\/div><div class=\"fusion-text\"><p>Die Gr\u00fcnder des Unternehmens haben den Ort Corticella nach sorgf\u00e4ltiger Pr\u00fcfung des Gebiets als idealen Ort f\u00fcr die Herstellung unserer Spezialit\u00e4ten ausgew\u00e4hlt.<\/p>\n<p>Die Position unserer Acetaia die unter den H\u00fcgeln in diesem d\u00fcnnen Landstreifen zwischen den Fl\u00fcssen Secchia und Tresinaro liegt , ist in der Tat etwas ganz Besonderes. In diesem Gebiet sind die Sommer hei\u00df, w\u00e4hrend die Winter sehr kalt und feucht sind. Es ist ein besonderes Mikroklima, in dem sich die idealen Bedingungen f\u00fcr die Oxidation und Sommerverdampfung von Balsamico-Essig aus Modena und vom Traditionellen Balsamico Essig von Reggio Emilia entwickeln, w\u00e4hrend die Winterk\u00e4lte Sedimentation, Ablagerung und Klarheit beg\u00fcnstigt.<\/p>\n<p>Der gesamte Produktionsprozess wird vollst\u00e4ndig in unserem Unternehmen durchgef\u00fchrt. Die Trauben stammen ebenfalls aus unseren Weinbergen und werden mit Leidenschaft in den verschiedenen Sorten angebaut, aus denen unsere Mischungen bestehen: Trebbiano, Occhio di Gatto, Marzemino, Spergola; Unter den verschiedenen Arten von Lambrusco-Trauben haben wir Marani, Salamino, Maestri ,Grasparossa und Ancellotta.<\/p>\n<\/div><div class=\"fusion-clearfix\"><\/div>\n\n\t\t\t\t\t<\/div>\n\t\t\t\t<\/div><\/div><\/div><div class=\"fusion-fullwidth fullwidth-box fusion-parallax-none bg-size-contain i-mosti hundred-percent-fullwidth non-hundred-percent-height-scrolling fusion-equal-height-columns\"  style='background-color: rgba(255,255,255,0);background-image: url(\"http:\/\/terradeltuono.it\/b2cde\/wp-content\/uploads\/sites\/7\/2018\/03\/giallo-2.jpg\");background-position: right top;background-repeat: no-repeat;-webkit-background-size:cover;-moz-background-size:cover;-o-background-size:cover;background-size:cover;'><div class=\"fusion-builder-row fusion-row \"><div  class=\"fusion-layout-column fusion_builder_column fusion_builder_column_1_3  fusion-one-third fusion-column-first 1_3\"  style='margin-top:0px;margin-bottom:0px;width:33.33%;width:calc(33.33% - ( ( 4% ) * 0.3333 ) );margin-right: 4%;'>\n\t\t\t\t\t<div class=\"fusion-column-wrapper\" style=\"padding: 0px 0px 0px 0px;background-image: url('http:\/\/terradeltuono.it\/b2cde\/wp-content\/uploads\/sites\/7\/2018\/03\/storia22.jpg');background-position:center center;background-repeat:no-repeat;-webkit-background-size:cover;-moz-background-size:cover;-o-background-size:cover;background-size:cover;\"  data-bg-url=\"http:\/\/terradeltuono.it\/b2cde\/wp-content\/uploads\/sites\/7\/2018\/03\/storia22.jpg\">\n\t\t\t\t\t\t<div class=\"fusion-clearfix\"><\/div>\n\n\t\t\t\t\t<\/div>\n\t\t\t\t<\/div><div  class=\"fusion-layout-column fusion_builder_column fusion_builder_column_2_3  fusion-two-third fusion-column-last mosti-fragranze-col 2_3\"  style='margin-top:0px;margin-bottom:0px;width:66.66%;width:calc(66.66% - ( ( 4% ) * 0.6666 ) );'>\n\t\t\t\t\t<div class=\"fusion-column-wrapper\" style=\"padding: 100px 450px 80px 60px;background-position:left top;background-repeat:no-repeat;-webkit-background-size:cover;-moz-background-size:cover;-o-background-size:cover;background-size:cover;\"  data-bg-url=\"\">\n\t\t\t\t\t\t<div class=\"fusion-title title fusion-sep-none fusion-title-size-five\" style=\"margin-top:0px;margin-bottom:31px;\"><h5 class=\"title-heading-left\">Die Moste mit verschiedenen D\u00fcften mischen sich sorgf\u00e4ltig&#8230;<\/h5><\/div><div class=\"fusion-text\"><p><span style=\"color: #6a5500;\">&#8230;nach den alten traditionellen Rezepten unserer Familie, um ein perfektes Bouquet von Parfum zu erhalten. Das Kochen der Moste dauert viele Tage bei niedriger Temperatur.<\/span><\/p>\n<\/div><div class=\"fusion-text\"><p><span style=\"color: #6a5500;\">Dies ist unser Herbsttermin mit der Erneuerung alter Riten und intensivem Parfum, und die Erinnerung bleibt in allen Generationen, die diese Erfahrungen seit ihrer Geburt gemacht haben, unausl\u00f6schlich.<\/span><\/p>\n<\/div><div class=\"fusion-text\"><p><span style=\"color: #6a5500;\">Es gibt noch ein weiteres Geheimnis: die lange Reifezeit in verschiedenen Holzf\u00e4ssern. Hier verleiht jede Essenz einen besonderen Geschmack.<\/span><\/p>\n<p><span style=\"color: #6a5500;\">Das Kirschenholz vers\u00fc\u00dft den Geschmack, Kastanienholz verdunkelt den Essig, Maulbeerholz verdickt ihn, Wacholderholz verleiht eine aromatische, scharfe und edle Note w\u00e4hrend Eichenholz f\u00fcgt diesen besonderen Geschmack hinzu, der unsere Spezialit\u00e4ten unverkennbar macht.<\/span><\/p>\n<\/div><div class=\"fusion-clearfix\"><\/div>\n\n\t\t\t\t\t<\/div>\n\t\t\t\t<\/div><\/div><\/div><\/p>\n","protected":false},"excerpt":{"rendered":"","protected":false},"author":1,"featured_media":0,"parent":0,"menu_order":0,"comment_status":"closed","ping_status":"closed","template":"100-width.php","meta":{"footnotes":""},"class_list":["post-2","page","type-page","status-publish","hentry"],"_links":{"self":[{"href":"https:\/\/www.terradeltuono.it\/b2cde\/wp-json\/wp\/v2\/pages\/2","targetHints":{"allow":["GET"]}}],"collection":[{"href":"https:\/\/www.terradeltuono.it\/b2cde\/wp-json\/wp\/v2\/pages"}],"about":[{"href":"https:\/\/www.terradeltuono.it\/b2cde\/wp-json\/wp\/v2\/types\/page"}],"author":[{"embeddable":true,"href":"https:\/\/www.terradeltuono.it\/b2cde\/wp-json\/wp\/v2\/users\/1"}],"replies":[{"embeddable":true,"href":"https:\/\/www.terradeltuono.it\/b2cde\/wp-json\/wp\/v2\/comments?post=2"}],"version-history":[{"count":88,"href":"https:\/\/www.terradeltuono.it\/b2cde\/wp-json\/wp\/v2\/pages\/2\/revisions"}],"predecessor-version":[{"id":1358,"href":"https:\/\/www.terradeltuono.it\/b2cde\/wp-json\/wp\/v2\/pages\/2\/revisions\/1358"}],"wp:attachment":[{"href":"https:\/\/www.terradeltuono.it\/b2cde\/wp-json\/wp\/v2\/media?parent=2"}],"curies":[{"name":"wp","href":"https:\/\/api.w.org\/{rel}","templated":true}]}}