{"id":442,"date":"2018-06-19T11:16:49","date_gmt":"2018-06-19T09:16:49","guid":{"rendered":"http:\/\/www.terradeltuono.it\/b2c\/?post_type=product&#038;p=442"},"modified":"2018-07-20T11:38:48","modified_gmt":"2018-07-20T09:38:48","slug":"aceto-balsamico-di-modena-i-g-p-da-uve-biologiche","status":"publish","type":"product","link":"https:\/\/www.terradeltuono.it\/b2c\/prodotto\/aceto-balsamico-di-modena-i-g-p-da-uve-biologiche\/","title":{"rendered":"Aceto Balsamico di Modena I.G.P. Biologico \u2013 Densit\u00e0 1,20"},"content":{"rendered":"<div class=\"fusion-fullwidth fullwidth-box nonhundred-percent-fullwidth non-hundred-percent-height-scrolling\"  style='background-color: rgba(255,255,255,0);background-position: center center;background-repeat: no-repeat;padding-top:0px;padding-right:0px;padding-bottom:0px;padding-left:0px;'><div class=\"fusion-builder-row fusion-row \"><div  class=\"fusion-layout-column fusion_builder_column fusion_builder_column_1_1  fusion-one-full fusion-column-first fusion-column-last 1_1\"  style='margin-top:0px;margin-bottom:0px;'>\n\t\t\t\t\t<div class=\"fusion-column-wrapper\" style=\"padding: 0px 0px 0px 0px;background-position:left top;background-repeat:no-repeat;-webkit-background-size:cover;-moz-background-size:cover;-o-background-size:cover;background-size:cover;\"  data-bg-url=\"\">\n\t\t\t\t\t\t<div class=\"fusion-text\"><p>L\u2019Aceto Balsamico di Modena I.G.P. da Uve Biologiche, \u00e8 rigorosamente ottenuto dalla miscela di mosti concentrati e lungamente cotti di uve ed aceto di vino provenienti esclusivamente da agricoltura biologica.<\/p>\n<p>Il prodotto \u00e8 lungamente affinato in botti di rovere destinate al contenimento esclusivo dell\u2019Aceto Balsamico Biologico.<br \/>\n\u00c8 un prodotto di buon corpo e di ottimo sapore, con gusto avvolgente e persistente. Le eccezionali caratteristiche di bont\u00e0 derivano anche dalla alta qualit\u00e0 delle uve utilizzate, tutte rigorosamente italiane, nella nostra Acetaia.<\/p>\n<p>L\u2019Aceto Balsamico di Modena I.G.P., da Uve Biologiche \u00e8 ottimo sui risotti delicati e sui primi piatti con sughi di carne o di verdure. \u00c8 il miglior abbinamento alle carni rosse e bianche, soprattutto se poco cotte. Il suo contributo \u00e8 prezioso per insaporire i formaggi di media stagionatura. Si coniuga poi idealmente ai dessert ed ai gelati.<\/p>\n<\/div><div class=\"fusion-button-wrapper\"><style type=\"text\/css\" scoped=\"scoped\">.fusion-button.button-1 .fusion-button-text, .fusion-button.button-1 i {color:#000000;}.fusion-button.button-1 {border-width:1px;border-color:#000000;}.fusion-button.button-1 .fusion-button-icon-divider{border-color:#000000;}.fusion-button.button-1:hover .fusion-button-text, .fusion-button.button-1:hover i,.fusion-button.button-1:focus .fusion-button-text, .fusion-button.button-1:focus i,.fusion-button.button-1:active .fusion-button-text, .fusion-button.button-1:active{color:#000000;}.fusion-button.button-1:hover, .fusion-button.button-1:focus, .fusion-button.button-1:active{border-width:1px;border-color:#000000;}.fusion-button.button-1:hover .fusion-button-icon-divider, .fusion-button.button-1:hover .fusion-button-icon-divider, .fusion-button.button-1:active .fusion-button-icon-divider{border-color:#000000;}.fusion-button.button-1{width:auto;}<\/style><a class=\"fusion-button button-flat fusion-button-square button-medium button-default button-1\" target=\"_blank\" rel=\"noopener noreferrer\" href=\"http:\/\/www.terradeltuono.it\/b2c\/wp-content\/uploads\/sites\/3\/2018\/07\/AR250BIOSRE.pdf\"><i class=\"fa fa-file-pdf-o button-icon-left\"><\/i><span class=\"fusion-button-text\">scheda tecnica<\/span><\/a><\/div><div class=\"fusion-sep-clear\"><\/div><div class=\"fusion-separator sep-single sep-solid\" style=\"border-color:#666666;border-top-width:3px;margin-top:30px;margin-bottom:50px;width:100%;max-width:90px;\"><\/div><ul class=\"fusion-checklist fusion-checklist-1\" style=\"font-size:13px;line-height:22.1px;\"><li class=\"fusion-li-item\"><span style=\"height:22.1px;width:22.1px;margin-right:9.1px;\" class=\"icon-wrapper circle-no\"><i class=\"fusion-li-icon fa fa-adjust\" style=\"color:#666666;\"><\/i><\/span><div class=\"fusion-li-item-content\" style=\"margin-left:31.2px;\">\n<p><strong>Colore:<\/strong> nero intenso.<\/p>\n<\/div><\/li><li class=\"fusion-li-item\"><span style=\"height:22.1px;width:22.1px;margin-right:9.1px;\" class=\"icon-wrapper circle-no\"><i class=\"fusion-li-icon fa fa-fire\" style=\"color:#666666;\"><\/i><\/span><div class=\"fusion-li-item-content\" style=\"margin-left:31.2px;\"><strong>Olfatto:\u00a0<\/strong>di buona persistenza aromatica, ha profumi intensi di uve mature, con spiccate note fruttate.<\/div><\/li><li class=\"fusion-li-item\"><span style=\"height:22.1px;width:22.1px;margin-right:9.1px;\" class=\"icon-wrapper circle-no\"><i class=\"fusion-li-icon fa fa-cutlery\" style=\"color:#666666;\"><\/i><\/span><div class=\"fusion-li-item-content\" style=\"margin-left:31.2px;\"><strong>Gusto:\u00a0<\/strong> il sapore \u00e8 morbido e profondo, di buon corpo, con gusti avvolgenti e persistenti.<\/div><\/li><li class=\"fusion-li-item\"><span style=\"height:22.1px;width:22.1px;margin-right:9.1px;\" class=\"icon-wrapper circle-no\"><i class=\"fusion-li-icon fa fa-tint\" style=\"color:#666666;\"><\/i><\/span><div class=\"fusion-li-item-content\" style=\"margin-left:31.2px;\">\n<p><strong>Densit\u00e0:<\/strong>\u00a01,20 circa<\/p>\n<\/div><\/li><li class=\"fusion-li-item\"><span style=\"height:22.1px;width:22.1px;margin-right:9.1px;\" class=\"icon-wrapper circle-no\"><i class=\"fusion-li-icon fa fa-map-pin\" style=\"color:#666666;\"><\/i><\/span><div class=\"fusion-li-item-content\" style=\"margin-left:31.2px;\">\n<p><strong>Acidit\u00e0:<\/strong>\u00a06%<\/p>\n<\/div><\/li><li class=\"fusion-li-item\"><span style=\"height:22.1px;width:22.1px;margin-right:9.1px;\" class=\"icon-wrapper circle-no\"><i class=\"fusion-li-icon fa fa-leaf\" style=\"color:#666666;\"><\/i><\/span><div class=\"fusion-li-item-content\" style=\"margin-left:31.2px;\">\n<p><strong>Invecchiamento:<\/strong>\u00a0affinato in botti di rovere<\/p>\n<\/div><\/li><li class=\"fusion-li-item\"><span style=\"height:22.1px;width:22.1px;margin-right:9.1px;\" class=\"icon-wrapper circle-no\"><i class=\"fusion-li-icon fa fa-tachometer\" style=\"color:#666666;\"><\/i><\/span><div class=\"fusion-li-item-content\" style=\"margin-left:31.2px;\"><strong>Ingredienti:<\/strong>\u00a0mosto d\u2019uva cotto Biologico, aceto di vino biologico. <strong>Contiene Solfiti<\/strong><\/div><\/li><\/ul><div class=\"fusion-clearfix\"><\/div>\n\n\t\t\t\t\t<\/div>\n\t\t\t\t<\/div><\/div><\/div>\n","protected":false},"excerpt":{"rendered":"","protected":false},"featured_media":443,"comment_status":"open","ping_status":"closed","template":"","meta":[],"class_list":{"0":"post-442","1":"product","2":"type-product","3":"status-publish","4":"has-post-thumbnail","6":"product_cat-aceti-condimenti","7":"product-grid-view","9":"first","10":"instock","11":"shipping-taxable","12":"product-type-simple"},"_links":{"self":[{"href":"https:\/\/www.terradeltuono.it\/b2c\/wp-json\/wp\/v2\/product\/442","targetHints":{"allow":["GET"]}}],"collection":[{"href":"https:\/\/www.terradeltuono.it\/b2c\/wp-json\/wp\/v2\/product"}],"about":[{"href":"https:\/\/www.terradeltuono.it\/b2c\/wp-json\/wp\/v2\/types\/product"}],"replies":[{"embeddable":true,"href":"https:\/\/www.terradeltuono.it\/b2c\/wp-json\/wp\/v2\/comments?post=442"}],"wp:featuredmedia":[{"embeddable":true,"href":"https:\/\/www.terradeltuono.it\/b2c\/wp-json\/wp\/v2\/media\/443"}],"wp:attachment":[{"href":"https:\/\/www.terradeltuono.it\/b2c\/wp-json\/wp\/v2\/media?parent=442"}],"curies":[{"name":"wp","href":"https:\/\/api.w.org\/{rel}","templated":true}]}}