{"id":1405,"date":"2021-04-27T15:12:29","date_gmt":"2021-04-27T13:12:29","guid":{"rendered":"http:\/\/www.terradeltuono.it\/b2c\/?post_type=product&#038;p=1405"},"modified":"2021-04-30T11:33:17","modified_gmt":"2021-04-30T09:33:17","slug":"scatola-regalo-cuore-balsamico-invecchiato-e-bianco","status":"publish","type":"product","link":"https:\/\/www.terradeltuono.it\/b2c\/prodotto\/scatola-regalo-cuore-balsamico-invecchiato-e-bianco\/","title":{"rendered":"Scatola Regalo Cuore Balsamico &#8211; Invecchiato e Bianco"},"content":{"rendered":"<div class=\"fusion-fullwidth fullwidth-box nonhundred-percent-fullwidth non-hundred-percent-height-scrolling\"  style='background-color: rgba(255,255,255,0);background-position: center center;background-repeat: no-repeat;padding-top:0px;padding-right:0px;padding-bottom:0px;padding-left:0px;'><div class=\"fusion-builder-row fusion-row \"><div  class=\"fusion-layout-column fusion_builder_column fusion_builder_column_1_1  fusion-one-full fusion-column-first fusion-column-last 1_1\"  style='margin-top:0px;margin-bottom:0px;'>\n\t\t\t\t\t<div class=\"fusion-column-wrapper\" style=\"padding: 0px 0px 0px 0px;background-position:left top;background-repeat:no-repeat;-webkit-background-size:cover;-moz-background-size:cover;-o-background-size:cover;background-size:cover;\"  data-bg-url=\"\">\n\t\t\t\t\t\t<div class=\"fusion-text\"><p>L\u2019elegante confezione regalo\u00a0<strong>Cuore Balsamico\u00a0<\/strong>contiene al suo interno il nostro pregiato Aceto Balsamico di Modena IGP Invecchiato ed il nostro speciale Condimento Bianco Balsamico.<\/p>\n<p>Il primo presenta le caratteristiche uniche del miglior Aceto Balsamico di Modena IGP con un\u2019ottima densit\u00e0, un colore nero scuro ed un gusto pieno,\u00a0generoso e tendenzialmente morbido, ricco di sapori e di notevole persistenza gustativa.<\/p>\n<p>Ad accompagnare questa eccellenza, non poteva mancare il nostro Condimento Bianco Balsamico. Unico nel suo genere per il sapore fruttato e fresco dato dalla particolare tipologie di uve bianche utilizzate: Spergola e Trebbiano. Il Bianco \u00e8 un condimento di colore ambrato, limpido e trasparente, perfetto per conservare il colore originario di ogni piatto e dargli un tocco unico ed indimenticabile.<\/p>\n<p>Contiene due bottiglie da 250ml cadauna.<\/p>\n<\/div><div class=\"fusion-button-wrapper\"><style type=\"text\/css\" scoped=\"scoped\">.fusion-button.button-1{width:auto;}<\/style><a class=\"fusion-button button-3d fusion-button-square button-medium button-orange button-1\" target=\"_self\" href=\"https:\/\/shop.terradeltuono.it\/prodotto\/confezione-regalo-cuore-balsamico-aceto-balsamico-di-modena-igp-invecchiato-e-condimento-bianco-balsamico\/\"><i class=\"fa fa-star button-icon-left\"><\/i><span class=\"fusion-button-text\">ACQUISTALO ONLINE<\/span><\/a><\/div><div class=\"fusion-button-wrapper\"><style type=\"text\/css\" scoped=\"scoped\">.fusion-button.button-2 .fusion-button-text, .fusion-button.button-2 i {color:#000000;}.fusion-button.button-2 {border-width:1px;border-color:#000000;}.fusion-button.button-2 .fusion-button-icon-divider{border-color:#000000;}.fusion-button.button-2:hover .fusion-button-text, .fusion-button.button-2:hover i,.fusion-button.button-2:focus .fusion-button-text, .fusion-button.button-2:focus i,.fusion-button.button-2:active .fusion-button-text, .fusion-button.button-2:active{color:#000000;}.fusion-button.button-2:hover, .fusion-button.button-2:focus, .fusion-button.button-2:active{border-width:1px;border-color:#000000;}.fusion-button.button-2:hover .fusion-button-icon-divider, .fusion-button.button-2:hover .fusion-button-icon-divider, .fusion-button.button-2:active .fusion-button-icon-divider{border-color:#000000;}.fusion-button.button-2{width:auto;}<\/style><a class=\"fusion-button button-flat fusion-button-square button-medium button-default button-2\" target=\"_blank\" rel=\"noopener noreferrer\" href=\"https:\/\/shop.terradeltuono.it\/wp-content\/uploads\/2021\/03\/CUOREBALSAMICO2NB.pdf\"><i class=\"fa fa-file-pdf-o button-icon-left\"><\/i><span class=\"fusion-button-text\">scheda tecnica<\/span><\/a><\/div><div class=\"fusion-sep-clear\"><\/div><div class=\"fusion-separator sep-single sep-solid\" style=\"border-color:#666666;border-top-width:3px;margin-top:30px;margin-bottom:50px;width:100%;max-width:90px;\"><\/div><ul class=\"fusion-checklist fusion-checklist-1\" style=\"font-size:13px;line-height:22.1px;\"><li class=\"fusion-li-item\"><span style=\"height:22.1px;width:22.1px;margin-right:9.1px;\" class=\"icon-wrapper circle-no\"><i class=\"fusion-li-icon fa fa-tachometer\" style=\"color:#666666;\"><\/i><\/span><div class=\"fusion-li-item-content\" style=\"margin-left:31.2px;\">\n<p><strong>Contenuto della confezione:\u00a0<\/strong>Aceto Balsamico di Modena IGP Invecchiato \u2013 Densit\u00e0 1.34 (250 ml) e Condimento Bianco Balsamico (250 ml)<\/p>\n<\/div><\/li><li class=\"fusion-li-item\"><span style=\"height:22.1px;width:22.1px;margin-right:9.1px;\" class=\"icon-wrapper circle-no\"><i class=\"fusion-li-icon fa fa-tachometer\" style=\"color:#666666;\"><\/i><\/span><div class=\"fusion-li-item-content\" style=\"margin-left:31.2px;\">\n<p><strong>Ingredienti Aceto Balsamico di Modena IGP Invecchiato:<\/strong>\u00a0Mosto cotto, aceto di vino. Prodotto con mosti di sole uve italiane di alta qualit\u00e0, naturale al 100%. Non contiene coloranti, addensanti, conservanti n\u00e8 caramelli.\u00a0<strong>Contiene solfiti.<\/strong><\/p>\n<\/div><\/li><li class=\"fusion-li-item\"><span style=\"height:22.1px;width:22.1px;margin-right:9.1px;\" class=\"icon-wrapper circle-no\"><i class=\"fusion-li-icon fa fa-tachometer\" style=\"color:#666666;\"><\/i><\/span><div class=\"fusion-li-item-content\" style=\"margin-left:31.2px;\">\n<p><strong>Ingredienti Condimento Balsamico Bianco:\u00a0<\/strong>Mosto concentrato da uve bianche italiane, aceto di vino bianco.\u00a0<strong>Contiene solfiti<\/strong>. \u00c8 una specialit\u00e0 gastronomica di alta qualit\u00e0, naturale al 100%.\u00a0Non contiene coloranti, n\u00e9 addensanti, n\u00e9 conservanti, n\u00e9 caramelli.<\/p>\n<\/div><\/li><\/ul><div class=\"fusion-clearfix\"><\/div>\n\n\t\t\t\t\t<\/div>\n\t\t\t\t<\/div><\/div><\/div>\n","protected":false},"excerpt":{"rendered":"","protected":false},"featured_media":1401,"comment_status":"open","ping_status":"closed","template":"","meta":[],"class_list":{"0":"post-1405","1":"product","2":"type-product","3":"status-publish","4":"has-post-thumbnail","6":"product_cat-scatole-regalo","7":"product-grid-view","9":"first","10":"instock","11":"shipping-taxable","12":"product-type-simple"},"_links":{"self":[{"href":"https:\/\/www.terradeltuono.it\/b2c\/wp-json\/wp\/v2\/product\/1405","targetHints":{"allow":["GET"]}}],"collection":[{"href":"https:\/\/www.terradeltuono.it\/b2c\/wp-json\/wp\/v2\/product"}],"about":[{"href":"https:\/\/www.terradeltuono.it\/b2c\/wp-json\/wp\/v2\/types\/product"}],"replies":[{"embeddable":true,"href":"https:\/\/www.terradeltuono.it\/b2c\/wp-json\/wp\/v2\/comments?post=1405"}],"wp:featuredmedia":[{"embeddable":true,"href":"https:\/\/www.terradeltuono.it\/b2c\/wp-json\/wp\/v2\/media\/1401"}],"wp:attachment":[{"href":"https:\/\/www.terradeltuono.it\/b2c\/wp-json\/wp\/v2\/media?parent=1405"}],"curies":[{"name":"wp","href":"https:\/\/api.w.org\/{rel}","templated":true}]}}