{"id":1164,"date":"2019-07-17T15:59:57","date_gmt":"2019-07-17T13:59:57","guid":{"rendered":"http:\/\/www.terradeltuono.it\/b2c\/prodotto\/natale-bianco-2\/"},"modified":"2019-07-18T10:00:56","modified_gmt":"2019-07-18T08:00:56","slug":"natale-bianco-2","status":"publish","type":"product","link":"https:\/\/www.terradeltuono.it\/b2c\/prodotto\/natale-bianco-2\/","title":{"rendered":"Natale Bianco<br>Condimento Bianco"},"content":{"rendered":"<div class=\"fusion-fullwidth fullwidth-box nonhundred-percent-fullwidth non-hundred-percent-height-scrolling\"  style='background-color: rgba(255,255,255,0);background-position: center center;background-repeat: no-repeat;padding-top:0px;padding-right:0px;padding-bottom:0px;padding-left:0px;'><div class=\"fusion-builder-row fusion-row \"><div  class=\"fusion-layout-column fusion_builder_column fusion_builder_column_1_1  fusion-one-full fusion-column-first fusion-column-last 1_1\"  style='margin-top:0px;margin-bottom:0px;'>\n\t\t\t\t\t<div class=\"fusion-column-wrapper\" style=\"padding: 0px 0px 0px 0px;background-position:left top;background-repeat:no-repeat;-webkit-background-size:cover;-moz-background-size:cover;-o-background-size:cover;background-size:cover;\"  data-bg-url=\"\">\n\t\t\t\t\t\t<div class=\"fusion-text\"><p>Il Bianco, nella sua edizione natalizia, \u00e8 un pregiato condimento agrodolce di uve bianche le cui origini risalgono alla Tradizione Modenese. Viene ottenuto dal\u00a0mosto concentrato di sole uve bianche, in prevalenza Malvasia, Spergola e Trebbiano, miscelato sapientemente con il pi\u00f9 pregiato aceto di vino bianco ben maturo.<\/p>\n<p>Il Natale Bianco \u00e8 un\u00a0condimento di colore ambrato, limpido e trasparente. Il sapore \u00e8 agrodolce, con gradevole accentuazione del tono agro. L\u2019acidit\u00e0 volatile \u00e8 pronunciata, il palato percepisce una\u00a0piacevole aggressivit\u00e0.<\/p>\n<p>Il Natale Bianco ha un profumo spiccato che si accompagna ad una buona acidit\u00e0. Il colore chiaro e trasparente lo fa preferire per conservare il colore originario del piatto pur\u00a0conferendo una nota particolare e agrodolce all\u2019insieme. Si abbina perfettamente alle insalate ed alle verdure fresche in pinzimonio.<\/p>\n<p>\u00c8 ottimo sui piatti di mare, sui pesci e\u00a0sulle carni bianche.<\/p>\n<\/div><div class=\"fusion-button-wrapper\"><style type=\"text\/css\" scoped=\"scoped\">.fusion-button.button-1 .fusion-button-text, .fusion-button.button-1 i {color:#000000;}.fusion-button.button-1 {border-width:1px;border-color:#000000;}.fusion-button.button-1 .fusion-button-icon-divider{border-color:#000000;}.fusion-button.button-1:hover .fusion-button-text, .fusion-button.button-1:hover i,.fusion-button.button-1:focus .fusion-button-text, .fusion-button.button-1:focus i,.fusion-button.button-1:active .fusion-button-text, .fusion-button.button-1:active{color:#000000;}.fusion-button.button-1:hover, .fusion-button.button-1:focus, .fusion-button.button-1:active{border-width:1px;border-color:#000000;}.fusion-button.button-1:hover .fusion-button-icon-divider, .fusion-button.button-1:hover .fusion-button-icon-divider, .fusion-button.button-1:active .fusion-button-icon-divider{border-color:#000000;}.fusion-button.button-1{width:auto;}<\/style><a class=\"fusion-button button-flat fusion-button-square button-medium button-default button-1\" target=\"_blank\" rel=\"noopener noreferrer\" href=\"http:\/\/www.terradeltuono.it\/b2b\/wp-content\/uploads\/sites\/2\/2018\/07\/NATALEBIANCO.pdf\"><i class=\"fa fa-file-pdf-o button-icon-left\"><\/i><span class=\"fusion-button-text\">scheda tecnica<\/span><\/a><\/div><div class=\"fusion-sep-clear\"><\/div><div class=\"fusion-separator sep-single sep-solid\" style=\"border-color:#cccccc;border-top-width:3px;margin-top:30px;margin-bottom:50px;width:100%;max-width:90px;\"><\/div><ul class=\"fusion-checklist fusion-checklist-1\" style=\"font-size:13px;line-height:22.1px;\"><li class=\"fusion-li-item\"><span style=\"height:22.1px;width:22.1px;margin-right:9.1px;\" class=\"icon-wrapper circle-no\"><i class=\"fusion-li-icon fa fa-adjust\" style=\"color:#666666;\"><\/i><\/span><div class=\"fusion-li-item-content\" style=\"margin-left:31.2px;\">\n<p><strong>Colore:\u00a0<\/strong>limpido e trasparente, il tono antico di ambra dorata.<\/p>\n<\/div><\/li><li class=\"fusion-li-item\"><span style=\"height:22.1px;width:22.1px;margin-right:9.1px;\" class=\"icon-wrapper circle-no\"><i class=\"fusion-li-icon fa fa-fire\" style=\"color:#666666;\"><\/i><\/span><div class=\"fusion-li-item-content\" style=\"margin-left:31.2px;\">\n<p><strong>Olfatto:\u00a0<\/strong>il profumo \u00e8 netto, intenso e persistente, con sentori d\u2019uva fruttata, piacevolmente agri.<\/p>\n<\/div><\/li><li class=\"fusion-li-item\"><span style=\"height:22.1px;width:22.1px;margin-right:9.1px;\" class=\"icon-wrapper circle-no\"><i class=\"fusion-li-icon fa fa-cutlery\" style=\"color:#666666;\"><\/i><\/span><div class=\"fusion-li-item-content\" style=\"margin-left:31.2px;\">\n<p><strong>Gusto:\u00a0<\/strong>il sapore \u00e8 dolce, vivace ma molto equilibrato. Di grande persistenza in bocca, la sensazione di acidit\u00e0 volatile \u00e8 pronunciata pur conservando\u00a0un piacevole sentore di dolcezza.<\/p>\n<\/div><\/li><li class=\"fusion-li-item\"><span style=\"height:22.1px;width:22.1px;margin-right:9.1px;\" class=\"icon-wrapper circle-no\"><i class=\"fusion-li-icon fa fa-tint\" style=\"color:#666666;\"><\/i><\/span><div class=\"fusion-li-item-content\" style=\"margin-left:31.2px;\">\n<p><strong>Densit\u00e0:<\/strong>\u00a01.20 circa<\/p>\n<\/div><\/li><li class=\"fusion-li-item\"><span style=\"height:22.1px;width:22.1px;margin-right:9.1px;\" class=\"icon-wrapper circle-no\"><i class=\"fusion-li-icon fa fa-clock-o\" style=\"color:#666666;\"><\/i><\/span><div class=\"fusion-li-item-content\" style=\"margin-left:31.2px;\">\n<p><strong>Invecchiamento:\u00a0<\/strong>brevemente in pregiate botti di rovere bianco<\/p>\n<\/div><\/li><li class=\"fusion-li-item\"><span style=\"height:22.1px;width:22.1px;margin-right:9.1px;\" class=\"icon-wrapper circle-no\"><i class=\"fusion-li-icon fa fa-tachometer\" style=\"color:#666666;\"><\/i><\/span><div class=\"fusion-li-item-content\" style=\"margin-left:31.2px;\">\n<p><strong>Ingredienti:<\/strong>\u00a0mosti concentrati di uve bianche, aceto di vino, affinati brevemente in pregiate botti di rovere bianco. Prodotto artigianale di alta qualit\u00e0, naturale al 100%, non contiene coloranti, n\u00e9 addensanti, conservanti o caramelli.<\/p>\n<\/div><\/li><\/ul><div class=\"fusion-clearfix\"><\/div>\n\n\t\t\t\t\t<\/div>\n\t\t\t\t<\/div><\/div><\/div>\n","protected":false},"excerpt":{"rendered":"","protected":false},"featured_media":1165,"comment_status":"open","ping_status":"closed","template":"","meta":[],"class_list":{"0":"post-1164","1":"product","2":"type-product","3":"status-publish","4":"has-post-thumbnail","6":"product_cat-bottiglie-sleeverate","7":"product-grid-view","9":"first","10":"instock","11":"shipping-taxable","12":"product-type-simple"},"_links":{"self":[{"href":"https:\/\/www.terradeltuono.it\/b2c\/wp-json\/wp\/v2\/product\/1164","targetHints":{"allow":["GET"]}}],"collection":[{"href":"https:\/\/www.terradeltuono.it\/b2c\/wp-json\/wp\/v2\/product"}],"about":[{"href":"https:\/\/www.terradeltuono.it\/b2c\/wp-json\/wp\/v2\/types\/product"}],"replies":[{"embeddable":true,"href":"https:\/\/www.terradeltuono.it\/b2c\/wp-json\/wp\/v2\/comments?post=1164"}],"wp:featuredmedia":[{"embeddable":true,"href":"https:\/\/www.terradeltuono.it\/b2c\/wp-json\/wp\/v2\/media\/1165"}],"wp:attachment":[{"href":"https:\/\/www.terradeltuono.it\/b2c\/wp-json\/wp\/v2\/media?parent=1164"}],"curies":[{"name":"wp","href":"https:\/\/api.w.org\/{rel}","templated":true}]}}