{"id":467,"date":"2019-07-02T12:09:38","date_gmt":"2019-07-02T10:09:38","guid":{"rendered":"http:\/\/terradeltuono.it\/b2bfr\/prodotto\/balsamico-100-mela-versione-gialla-2\/"},"modified":"2020-07-10T18:24:23","modified_gmt":"2020-07-10T16:24:23","slug":"condiment-aigre-doux-100-pomme-version-jaune","status":"publish","type":"product","link":"https:\/\/www.terradeltuono.it\/b2bfr\/prodotto\/condiment-aigre-doux-100-pomme-version-jaune\/","title":{"rendered":"Condiment aigre-doux 100% pomme &#8211; Version jaune"},"content":{"rendered":"<div class=\"fusion-fullwidth fullwidth-box nonhundred-percent-fullwidth non-hundred-percent-height-scrolling\"  style='background-color: rgba(255,255,255,0);background-position: center center;background-repeat: no-repeat;padding-top:0px;padding-right:0px;padding-bottom:0px;padding-left:0px;'><div class=\"fusion-builder-row fusion-row \"><div  class=\"fusion-layout-column fusion_builder_column fusion_builder_column_1_1  fusion-one-full fusion-column-first fusion-column-last 1_1\"  style='margin-top:0px;margin-bottom:0px;'>\n\t\t\t\t\t<div class=\"fusion-column-wrapper\" style=\"padding: 0px 0px 0px 0px;background-position:left top;background-repeat:no-repeat;-webkit-background-size:cover;-moz-background-size:cover;-o-background-size:cover;background-size:cover;\"  data-bg-url=\"\">\n\t\t\t\t\t\t<div class=\"fusion-text\"><p>Obtenu \u00e0 partir d&rsquo;un processus artisanal de vieillissement et acidification du mo\u00fbt de pomme concentr\u00e9, le condiment aigre-doux \u00e0 la pomme, version jaune a un ar\u00f4me intense et un d\u00e9licieux go\u00fbt frais et fruit\u00e9, typique de la pomme jaune.<\/p>\n<p>Produit avec des ingr\u00e9dients hautement s\u00e9lectionn\u00e9s et un processus de fermentation enti\u00e8rement naturel, le r\u00e9sultat est un produit avec un go\u00fbt sp\u00e9cial &#8230; une v\u00e9ritable exp\u00e9rience pour le palais\u00a0!<\/p>\n<p>Notre condiment aigre-doux \u00e0 la pomme &#8211; version jaune est d\u00e9licieux avec des ap\u00e9ritifs et du risotto. C&rsquo;est l&rsquo;assaisonnement parfait pour le porc et les viandes blanches.<\/p>\n<p>D\u00e9licieux avec des l\u00e9gumes, des fruits, des salades de fruits et des desserts, il est parfait pour les fromages frais et affin\u00e9s.<\/p>\n<\/div><div class=\"fusion-button-wrapper\"><style type=\"text\/css\" scoped=\"scoped\">.fusion-button.button-1 .fusion-button-text, .fusion-button.button-1 i {color:#000000;}.fusion-button.button-1 {border-width:1px;border-color:#000000;}.fusion-button.button-1 .fusion-button-icon-divider{border-color:#000000;}.fusion-button.button-1:hover .fusion-button-text, .fusion-button.button-1:hover i,.fusion-button.button-1:focus .fusion-button-text, .fusion-button.button-1:focus i,.fusion-button.button-1:active .fusion-button-text, .fusion-button.button-1:active{color:#000000;}.fusion-button.button-1:hover, .fusion-button.button-1:focus, .fusion-button.button-1:active{border-width:1px;border-color:#000000;}.fusion-button.button-1:hover .fusion-button-icon-divider, .fusion-button.button-1:hover .fusion-button-icon-divider, .fusion-button.button-1:active .fusion-button-icon-divider{border-color:#000000;}.fusion-button.button-1{width:auto;}<\/style><a class=\"fusion-button button-flat fusion-button-square button-medium button-default button-1\" target=\"_blank\" rel=\"noopener noreferrer\" href=\"http:\/\/www.terradeltuono.it\/wp-content\/uploads\/2018\/11\/ME250YEL.pdf\"><i class=\"fa fa-file-pdf-o button-icon-left\"><\/i><span class=\"fusion-button-text\">FICHE PRODUIT<\/span><\/a><\/div><div class=\"fusion-sep-clear\"><\/div><div class=\"fusion-separator sep-single sep-solid\" style=\"border-color:#666666;border-top-width:3px;margin-top:30px;margin-bottom:50px;width:100%;max-width:90px;\"><\/div><ul class=\"fusion-checklist fusion-checklist-1\" style=\"font-size:13px;line-height:22.1px;\"><li class=\"fusion-li-item\"><span style=\"height:22.1px;width:22.1px;margin-right:9.1px;\" class=\"icon-wrapper circle-no\"><i class=\"fusion-li-icon fa fa-adjust\" style=\"color:#666666;\"><\/i><\/span><div class=\"fusion-li-item-content\" style=\"margin-left:31.2px;\"><strong>Couleur\u00a0:<\/strong>  Clair, avec des reflets ambr\u00e9s, couleur claire.<\/div><\/li><li class=\"fusion-li-item\"><span style=\"height:22.1px;width:22.1px;margin-right:9.1px;\" class=\"icon-wrapper circle-no\"><i class=\"fusion-li-icon fa fa-fire\" style=\"color:#666666;\"><\/i><\/span><div class=\"fusion-li-item-content\" style=\"margin-left:31.2px;\"><strong>Caract\u00e9ristiques olfactives:\u00a0<\/strong> Parfum intense et persistant de pomme.<\/div><\/li><li class=\"fusion-li-item\"><span style=\"height:22.1px;width:22.1px;margin-right:9.1px;\" class=\"icon-wrapper circle-no\"><i class=\"fusion-li-icon fa fa-cutlery\" style=\"color:#666666;\"><\/i><\/span><div class=\"fusion-li-item-content\" style=\"margin-left:31.2px;\"><strong>Go\u00fbt\u00a0: \u00a0<\/strong> Chaud et enveloppant, avec une saveur de pomme intense, persistante et fra\u00eeche.<\/div><\/li><li class=\"fusion-li-item\"><span style=\"height:22.1px;width:22.1px;margin-right:9.1px;\" class=\"icon-wrapper circle-no\"><i class=\"fusion-li-icon fa fa-tint\" style=\"color:#666666;\"><\/i><\/span><div class=\"fusion-li-item-content\" style=\"margin-left:31.2px;\"><strong>Densit\u00e9\u00a0:<\/strong>\u00a0Environ 1.16<\/div><\/li><li class=\"fusion-li-item\"><span style=\"height:22.1px;width:22.1px;margin-right:9.1px;\" class=\"icon-wrapper circle-no\"><i class=\"fusion-li-icon fa fa-map-pin\" style=\"color:#666666;\"><\/i><\/span><div class=\"fusion-li-item-content\" style=\"margin-left:31.2px;\"><strong>Acidit\u00e9\u00a0:<\/strong>\u00a05%<\/div><\/li><li class=\"fusion-li-item\"><span style=\"height:22.1px;width:22.1px;margin-right:9.1px;\" class=\"icon-wrapper circle-no\"><i class=\"fusion-li-icon fa fa-leaf\" style=\"color:#666666;\"><\/i><\/span><div class=\"fusion-li-item-content\" style=\"margin-left:31.2px;\"><strong>Vieillissement\u00a0: <\/strong>\u00a0Vieilli en f\u00fbts de bois.<\/div><\/li><li class=\"fusion-li-item\"><span style=\"height:22.1px;width:22.1px;margin-right:9.1px;\" class=\"icon-wrapper circle-no\"><i class=\"fusion-li-icon fa fa-tachometer\" style=\"color:#666666;\"><\/i><\/span><div class=\"fusion-li-item-content\" style=\"margin-left:31.2px;\"><strong>Ingr\u00e9dients\u00a0:<\/strong>  Jus de pomme concentr\u00e9, jus de pomme ac\u00e9tifi\u00e9, eau, ar\u00f4me naturel. Contient des sulfites.<\/div><\/li><\/ul><div class=\"fusion-clearfix\"><\/div>\n\n\t\t\t\t\t<\/div>\n\t\t\t\t<\/div><\/div><\/div>\n","protected":false},"excerpt":{"rendered":"","protected":false},"featured_media":468,"template":"","meta":[],"class_list":{"0":"post-467","1":"product","2":"type-product","3":"status-publish","4":"has-post-thumbnail","6":"product_cat-100-pomme","7":"product-grid-view","9":"first","10":"instock","11":"shipping-taxable","12":"product-type-simple"},"_links":{"self":[{"href":"https:\/\/www.terradeltuono.it\/b2bfr\/wp-json\/wp\/v2\/product\/467","targetHints":{"allow":["GET"]}}],"collection":[{"href":"https:\/\/www.terradeltuono.it\/b2bfr\/wp-json\/wp\/v2\/product"}],"about":[{"href":"https:\/\/www.terradeltuono.it\/b2bfr\/wp-json\/wp\/v2\/types\/product"}],"wp:featuredmedia":[{"embeddable":true,"href":"https:\/\/www.terradeltuono.it\/b2bfr\/wp-json\/wp\/v2\/media\/468"}],"wp:attachment":[{"href":"https:\/\/www.terradeltuono.it\/b2bfr\/wp-json\/wp\/v2\/media?parent=467"}],"curies":[{"name":"wp","href":"https:\/\/api.w.org\/{rel}","templated":true}]}}