{"id":199,"date":"2018-06-19T17:21:30","date_gmt":"2018-06-19T15:21:30","guid":{"rendered":"http:\/\/terradeltuono.it\/b2bfr\/prodotto\/aceto-balsamico-tradizionale-di-reggio-emilia-etichetta-aragosta\/"},"modified":"2020-07-31T10:43:01","modified_gmt":"2020-07-31T08:43:01","slug":"vinaigre-balsamique-traditionnel-de-reggio-emilia-etiquette-rouge","status":"publish","type":"product","link":"https:\/\/www.terradeltuono.it\/b2bfr\/prodotto\/vinaigre-balsamique-traditionnel-de-reggio-emilia-etiquette-rouge\/","title":{"rendered":"Vinaigre Balsamique Traditionnel de Reggio Emilia &#8211; \u00c9tiquette Rouge"},"content":{"rendered":"<div class=\"fusion-fullwidth fullwidth-box nonhundred-percent-fullwidth non-hundred-percent-height-scrolling\"  style='background-color: rgba(255,255,255,0);background-position: center center;background-repeat: no-repeat;padding-top:0px;padding-right:0px;padding-bottom:0px;padding-left:0px;'><div class=\"fusion-builder-row fusion-row \"><div  class=\"fusion-layout-column fusion_builder_column fusion_builder_column_1_1  fusion-one-full fusion-column-first fusion-column-last 1_1\"  style='margin-top:0px;margin-bottom:0px;'>\n\t\t\t\t\t<div class=\"fusion-column-wrapper\" style=\"padding: 0px 0px 0px 0px;background-position:left top;background-repeat:no-repeat;-webkit-background-size:cover;-moz-background-size:cover;-o-background-size:cover;background-size:cover;\"  data-bg-url=\"\">\n\t\t\t\t\t\t<div class=\"fusion-text\"><p>Le vinaigre balsamique traditionnel de Reggio Emilia Terra del Tuono \u00c9tiquette Rouge a \u00e9t\u00e9 vieilli en petits f\u00fbts de bois diff\u00e9rents, pendant une p\u00e9riode d&rsquo;au moins 12 ans. Les f\u00fbts de ch\u00eane, de ch\u00e2taignier, de m\u00fbrier, de cerisier, de fr\u00eane et de gen\u00e9vrier sont principalement utilis\u00e9s, chacun donnant un ar\u00f4me particulier.<\/p>\n<p>Le r\u00e9sultat est un produit aigre-doux, avec des sensations d&rsquo;acidit\u00e9 volatile encore bien marqu\u00e9es, mais n\u00e9anmoins d\u00e9j\u00e0 att\u00e9nu\u00e9es par la douceur des sucres contenus dans le mo\u00fbt de raisin cuit.<\/p>\n<p>Le \u201cLabel Rouge \u00a0\u00bb gr\u00e2ce \u00e0 son ar\u00f4me d\u00e9licat et \u00e0 sa douce acidit\u00e9 caract\u00e9ristique, il peut enrichir carpaccio, salades. Il est utilis\u00e9 pour aromatiser les crustac\u00e9s, les c\u00f4telettes d&rsquo;agneau, les blancs de poulet et les viandes rouges saignantes.<\/p>\n<p>Il convient \u00e9galement \u00e0 la pr\u00e9paration de fonds de sauce pour le gibier.<\/p>\n<\/div><div class=\"fusion-button-wrapper\"><style type=\"text\/css\" scoped=\"scoped\">.fusion-button.button-1 .fusion-button-text, .fusion-button.button-1 i {color:#000000;}.fusion-button.button-1 {border-width:1px;border-color:#000000;}.fusion-button.button-1 .fusion-button-icon-divider{border-color:#000000;}.fusion-button.button-1:hover .fusion-button-text, .fusion-button.button-1:hover i,.fusion-button.button-1:focus .fusion-button-text, .fusion-button.button-1:focus i,.fusion-button.button-1:active .fusion-button-text, .fusion-button.button-1:active{color:#000000;}.fusion-button.button-1:hover, .fusion-button.button-1:focus, .fusion-button.button-1:active{border-width:1px;border-color:#000000;}.fusion-button.button-1:hover .fusion-button-icon-divider, .fusion-button.button-1:hover .fusion-button-icon-divider, .fusion-button.button-1:active .fusion-button-icon-divider{border-color:#000000;}.fusion-button.button-1{width:auto;}<\/style><a class=\"fusion-button button-flat fusion-button-square button-medium button-default button-1\" target=\"_blank\" rel=\"noopener noreferrer\" href=\"http:\/\/terradeltuono.it\/b2bfr\/wp-content\/uploads\/sites\/10\/2018\/07\/BTR.pdf\"><i class=\"fa fa-file-pdf-o button-icon-left\"><\/i><span class=\"fusion-button-text\">FICHE TECHNIQUE<\/span><\/a><\/div><div class=\"fusion-sep-clear\"><\/div><div class=\"fusion-separator sep-single sep-solid\" style=\"border-color:#666666;border-top-width:3px;margin-top:30px;margin-bottom:50px;width:100%;max-width:90px;\"><\/div><ul class=\"fusion-checklist fusion-checklist-1\" style=\"font-size:13px;line-height:22.1px;\"><li class=\"fusion-li-item\"><span style=\"height:22.1px;width:22.1px;margin-right:9.1px;\" class=\"icon-wrapper circle-no\"><i class=\"fusion-li-icon fa fa-adjust\" style=\"color:#666666;\"><\/i><\/span><div class=\"fusion-li-item-content\" style=\"margin-left:31.2px;\"><strong>Couleur\u00a0:<\/strong> Noir, d\u2019intensit\u00e8 moyenne avec des reflets intenses.<\/div><\/li><li class=\"fusion-li-item\"><span style=\"height:22.1px;width:22.1px;margin-right:9.1px;\" class=\"icon-wrapper circle-no\"><i class=\"fusion-li-icon fa fa-fire\" style=\"color:#666666;\"><\/i><\/span><div class=\"fusion-li-item-content\" style=\"margin-left:31.2px;\"><strong>Caract\u00e9ristiques olfactives\u00a0:\u00a0<\/strong>  Ar\u00f4me riche, d\u00e9licat et intense. Le nez d\u00e9gage des notes fra\u00eeches et fruit\u00e9es avec des notes vari\u00e9tales \u00e9videntes.<\/div><\/li><li class=\"fusion-li-item\"><span style=\"height:22.1px;width:22.1px;margin-right:9.1px;\" class=\"icon-wrapper circle-no\"><i class=\"fusion-li-icon fa fa-cutlery\" style=\"color:#666666;\"><\/i><\/span><div class=\"fusion-li-item-content\" style=\"margin-left:31.2px;\"><strong>Go\u00fbt\u00a0: \u00a0<\/strong> Cors\u00e9, il a de l&rsquo;\u00e9quilibre et beaucoup de douceur, la saveur est propre, fine et \u00e9l\u00e9gante.<\/div><\/li><li class=\"fusion-li-item\"><span style=\"height:22.1px;width:22.1px;margin-right:9.1px;\" class=\"icon-wrapper circle-no\"><i class=\"fusion-li-icon fa fa-tint\" style=\"color:#666666;\"><\/i><\/span><div class=\"fusion-li-item-content\" style=\"margin-left:31.2px;\"><strong>Densit\u00e9\u00a0: <\/strong> Environ 1,33<\/div><\/li><li class=\"fusion-li-item\"><span style=\"height:22.1px;width:22.1px;margin-right:9.1px;\" class=\"icon-wrapper circle-no\"><i class=\"fusion-li-icon fa fa-tint\" style=\"color:#666666;\"><\/i><\/span><div class=\"fusion-li-item-content\" style=\"margin-left:31.2px;\"><strong>Vieillissement :<\/strong>\u00a0 Traditionnel, avec d\u00e9cantation annuelle en petits f\u00fbts de diff\u00e9rents bois pr\u00e9cieux.<\/div><\/li><li class=\"fusion-li-item\"><span style=\"height:22.1px;width:22.1px;margin-right:9.1px;\" class=\"icon-wrapper circle-no\"><i class=\"fusion-li-icon fa fa-tachometer\" style=\"color:#666666;\"><\/i><\/span><div class=\"fusion-li-item-content\" style=\"margin-left:31.2px;\"><strong>Ingr\u00e9dients:<\/strong> Mo\u00fbts de raisins italiens cuits, vieillis selon la tradition en f\u00fbts de ch\u00eane, de ch\u00e2taignier, de cerisier, de m\u00fbrier et de gen\u00e9vrier.<br \/>\nProduit artisanal de haute qualit\u00e9, 100% naturel, il ne contient pas de colorants, \u00e9paississants, conservateurs ou caramels.<\/div><\/li><\/ul><div class=\"fusion-clearfix\"><\/div>\n\n\t\t\t\t\t<\/div>\n\t\t\t\t<\/div><\/div><\/div>\n","protected":false},"excerpt":{"rendered":"","protected":false},"featured_media":200,"template":"","meta":[],"class_list":{"0":"post-199","1":"product","2":"type-product","3":"status-publish","4":"has-post-thumbnail","6":"product_cat-traditionnel","7":"product-grid-view","9":"first","10":"instock","11":"shipping-taxable","12":"product-type-simple"},"_links":{"self":[{"href":"https:\/\/www.terradeltuono.it\/b2bfr\/wp-json\/wp\/v2\/product\/199","targetHints":{"allow":["GET"]}}],"collection":[{"href":"https:\/\/www.terradeltuono.it\/b2bfr\/wp-json\/wp\/v2\/product"}],"about":[{"href":"https:\/\/www.terradeltuono.it\/b2bfr\/wp-json\/wp\/v2\/types\/product"}],"wp:featuredmedia":[{"embeddable":true,"href":"https:\/\/www.terradeltuono.it\/b2bfr\/wp-json\/wp\/v2\/media\/200"}],"wp:attachment":[{"href":"https:\/\/www.terradeltuono.it\/b2bfr\/wp-json\/wp\/v2\/media?parent=199"}],"curies":[{"name":"wp","href":"https:\/\/api.w.org\/{rel}","templated":true}]}}