{"id":197,"date":"2018-06-19T17:16:09","date_gmt":"2018-06-19T15:16:09","guid":{"rendered":"http:\/\/terradeltuono.it\/b2bfr\/prodotto\/aceto-balsamico-tradizionale-di-reggio-emilia-etichetta-oro\/"},"modified":"2020-07-31T10:24:00","modified_gmt":"2020-07-31T08:24:00","slug":"vinaigre-balsamique-traditionnel-de-reggio-emilia-etiquette-or","status":"publish","type":"product","link":"https:\/\/www.terradeltuono.it\/b2bfr\/prodotto\/vinaigre-balsamique-traditionnel-de-reggio-emilia-etiquette-or\/","title":{"rendered":"Vinaigre Balsamique Traditionnel de Reggio Emilia &#8211; \u00c9tiquette Or"},"content":{"rendered":"<div class=\"fusion-fullwidth fullwidth-box nonhundred-percent-fullwidth non-hundred-percent-height-scrolling\"  style='background-color: rgba(255,255,255,0);background-position: center center;background-repeat: no-repeat;padding-top:0px;padding-right:0px;padding-bottom:0px;padding-left:0px;'><div class=\"fusion-builder-row fusion-row \"><div  class=\"fusion-layout-column fusion_builder_column fusion_builder_column_1_1  fusion-one-full fusion-column-first fusion-column-last 1_1\"  style='margin-top:0px;margin-bottom:0px;'>\n\t\t\t\t\t<div class=\"fusion-column-wrapper\" style=\"padding: 0px 0px 0px 0px;background-position:left top;background-repeat:no-repeat;-webkit-background-size:cover;-moz-background-size:cover;-o-background-size:cover;background-size:cover;\"  data-bg-url=\"\">\n\t\t\t\t\t\t<div class=\"fusion-text\"><p>C&rsquo;est un produit extraordinaire et complexe, tout \u00e0 fait naturel, fruit d\u2019un long travail, avec un respect scrupuleux de la tradition. Pour obtenir un tel vinaigre balsamique exclusif, il faut au moins 25 ans de vieillissement dans des petits f\u00fbts de diff\u00e9rents bois. Une parfaite harmonie de notes aigres-douces, de structure noble, persuasive et persistante en bouche.<\/p>\n<p>La balsamique traditionnelle \u00e9tiquette \u201cOr\u201d est utilis\u00e9e uniquement cru. Le go\u00fbt moelleux, la saveur fine et velout\u00e9e en font l&rsquo;accompagnement id\u00e9al des fromages affin\u00e9s et \u00e9pic\u00e9s, des viandes brais\u00e9es, des viandes savoureuses et \u00e9pic\u00e9es.<\/p>\n<p>Excellent sur le gibier et sur les salades de fruits rouges, il sublime les cr\u00e8mes p\u00e2tissi\u00e8res et les glaces.Mais surtout, c&rsquo;est un v\u00e9ritable \u00e9lixir de m\u00e9ditation, \u00e0 d\u00e9guster en gouttes, en fin de repas, en digestif ou pour le pur plaisir.<\/p>\n<\/div><div class=\"fusion-button-wrapper\"><style type=\"text\/css\" scoped=\"scoped\">.fusion-button.button-1 .fusion-button-text, .fusion-button.button-1 i {color:#000000;}.fusion-button.button-1 {border-width:1px;border-color:#000000;}.fusion-button.button-1 .fusion-button-icon-divider{border-color:#000000;}.fusion-button.button-1:hover .fusion-button-text, .fusion-button.button-1:hover i,.fusion-button.button-1:focus .fusion-button-text, .fusion-button.button-1:focus i,.fusion-button.button-1:active .fusion-button-text, .fusion-button.button-1:active{color:#000000;}.fusion-button.button-1:hover, .fusion-button.button-1:focus, .fusion-button.button-1:active{border-width:1px;border-color:#000000;}.fusion-button.button-1:hover .fusion-button-icon-divider, .fusion-button.button-1:hover .fusion-button-icon-divider, .fusion-button.button-1:active .fusion-button-icon-divider{border-color:#000000;}.fusion-button.button-1{width:auto;}<\/style><a class=\"fusion-button button-flat fusion-button-square button-medium button-default button-1\" target=\"_blank\" rel=\"noopener noreferrer\" href=\"http:\/\/terradeltuono.it\/b2bfr\/wp-content\/uploads\/sites\/10\/2018\/07\/BTO.pdf\"><i class=\"fa fa-file-pdf-o button-icon-left\"><\/i><span class=\"fusion-button-text\">FICHE TECHNIQUE<\/span><\/a><\/div><div class=\"fusion-sep-clear\"><\/div><div class=\"fusion-separator sep-single sep-solid\" style=\"border-color:#666666;border-top-width:3px;margin-top:30px;margin-bottom:50px;width:100%;max-width:90px;\"><\/div><ul class=\"fusion-checklist fusion-checklist-1\" style=\"font-size:13px;line-height:22.1px;\"><li class=\"fusion-li-item\"><span style=\"height:22.1px;width:22.1px;margin-right:9.1px;\" class=\"icon-wrapper circle-no\"><i class=\"fusion-li-icon fa fa-adjust\" style=\"color:#666666;\"><\/i><\/span><div class=\"fusion-li-item-content\" style=\"margin-left:31.2px;\"><strong>Couleur\u00a0:<\/strong>  Noir imp\u00e9n\u00e9trable et brillant avec une apparence uniforme.<\/div><\/li><li class=\"fusion-li-item\"><span style=\"height:22.1px;width:22.1px;margin-right:9.1px;\" class=\"icon-wrapper circle-no\"><i class=\"fusion-li-icon fa fa-fire\" style=\"color:#666666;\"><\/i><\/span><div class=\"fusion-li-item-content\" style=\"margin-left:31.2px;\">\n<p><strong>Caract\u00e9ristiques olfactives\u00a0: \u00a0<\/strong> Parfum composite, large, d&rsquo;une richesse et d&rsquo;une persistance exceptionnelles avec des notes fruit\u00e9es, florales et \u00e9pic\u00e9es douces.<\/p>\n<\/div><\/li><li class=\"fusion-li-item\"><span style=\"height:22.1px;width:22.1px;margin-right:9.1px;\" class=\"icon-wrapper circle-no\"><i class=\"fusion-li-icon fa fa-cutlery\" style=\"color:#666666;\"><\/i><\/span><div class=\"fusion-li-item-content\" style=\"margin-left:31.2px;\"><strong>Go\u00fbt\u00a0:<\/strong>  Plein et enveloppant, avec une texture tannique dense et \u00e9quilibr\u00e9e, avec des notes des fruits rouges m\u00fbrs, de grande persistance et de forte \u00e9motion.<\/div><\/li><li class=\"fusion-li-item\"><span style=\"height:22.1px;width:22.1px;margin-right:9.1px;\" class=\"icon-wrapper circle-no\"><i class=\"fusion-li-icon fa fa-tint\" style=\"color:#666666;\"><\/i><\/span><div class=\"fusion-li-item-content\" style=\"margin-left:31.2px;\"><strong>Densit\u00e9\u00a0:<\/strong>\u00a0 Environ 1,36<\/div><\/li><li class=\"fusion-li-item\"><span style=\"height:22.1px;width:22.1px;margin-right:9.1px;\" class=\"icon-wrapper circle-no\"><i class=\"fusion-li-icon fa fa-tint\" style=\"color:#666666;\"><\/i><\/span><div class=\"fusion-li-item-content\" style=\"margin-left:31.2px;\"><strong>Vieillissement : <\/strong>\u00a0Traditionnel, avec d\u00e9cantation annuelle en petits f\u00fbts de diff\u00e9rents bois pr\u00e9cieux.<\/div><\/li><li class=\"fusion-li-item\"><span style=\"height:22.1px;width:22.1px;margin-right:9.1px;\" class=\"icon-wrapper circle-no\"><i class=\"fusion-li-icon fa fa-tachometer\" style=\"color:#666666;\"><\/i><\/span><div class=\"fusion-li-item-content\" style=\"margin-left:31.2px;\"><strong>Ingr\u00e9dients: <\/strong> Mo\u00fbts de raisins italiens cuits, raffin\u00e9s selon la tradition en f\u00fbts de ch\u00eane, de ch\u00e2taignier, de cerisier, de m\u00fbrier et de gen\u00e9vrier.<br \/>\nProduit artisanal de haute qualit\u00e9, 100% naturel, il ne contient pas de colorants, \u00e9paississants, conservateurs ou caramels.<\/div><\/li><\/ul><div class=\"fusion-clearfix\"><\/div>\n\n\t\t\t\t\t<\/div>\n\t\t\t\t<\/div><\/div><\/div>\n","protected":false},"excerpt":{"rendered":"","protected":false},"featured_media":198,"template":"","meta":[],"class_list":{"0":"post-197","1":"product","2":"type-product","3":"status-publish","4":"has-post-thumbnail","6":"product_cat-traditionnel","7":"product-grid-view","9":"first","10":"instock","11":"shipping-taxable","12":"product-type-simple"},"_links":{"self":[{"href":"https:\/\/www.terradeltuono.it\/b2bfr\/wp-json\/wp\/v2\/product\/197","targetHints":{"allow":["GET"]}}],"collection":[{"href":"https:\/\/www.terradeltuono.it\/b2bfr\/wp-json\/wp\/v2\/product"}],"about":[{"href":"https:\/\/www.terradeltuono.it\/b2bfr\/wp-json\/wp\/v2\/types\/product"}],"wp:featuredmedia":[{"embeddable":true,"href":"https:\/\/www.terradeltuono.it\/b2bfr\/wp-json\/wp\/v2\/media\/198"}],"wp:attachment":[{"href":"https:\/\/www.terradeltuono.it\/b2bfr\/wp-json\/wp\/v2\/media?parent=197"}],"curies":[{"name":"wp","href":"https:\/\/api.w.org\/{rel}","templated":true}]}}