{"id":195,"date":"2018-06-19T17:05:32","date_gmt":"2018-06-19T15:05:32","guid":{"rendered":"http:\/\/terradeltuono.it\/b2bfr\/prodotto\/bta\/"},"modified":"2020-07-31T10:27:09","modified_gmt":"2020-07-31T08:27:09","slug":"vinaigre-balsamique-traditionnel-de-reggio-emilia-etiquette-argent","status":"publish","type":"product","link":"https:\/\/www.terradeltuono.it\/b2bfr\/prodotto\/vinaigre-balsamique-traditionnel-de-reggio-emilia-etiquette-argent\/","title":{"rendered":"Vinaigre Balsamique Traditionnel de Reggio Emilia &#8211; \u00c9tiquette Argent"},"content":{"rendered":"<div class=\"fusion-fullwidth fullwidth-box nonhundred-percent-fullwidth non-hundred-percent-height-scrolling\"  style='background-color: rgba(255,255,255,0);background-position: center center;background-repeat: no-repeat;padding-top:0px;padding-right:0px;padding-bottom:0px;padding-left:0px;'><div class=\"fusion-builder-row fusion-row \"><div  class=\"fusion-layout-column fusion_builder_column fusion_builder_column_1_1  fusion-one-full fusion-column-first fusion-column-last 1_1\"  style='margin-top:0px;margin-bottom:0px;'>\n\t\t\t\t\t<div class=\"fusion-column-wrapper\" style=\"padding: 0px 0px 0px 0px;background-position:left top;background-repeat:no-repeat;-webkit-background-size:cover;-moz-background-size:cover;-o-background-size:cover;background-size:cover;\"  data-bg-url=\"\">\n\t\t\t\t\t\t<div class=\"fusion-text\"><p>La couleur est noire, claire et brillante. Il a une densit\u00e9 appr\u00e9ciable tels que un sirop onctueux, un parfum p\u00e9n\u00e9trant et persistant, des saveurs aigres-douces bien m\u00e9lang\u00e9es, en harmonie avec les caract\u00e9ristiques organoleptiques \u00e9tablies par la discipline de protection du Consortium de vinaigre balsamique traditionnel.<\/p>\n<p>Il a une acidit\u00e9 \u00e9quilibr\u00e9e, qui accompagne une sensation gustative douce et complexe.<br \/>\nLe vinaigre balsamique traditionnel Terra del Tuono \u00abArgent\u00bb est parfait pour une utilisation crue. Sa saveur complexe et harmonieuse le rend pr\u00e9f\u00e9rable pour les entr\u00e9es \u00e0 base de viande et sur les souffl\u00e9s.<\/p>\n<p>Il est excellent utilis\u00e9 cru en mayonnaise, en sauces pour bouillir ou poisson, en risotto aux l\u00e9gumes ou aux langoustines.<\/p>\n<p>C&rsquo;est un accord id\u00e9al avec la viande r\u00f4tie, les fromages affin\u00e9s et le p\u00e2t\u00e9 de foie. Il se marie parfaitement avec les desserts moelleux et les cr\u00e8mes p\u00e2tissi\u00e8res.<\/p>\n<\/div><div class=\"fusion-button-wrapper\"><style type=\"text\/css\" scoped=\"scoped\">.fusion-button.button-1 .fusion-button-text, .fusion-button.button-1 i {color:#000000;}.fusion-button.button-1 {border-width:1px;border-color:#000000;}.fusion-button.button-1 .fusion-button-icon-divider{border-color:#000000;}.fusion-button.button-1:hover .fusion-button-text, .fusion-button.button-1:hover i,.fusion-button.button-1:focus .fusion-button-text, .fusion-button.button-1:focus i,.fusion-button.button-1:active .fusion-button-text, .fusion-button.button-1:active{color:#000000;}.fusion-button.button-1:hover, .fusion-button.button-1:focus, .fusion-button.button-1:active{border-width:1px;border-color:#000000;}.fusion-button.button-1:hover .fusion-button-icon-divider, .fusion-button.button-1:hover .fusion-button-icon-divider, .fusion-button.button-1:active .fusion-button-icon-divider{border-color:#000000;}.fusion-button.button-1{width:auto;}<\/style><a class=\"fusion-button button-flat fusion-button-square button-medium button-default button-1\" target=\"_blank\" rel=\"noopener noreferrer\" href=\"http:\/\/terradeltuono.it\/b2bfr\/wp-content\/uploads\/sites\/10\/2018\/07\/BTA.pdf\"><i class=\"fa fa-file-pdf-o button-icon-left\"><\/i><span class=\"fusion-button-text\">FICHE TECHNIQUE<\/span><\/a><\/div><div class=\"fusion-sep-clear\"><\/div><div class=\"fusion-separator sep-single sep-solid\" style=\"border-color:#666666;border-top-width:3px;margin-top:30px;margin-bottom:50px;width:100%;max-width:90px;\"><\/div><ul class=\"fusion-checklist fusion-checklist-1\" style=\"font-size:13px;line-height:22.1px;\"><li class=\"fusion-li-item\"><span style=\"height:22.1px;width:22.1px;margin-right:9.1px;\" class=\"icon-wrapper circle-no\"><i class=\"fusion-li-icon fa fa-adjust\" style=\"color:#666666;\"><\/i><\/span><div class=\"fusion-li-item-content\" style=\"margin-left:31.2px;\"><strong>Couleur\u00a0:<\/strong>  Noir brillant, de grande \u00e9paisseur et densit\u00e9.<\/div><\/li><li class=\"fusion-li-item\"><span style=\"height:22.1px;width:22.1px;margin-right:9.1px;\" class=\"icon-wrapper circle-no\"><i class=\"fusion-li-icon fa fa-fire\" style=\"color:#666666;\"><\/i><\/span><div class=\"fusion-li-item-content\" style=\"margin-left:31.2px;\"><strong>Caract\u00e9ristiques olfactives\u00a0:<\/strong>  Bouquet complexe et persistant, avec de fortes notes balsamiques, le<br \/>\nparfum est ample, captivant, avec une charge olfactive fruit\u00e9e.<\/div><\/li><li class=\"fusion-li-item\"><span style=\"height:22.1px;width:22.1px;margin-right:9.1px;\" class=\"icon-wrapper circle-no\"><i class=\"fusion-li-icon fa fa-cutlery\" style=\"color:#666666;\"><\/i><\/span><div class=\"fusion-li-item-content\" style=\"margin-left:31.2px;\"><strong>Go\u00fbt\u00a0:\u00a0<\/strong>  Saveur cors\u00e9e, compl\u00e8te, robuste et harmonieuse. Le go\u00fbt est plein et velout\u00e9, doux, de grande race.<\/div><\/li><li class=\"fusion-li-item\"><span style=\"height:22.1px;width:22.1px;margin-right:9.1px;\" class=\"icon-wrapper circle-no\"><i class=\"fusion-li-icon fa fa-tint\" style=\"color:#666666;\"><\/i><\/span><div class=\"fusion-li-item-content\" style=\"margin-left:31.2px;\"><strong>Densit\u00e9\u00a0:<\/strong>\u00a0Environ 1,35<\/div><\/li><li class=\"fusion-li-item\"><span style=\"height:22.1px;width:22.1px;margin-right:9.1px;\" class=\"icon-wrapper circle-no\"><i class=\"fusion-li-icon fa fa-tint\" style=\"color:#666666;\"><\/i><\/span><div class=\"fusion-li-item-content\" style=\"margin-left:31.2px;\"><strong>Vieillissement\u00a0:<\/strong> Traditionnel, avec d\u00e9cantation annuelle en petits f\u00fbts de diff\u00e9rents bois pr\u00e9cieux.<\/div><\/li><li class=\"fusion-li-item\"><span style=\"height:22.1px;width:22.1px;margin-right:9.1px;\" class=\"icon-wrapper circle-no\"><i class=\"fusion-li-icon fa fa-tachometer\" style=\"color:#666666;\"><\/i><\/span><div class=\"fusion-li-item-content\" style=\"margin-left:31.2px;\"><strong>Ingr\u00e9dients\u00a0: <\/strong> Mo\u00fbts de raisins italiens cuits, vieilli selon la tradition en f\u00fbts de ch\u00eane, de ch\u00e2taignier, de cerisier, de m\u00fbrier et de gen\u00e9vrier.<br \/>\nProduit artisanal de haute qualit\u00e9, 100% naturel, il ne contient pas de colorants, \u00e9paississants, conservateurs ou caramels.<\/div><\/li><\/ul><div class=\"fusion-clearfix\"><\/div>\n\n\t\t\t\t\t<\/div>\n\t\t\t\t<\/div><\/div><\/div>\n","protected":false},"excerpt":{"rendered":"","protected":false},"featured_media":196,"template":"","meta":[],"class_list":{"0":"post-195","1":"product","2":"type-product","3":"status-publish","4":"has-post-thumbnail","6":"product_cat-traditionnel","7":"product-grid-view","9":"first","10":"instock","11":"shipping-taxable","12":"product-type-simple"},"_links":{"self":[{"href":"https:\/\/www.terradeltuono.it\/b2bfr\/wp-json\/wp\/v2\/product\/195","targetHints":{"allow":["GET"]}}],"collection":[{"href":"https:\/\/www.terradeltuono.it\/b2bfr\/wp-json\/wp\/v2\/product"}],"about":[{"href":"https:\/\/www.terradeltuono.it\/b2bfr\/wp-json\/wp\/v2\/types\/product"}],"wp:featuredmedia":[{"embeddable":true,"href":"https:\/\/www.terradeltuono.it\/b2bfr\/wp-json\/wp\/v2\/media\/196"}],"wp:attachment":[{"href":"https:\/\/www.terradeltuono.it\/b2bfr\/wp-json\/wp\/v2\/media?parent=195"}],"curies":[{"name":"wp","href":"https:\/\/api.w.org\/{rel}","templated":true}]}}