{"id":17,"date":"2018-03-23T10:48:56","date_gmt":"2018-03-23T09:48:56","guid":{"rendered":"http:\/\/terradeltuono.it\/b2bfr\/prodotto\/natale-bianco\/"},"modified":"2020-07-10T17:25:59","modified_gmt":"2020-07-10T15:25:59","slug":"natale-bianco-condiment-blanc","status":"publish","type":"product","link":"https:\/\/www.terradeltuono.it\/b2bfr\/prodotto\/natale-bianco-condiment-blanc\/","title":{"rendered":"NATALE BIANCO &#8211; Condiment Blanc"},"content":{"rendered":"<div class=\"fusion-fullwidth fullwidth-box nonhundred-percent-fullwidth non-hundred-percent-height-scrolling\"  style='background-color: rgba(255,255,255,0);background-position: center center;background-repeat: no-repeat;padding-top:0px;padding-right:0px;padding-bottom:0px;padding-left:0px;'><div class=\"fusion-builder-row fusion-row \"><div  class=\"fusion-layout-column fusion_builder_column fusion_builder_column_1_1  fusion-one-full fusion-column-first fusion-column-last 1_1\"  style='margin-top:0px;margin-bottom:0px;'>\n\t\t\t\t\t<div class=\"fusion-column-wrapper\" style=\"padding: 0px 0px 0px 0px;background-position:left top;background-repeat:no-repeat;-webkit-background-size:cover;-moz-background-size:cover;-o-background-size:cover;background-size:cover;\"  data-bg-url=\"\">\n\t\t\t\t\t\t<div class=\"fusion-text\"><p>Le Condiment blanc, dans son \u00e9dition de No\u00ebl, est un fin condiment aigre-doux de raisins blancs dont les origines remontent \u00e0 la tradition italienne. Il est obtenu \u00e0 partir de mo\u00fbt concentr\u00e9 de raisins blancs uniquement, savamment m\u00e9lang\u00e9 avec le meilleur vinaigre de vin blanc.<\/p>\n<p>Le Condiment blanc est une vinaigrette ambr\u00e9e, claire et transparente. Le go\u00fbt est aigre-doux, avec une accentuation agr\u00e9able du ton aigre. L&rsquo;acidit\u00e9 volatile est prononc\u00e9e, le palais per\u00e7oit une note agressive agr\u00e9able.<\/p>\n<p>Le No\u00ebl blanc a un parfum fort qui s&rsquo;accompagne d&rsquo;une bonne acidit\u00e9. La couleur claire et transparente rend pr\u00e9f\u00e9rable de conserver la couleur d&rsquo;origine du plat tout en donnant une note particuli\u00e8re aigre-douce \u00e0 l&rsquo;ensemble. Il se marie parfaitement avec les salades et les l\u00e9gumes crus.<\/p>\n<p>Il est excellent sur les fruits de mer, les poissons et les viandes blanches.<\/p>\n<\/div><div class=\"fusion-button-wrapper\"><style type=\"text\/css\" scoped=\"scoped\">.fusion-button.button-1 .fusion-button-text, .fusion-button.button-1 i {color:#000000;}.fusion-button.button-1 {border-width:1px;border-color:#000000;}.fusion-button.button-1 .fusion-button-icon-divider{border-color:#000000;}.fusion-button.button-1:hover .fusion-button-text, .fusion-button.button-1:hover i,.fusion-button.button-1:focus .fusion-button-text, .fusion-button.button-1:focus i,.fusion-button.button-1:active .fusion-button-text, .fusion-button.button-1:active{color:#000000;}.fusion-button.button-1:hover, .fusion-button.button-1:focus, .fusion-button.button-1:active{border-width:1px;border-color:#000000;}.fusion-button.button-1:hover .fusion-button-icon-divider, .fusion-button.button-1:hover .fusion-button-icon-divider, .fusion-button.button-1:active .fusion-button-icon-divider{border-color:#000000;}.fusion-button.button-1{width:auto;}<\/style><a class=\"fusion-button button-flat fusion-button-square button-medium button-default button-1\" target=\"_blank\" rel=\"noopener noreferrer\" href=\"http:\/\/terradeltuono.it\/b2bfr\/wp-content\/uploads\/sites\/10\/2018\/07\/NATALEBIANCO.pdf\"><i class=\"fa fa-file-pdf-o button-icon-left\"><\/i><span class=\"fusion-button-text\">FICHE TECHNIQUE<\/span><\/a><\/div><div class=\"fusion-sep-clear\"><\/div><div class=\"fusion-separator sep-single sep-solid\" style=\"border-color:#cccccc;border-top-width:3px;margin-top:30px;margin-bottom:50px;width:100%;max-width:90px;\"><\/div><ul class=\"fusion-checklist fusion-checklist-1\" style=\"font-size:13px;line-height:22.1px;\"><li class=\"fusion-li-item\"><span style=\"height:22.1px;width:22.1px;margin-right:9.1px;\" class=\"icon-wrapper circle-no\"><i class=\"fusion-li-icon fa fa-adjust\" style=\"color:#666666;\"><\/i><\/span><div class=\"fusion-li-item-content\" style=\"margin-left:31.2px;\"><strong>Couleur:\u00a0<\/strong> Claire et transparente, le ton antique de l&rsquo;ambre dor\u00e9.<\/div><\/li><li class=\"fusion-li-item\"><span style=\"height:22.1px;width:22.1px;margin-right:9.1px;\" class=\"icon-wrapper circle-no\"><i class=\"fusion-li-icon fa fa-fire\" style=\"color:#666666;\"><\/i><\/span><div class=\"fusion-li-item-content\" style=\"margin-left:31.2px;\"><strong>Caract\u00e9ristiques olfactives:\u00a0<\/strong> Le parfum est propre, intense et persistant, avec des notes de raisin fruit\u00e9, agr\u00e9ablement aigre.<\/div><\/li><li class=\"fusion-li-item\"><span style=\"height:22.1px;width:22.1px;margin-right:9.1px;\" class=\"icon-wrapper circle-no\"><i class=\"fusion-li-icon fa fa-cutlery\" style=\"color:#666666;\"><\/i><\/span><div class=\"fusion-li-item-content\" style=\"margin-left:31.2px;\"><strong>Go\u00fbt: <\/strong>Le go\u00fbt est sec, vif mais tr\u00e8s \u00e9quilibr\u00e9. D&rsquo;une grande persistance en bouche, la sensation d&rsquo;acidit\u00e9 volatile est prononc\u00e9e tout en conservant une agr\u00e9able note sucr\u00e9e.<\/div><\/li><li class=\"fusion-li-item\"><span style=\"height:22.1px;width:22.1px;margin-right:9.1px;\" class=\"icon-wrapper circle-no\"><i class=\"fusion-li-icon fa fa-tint\" style=\"color:#666666;\"><\/i><\/span><div class=\"fusion-li-item-content\" style=\"margin-left:31.2px;\"><strong>Densit\u00e9\u00a0:  <\/strong>\u00a0Environ 1.20<\/div><\/li><li class=\"fusion-li-item\"><span style=\"height:22.1px;width:22.1px;margin-right:9.1px;\" class=\"icon-wrapper circle-no\"><i class=\"fusion-li-icon fa fa-check\" style=\"color:#666666;\"><\/i><\/span><div class=\"fusion-li-item-content\" style=\"margin-left:31.2px;\"><strong>Acidit\u00e9\u00a0:<\/strong>\u00a0 4%<\/div><\/li><li class=\"fusion-li-item\"><span style=\"height:22.1px;width:22.1px;margin-right:9.1px;\" class=\"icon-wrapper circle-no\"><i class=\"fusion-li-icon fa fa-clock-o\" style=\"color:#666666;\"><\/i><\/span><div class=\"fusion-li-item-content\" style=\"margin-left:31.2px;\"><strong>Vieillissement :\u00a0<\/strong> En f\u00fbts de ch\u00eane.<\/div><\/li><li class=\"fusion-li-item\"><span style=\"height:22.1px;width:22.1px;margin-right:9.1px;\" class=\"icon-wrapper circle-no\"><i class=\"fusion-li-icon fa fa-tachometer\" style=\"color:#666666;\"><\/i><\/span><div class=\"fusion-li-item-content\" style=\"margin-left:31.2px;\"><strong>Ingr\u00e9dients\u00a0:<\/strong> Mo\u00fbt concentr\u00e9 de raisins blancs italiens, vinaigre de vin blanc. Contient des sulfites. C\u2019est une sp\u00e9cialit\u00e9 gastronomique de haute qualit\u00e9, 100% naturel. Il ne contient pas de colorants, \u00e9paississants, conservateurs ou caramels.<\/div><\/li><\/ul><div class=\"fusion-clearfix\"><\/div>\n\n\t\t\t\t\t<\/div>\n\t\t\t\t<\/div><\/div><\/div>\n","protected":false},"excerpt":{"rendered":"","protected":false},"featured_media":18,"template":"","meta":[],"class_list":{"0":"post-17","1":"product","2":"type-product","3":"status-publish","4":"has-post-thumbnail","6":"product_cat-sleeve-bouteilles","7":"product-grid-view","9":"first","10":"instock","11":"shipping-taxable","12":"product-type-simple"},"_links":{"self":[{"href":"https:\/\/www.terradeltuono.it\/b2bfr\/wp-json\/wp\/v2\/product\/17","targetHints":{"allow":["GET"]}}],"collection":[{"href":"https:\/\/www.terradeltuono.it\/b2bfr\/wp-json\/wp\/v2\/product"}],"about":[{"href":"https:\/\/www.terradeltuono.it\/b2bfr\/wp-json\/wp\/v2\/types\/product"}],"wp:featuredmedia":[{"embeddable":true,"href":"https:\/\/www.terradeltuono.it\/b2bfr\/wp-json\/wp\/v2\/media\/18"}],"wp:attachment":[{"href":"https:\/\/www.terradeltuono.it\/b2bfr\/wp-json\/wp\/v2\/media?parent=17"}],"curies":[{"name":"wp","href":"https:\/\/api.w.org\/{rel}","templated":true}]}}