{"id":150,"date":"2018-06-19T12:51:36","date_gmt":"2018-06-19T10:51:36","guid":{"rendered":"http:\/\/terradeltuono.it\/b2bfr\/prodotto\/mango-and-balsamic-condiment\/"},"modified":"2020-07-14T11:11:34","modified_gmt":"2020-07-14T09:11:34","slug":"condiment-fruite-a-la-mangue","status":"publish","type":"product","link":"https:\/\/www.terradeltuono.it\/b2bfr\/prodotto\/condiment-fruite-a-la-mangue\/","title":{"rendered":"Condiment fruit\u00e9 \u00e0 la Mangue"},"content":{"rendered":"<div class=\"fusion-fullwidth fullwidth-box nonhundred-percent-fullwidth non-hundred-percent-height-scrolling\"  style='background-color: rgba(255,255,255,0);background-position: center center;background-repeat: no-repeat;padding-top:0px;padding-right:0px;padding-bottom:0px;padding-left:0px;'><div class=\"fusion-builder-row fusion-row \"><div  class=\"fusion-layout-column fusion_builder_column fusion_builder_column_1_1  fusion-one-full fusion-column-first fusion-column-last 1_1\"  style='margin-top:0px;margin-bottom:0px;'>\n\t\t\t\t\t<div class=\"fusion-column-wrapper\" style=\"padding: 0px 0px 0px 0px;background-position:left top;background-repeat:no-repeat;-webkit-background-size:cover;-moz-background-size:cover;-o-background-size:cover;background-size:cover;\"  data-bg-url=\"\">\n\t\t\t\t\t\t<div class=\"fusion-text\"><p>Le meilleur jus de mangue de qualit\u00e9 rencontre notre condiment blanc, donnant vie \u00e0 cet \u00e9lixir italien d\u00e9licieux, fruit\u00e9 et aigre-doux. Parfait pour les viandes rouges, les salades et les l\u00e9gumes, il est \u00e9galement d\u00e9licieux sur les viandes blanches, comme le poulet et la dinde.<\/p>\n<p>Ce Condiment aigre-doux est la solution parfaite pour garnir les fruits et les desserts.<\/p>\n<p>Sa saveur naturelle et fruit\u00e9e est vraiment int\u00e9ressante sur les poissons grill\u00e9s, les fruits de mer et les poissons crus. C&#39;est aussi un accord parfait pour les fromages affin\u00e9s, opposant sa douceur naturelle \u00e0 leur go\u00fbt fort et intense.<\/p>\n<\/div><div class=\"fusion-sep-clear\"><\/div><div class=\"fusion-separator sep-single sep-solid\" style=\"border-color:#666666;border-top-width:3px;margin-top:30px;margin-bottom:50px;width:100%;max-width:90px;\"><\/div><ul class=\"fusion-checklist fusion-checklist-1\" style=\"font-size:13px;line-height:22.1px;\"><li class=\"fusion-li-item\"><span style=\"height:22.1px;width:22.1px;margin-right:9.1px;\" class=\"icon-wrapper circle-no\"><i class=\"fusion-li-icon fa fa-adjust\" style=\"color:#666666;\"><\/i><\/span><div class=\"fusion-li-item-content\" style=\"margin-left:31.2px;\"><strong>Couleur\u00a0:<\/strong> Couleur naturelle de la mangue, avec des nuances jaunes.<\/div><\/li><li class=\"fusion-li-item\"><span style=\"height:22.1px;width:22.1px;margin-right:9.1px;\" class=\"icon-wrapper circle-no\"><i class=\"fusion-li-icon fa fa-fire\" style=\"color:#666666;\"><\/i><\/span><div class=\"fusion-li-item-content\" style=\"margin-left:31.2px;\"><strong>Caract\u00e9ristiques olfactives\u00a0:<\/strong> Il est possible de percevoir le parfum fruit\u00e9 et d\u00e9cisif de la mangue, accompagn\u00e9 \u00e0 des notes de blanc.<\/div><\/li><li class=\"fusion-li-item\"><span style=\"height:22.1px;width:22.1px;margin-right:9.1px;\" class=\"icon-wrapper circle-no\"><i class=\"fusion-li-icon fa fa-cutlery\" style=\"color:#666666;\"><\/i><\/span><div class=\"fusion-li-item-content\" style=\"margin-left:31.2px;\"><strong>Go\u00fbt\u00a0:<\/strong> Persistant en bouche, naturellement doux, saveur de mangue.<\/div><\/li><li class=\"fusion-li-item\"><span style=\"height:22.1px;width:22.1px;margin-right:9.1px;\" class=\"icon-wrapper circle-no\"><i class=\"fusion-li-icon fa fa-tint\" style=\"color:#666666;\"><\/i><\/span><div class=\"fusion-li-item-content\" style=\"margin-left:31.2px;\"><strong>Densit\u00e9\u00a0:<\/strong> Environ 1,22<\/div><\/li><li class=\"fusion-li-item\"><span style=\"height:22.1px;width:22.1px;margin-right:9.1px;\" class=\"icon-wrapper circle-no\"><i class=\"fusion-li-icon fa fa-map-pin\" style=\"color:#666666;\"><\/i><\/span><div class=\"fusion-li-item-content\" style=\"margin-left:31.2px;\"><strong>Vieillissement\u00a0: <\/strong> Pour une courte p\u00e9riode.<\/div><\/li><li class=\"fusion-li-item\"><span style=\"height:22.1px;width:22.1px;margin-right:9.1px;\" class=\"icon-wrapper circle-no\"><i class=\"fusion-li-icon fa fa-tachometer\" style=\"color:#666666;\"><\/i><\/span><div class=\"fusion-li-item-content\" style=\"margin-left:31.2px;\"><strong>Ingr\u00e9dients\u00a0: <\/strong> Mo\u00fbt de raisin concentr\u00e9, vinaigre de vin blanc, jus de mangue concentr\u00e9 (10%), ar\u00f4me naturel. Contient des sulfites.<\/div><\/li><\/ul><div class=\"fusion-clearfix\"><\/div>\n\n\t\t\t\t\t<\/div>\n\t\t\t\t<\/div><\/div><\/div>\n","protected":false},"excerpt":{"rendered":"","protected":false},"featured_media":511,"template":"","meta":[],"class_list":{"0":"post-150","1":"product","2":"type-product","3":"status-publish","4":"has-post-thumbnail","6":"product_cat-condiments-fruits","7":"product-grid-view","9":"first","10":"instock","11":"shipping-taxable","12":"product-type-simple"},"_links":{"self":[{"href":"https:\/\/www.terradeltuono.it\/b2bfr\/wp-json\/wp\/v2\/product\/150","targetHints":{"allow":["GET"]}}],"collection":[{"href":"https:\/\/www.terradeltuono.it\/b2bfr\/wp-json\/wp\/v2\/product"}],"about":[{"href":"https:\/\/www.terradeltuono.it\/b2bfr\/wp-json\/wp\/v2\/types\/product"}],"wp:featuredmedia":[{"embeddable":true,"href":"https:\/\/www.terradeltuono.it\/b2bfr\/wp-json\/wp\/v2\/media\/511"}],"wp:attachment":[{"href":"https:\/\/www.terradeltuono.it\/b2bfr\/wp-json\/wp\/v2\/media?parent=150"}],"curies":[{"name":"wp","href":"https:\/\/api.w.org\/{rel}","templated":true}]}}