{"id":129,"date":"2018-06-19T11:23:30","date_gmt":"2018-06-19T09:23:30","guid":{"rendered":"http:\/\/terradeltuono.it\/b2bfr\/prodotto\/aceto-balsamico-di-modena-i-g-p-da-uve-biologiche\/"},"modified":"2020-07-30T18:28:43","modified_gmt":"2020-07-30T16:28:43","slug":"vinaigre-balsamique-de-modene-biologique-densite-120","status":"publish","type":"product","link":"https:\/\/www.terradeltuono.it\/b2bfr\/prodotto\/vinaigre-balsamique-de-modene-biologique-densite-120\/","title":{"rendered":"Vinaigre balsamique de Mod\u00e8ne Biologique &#8211; Densit\u00e9 1,20"},"content":{"rendered":"<div class=\"fusion-fullwidth fullwidth-box nonhundred-percent-fullwidth non-hundred-percent-height-scrolling\"  style='background-color: rgba(255,255,255,0);background-position: center center;background-repeat: no-repeat;padding-top:0px;padding-right:0px;padding-bottom:0px;padding-left:0px;'><div class=\"fusion-builder-row fusion-row \"><div  class=\"fusion-layout-column fusion_builder_column fusion_builder_column_1_1  fusion-one-full fusion-column-first fusion-column-last 1_1\"  style='margin-top:0px;margin-bottom:0px;'>\n\t\t\t\t\t<div class=\"fusion-column-wrapper\" style=\"padding: 0px 0px 0px 0px;background-position:left top;background-repeat:no-repeat;-webkit-background-size:cover;-moz-background-size:cover;-o-background-size:cover;background-size:cover;\"  data-bg-url=\"\">\n\t\t\t\t\t\t<div class=\"fusion-text\"><p>Le Vinaigre balsamique de Mod\u00e8ne est strictement obtenu \u00e0 partir du m\u00e9lange de mo\u00fbts de raisins concentr\u00e9s et cuits et de vinaigre de vin provenant exclusivement de l&rsquo;agriculture biologique. Le produit est vieilli en f\u00fbts de ch\u00eane destin\u00e9s exclusivement au conditionnement du vinaigre balsamique biologique.<\/p>\n<p>C&rsquo;est un produit avec un bon corps et une excellente saveur, avec un go\u00fbt enveloppant et persistant. Les caract\u00e9ristiques exceptionnelles de la bont\u00e9 d\u00e9coulent \u00e9galement de la haute qualit\u00e9 des raisins utilis\u00e9s, tous strictement italiens, dans notre Acetaia.<\/p>\n<p>Le vinaigre balsamique de Mod\u00e8ne, issu de raisins biologiques est excellent sur un risotto d\u00e9licat et sur des entr\u00e9es avec des sauces \u00e0 la viande et sur les l\u00e9gumes. C&rsquo;est le meilleur accord avec les viandes rouges de pr\u00e9f\u00e9rence saignantes. Sa contribution est inestimable pour aromatiser les fromages affin\u00e9s. Il se marie aussi avec desserts et glaces.<\/p>\n<\/div><div class=\"fusion-button-wrapper\"><style type=\"text\/css\" scoped=\"scoped\">.fusion-button.button-1 .fusion-button-text, .fusion-button.button-1 i {color:#000000;}.fusion-button.button-1 {border-width:1px;border-color:#000000;}.fusion-button.button-1 .fusion-button-icon-divider{border-color:#000000;}.fusion-button.button-1:hover .fusion-button-text, .fusion-button.button-1:hover i,.fusion-button.button-1:focus .fusion-button-text, .fusion-button.button-1:focus i,.fusion-button.button-1:active .fusion-button-text, .fusion-button.button-1:active{color:#000000;}.fusion-button.button-1:hover, .fusion-button.button-1:focus, .fusion-button.button-1:active{border-width:1px;border-color:#000000;}.fusion-button.button-1:hover .fusion-button-icon-divider, .fusion-button.button-1:hover .fusion-button-icon-divider, .fusion-button.button-1:active .fusion-button-icon-divider{border-color:#000000;}.fusion-button.button-1{width:auto;}<\/style><a class=\"fusion-button button-flat fusion-button-square button-medium button-default button-1\" target=\"_blank\" rel=\"noopener noreferrer\" href=\"http:\/\/terradeltuono.it\/b2bfr\/wp-content\/uploads\/sites\/10\/2018\/07\/AR250BIOSRE.pdf\"><i class=\"fa fa-file-pdf-o button-icon-left\"><\/i><span class=\"fusion-button-text\">FICHE TECHNIQUE<\/span><\/a><\/div><div class=\"fusion-sep-clear\"><\/div><div class=\"fusion-separator sep-single sep-solid\" style=\"border-color:#666666;border-top-width:3px;margin-top:30px;margin-bottom:50px;width:100%;max-width:90px;\"><\/div><ul class=\"fusion-checklist fusion-checklist-1\" style=\"font-size:13px;line-height:22.1px;\"><li class=\"fusion-li-item\"><span style=\"height:22.1px;width:22.1px;margin-right:9.1px;\" class=\"icon-wrapper circle-no\"><i class=\"fusion-li-icon fa fa-adjust\" style=\"color:#666666;\"><\/i><\/span><div class=\"fusion-li-item-content\" style=\"margin-left:31.2px;\"><strong>Couleur\u00a0:<\/strong>  Noir intense.<\/div><\/li><li class=\"fusion-li-item\"><span style=\"height:22.1px;width:22.1px;margin-right:9.1px;\" class=\"icon-wrapper circle-no\"><i class=\"fusion-li-icon fa fa-fire\" style=\"color:#666666;\"><\/i><\/span><div class=\"fusion-li-item-content\" style=\"margin-left:31.2px;\"><strong>Caract\u00e9ristiques olfactives\u00a0:\u00a0<\/strong> Avec une bonne persistance aromatique, il a des ar\u00f4mes intenses de raisins m\u00fbrs, avec de fortes notes fruit\u00e9es.<\/div><\/li><li class=\"fusion-li-item\"><span style=\"height:22.1px;width:22.1px;margin-right:9.1px;\" class=\"icon-wrapper circle-no\"><i class=\"fusion-li-icon fa fa-cutlery\" style=\"color:#666666;\"><\/i><\/span><div class=\"fusion-li-item-content\" style=\"margin-left:31.2px;\"><strong>Go\u00fbt\u00a0:\u00a0<\/strong>  Le go\u00fbt est doux et profond, cors\u00e9, avec des saveurs enveloppantes et persistantes.<\/div><\/li><li class=\"fusion-li-item\"><span style=\"height:22.1px;width:22.1px;margin-right:9.1px;\" class=\"icon-wrapper circle-no\"><i class=\"fusion-li-icon fa fa-tint\" style=\"color:#666666;\"><\/i><\/span><div class=\"fusion-li-item-content\" style=\"margin-left:31.2px;\"><strong>Densit\u00e9\u00a0: <\/strong>\u00a0Environ 1,20<\/div><\/li><li class=\"fusion-li-item\"><span style=\"height:22.1px;width:22.1px;margin-right:9.1px;\" class=\"icon-wrapper circle-no\"><i class=\"fusion-li-icon fa fa-map-pin\" style=\"color:#666666;\"><\/i><\/span><div class=\"fusion-li-item-content\" style=\"margin-left:31.2px;\"><strong>Acidit\u00e9\u00a0: <\/strong>\u00a06%<\/div><\/li><li class=\"fusion-li-item\"><span style=\"height:22.1px;width:22.1px;margin-right:9.1px;\" class=\"icon-wrapper circle-no\"><i class=\"fusion-li-icon fa fa-leaf\" style=\"color:#666666;\"><\/i><\/span><div class=\"fusion-li-item-content\" style=\"margin-left:31.2px;\"><strong>Vieillissement\u00a0: <\/strong>\u00a0Vieilli en f\u00fbts de ch\u00eane.<\/div><\/li><li class=\"fusion-li-item\"><span style=\"height:22.1px;width:22.1px;margin-right:9.1px;\" class=\"icon-wrapper circle-no\"><i class=\"fusion-li-icon fa fa-tachometer\" style=\"color:#666666;\"><\/i><\/span><div class=\"fusion-li-item-content\" style=\"margin-left:31.2px;\"><strong>Ingr\u00e9dients\u00a0:<\/strong>\u00a0 Mo\u00fbt de raisin cuit bio, vinaigre de vin bio.<\/div><\/li><\/ul><div class=\"fusion-clearfix\"><\/div>\n\n\t\t\t\t\t<\/div>\n\t\t\t\t<\/div><\/div><\/div>\n","protected":false},"excerpt":{"rendered":"","protected":false},"featured_media":130,"template":"","meta":[],"class_list":{"0":"post-129","1":"product","2":"type-product","3":"status-publish","4":"has-post-thumbnail","6":"product_cat-vinaigres-et-condiments","7":"product-grid-view","9":"first","10":"instock","11":"shipping-taxable","12":"product-type-simple"},"_links":{"self":[{"href":"https:\/\/www.terradeltuono.it\/b2bfr\/wp-json\/wp\/v2\/product\/129","targetHints":{"allow":["GET"]}}],"collection":[{"href":"https:\/\/www.terradeltuono.it\/b2bfr\/wp-json\/wp\/v2\/product"}],"about":[{"href":"https:\/\/www.terradeltuono.it\/b2bfr\/wp-json\/wp\/v2\/types\/product"}],"wp:featuredmedia":[{"embeddable":true,"href":"https:\/\/www.terradeltuono.it\/b2bfr\/wp-json\/wp\/v2\/media\/130"}],"wp:attachment":[{"href":"https:\/\/www.terradeltuono.it\/b2bfr\/wp-json\/wp\/v2\/media?parent=129"}],"curies":[{"name":"wp","href":"https:\/\/api.w.org\/{rel}","templated":true}]}}