{"id":195,"date":"2018-06-19T17:05:32","date_gmt":"2018-06-19T15:05:32","guid":{"rendered":"http:\/\/terradeltuono.it\/b2bes\/prodotto\/bta\/"},"modified":"2020-07-16T15:24:53","modified_gmt":"2020-07-16T13:24:53","slug":"vinagre-balsamico-tradicional-de-reggio-emilia-etiqueta-plata","status":"publish","type":"product","link":"https:\/\/www.terradeltuono.it\/b2bes\/prodotto\/vinagre-balsamico-tradicional-de-reggio-emilia-etiqueta-plata\/","title":{"rendered":"Vinagre Balsamico Tradicional de Reggio emilia &#8211; Etiqueta Plata"},"content":{"rendered":"<div class=\"fusion-fullwidth fullwidth-box nonhundred-percent-fullwidth non-hundred-percent-height-scrolling\"  style='background-color: rgba(255,255,255,0);background-position: center center;background-repeat: no-repeat;padding-top:0px;padding-right:0px;padding-bottom:0px;padding-left:0px;'><div class=\"fusion-builder-row fusion-row \"><div  class=\"fusion-layout-column fusion_builder_column fusion_builder_column_1_1  fusion-one-full fusion-column-first fusion-column-last 1_1\"  style='margin-top:0px;margin-bottom:0px;'>\n\t\t\t\t\t<div class=\"fusion-column-wrapper\" style=\"padding: 0px 0px 0px 0px;background-position:left top;background-repeat:no-repeat;-webkit-background-size:cover;-moz-background-size:cover;-o-background-size:cover;background-size:cover;\"  data-bg-url=\"\">\n\t\t\t\t\t\t<div class=\"fusion-text\"><p>El color es negro, l\u00ecmpido y brillante. Tiene una densidad fuerte y una fluidez de alm\u00ecbar, un perfume penetrante y persistente, sabores dulces y agrios bien amalgamados, en armon\u00eca con los car\u00e0cteres organol\u00e9pticos establecidos por el organismos disciplinar de tutela del Consorcio del Vinagre Bals\u00e0mico Tradiconal. Tiene una acidez equilibrada de sabor dulce.<\/p>\n<p>El Vinagre Bals\u00e0mico Plata se utilza a crudo. Su sabor complejo y armonioso se une muy bien con primeros platos de guisados a base de carnes y con sufl\u00e9s. <\/p>\n<p>Es \u00f2ptimo con la mayonesa, con carnes, pescados, arroces, verduras y mariscos.<\/p>\n<p>Ideal con asados de carnes, quesos curados, pat\u00e9 de higado y postres<\/p>\n<\/div><div class=\"fusion-button-wrapper\"><style type=\"text\/css\" scoped=\"scoped\">.fusion-button.button-1 .fusion-button-text, .fusion-button.button-1 i {color:#000000;}.fusion-button.button-1 {border-width:1px;border-color:#000000;}.fusion-button.button-1 .fusion-button-icon-divider{border-color:#000000;}.fusion-button.button-1:hover .fusion-button-text, .fusion-button.button-1:hover i,.fusion-button.button-1:focus .fusion-button-text, .fusion-button.button-1:focus i,.fusion-button.button-1:active .fusion-button-text, .fusion-button.button-1:active{color:#000000;}.fusion-button.button-1:hover, .fusion-button.button-1:focus, .fusion-button.button-1:active{border-width:1px;border-color:#000000;}.fusion-button.button-1:hover .fusion-button-icon-divider, .fusion-button.button-1:hover .fusion-button-icon-divider, .fusion-button.button-1:active .fusion-button-icon-divider{border-color:#000000;}.fusion-button.button-1{width:auto;}<\/style><a class=\"fusion-button button-flat fusion-button-square button-medium button-default button-1\" target=\"_blank\" rel=\"noopener noreferrer\" href=\"http:\/\/terradeltuono.it\/b2bes\/wp-content\/uploads\/sites\/15\/2018\/07\/BTA.pdf\"><i class=\"fa fa-file-pdf-o button-icon-left\"><\/i><span class=\"fusion-button-text\">Ficha t\u00e9cnica<\/span><\/a><\/div><div class=\"fusion-sep-clear\"><\/div><div class=\"fusion-separator sep-single sep-solid\" style=\"border-color:#666666;border-top-width:3px;margin-top:30px;margin-bottom:50px;width:100%;max-width:90px;\"><\/div><ul class=\"fusion-checklist fusion-checklist-1\" style=\"font-size:13px;line-height:22.1px;\"><li class=\"fusion-li-item\"><span style=\"height:22.1px;width:22.1px;margin-right:9.1px;\" class=\"icon-wrapper circle-no\"><i class=\"fusion-li-icon fa fa-adjust\" style=\"color:#666666;\"><\/i><\/span><div class=\"fusion-li-item-content\" style=\"margin-left:31.2px;\"><strong>Color:<\/strong>Negro brillante, de gran espesor y densidad.<\/div><\/li><li class=\"fusion-li-item\"><span style=\"height:22.1px;width:22.1px;margin-right:9.1px;\" class=\"icon-wrapper circle-no\"><i class=\"fusion-li-icon fa fa-fire\" style=\"color:#666666;\"><\/i><\/span><div class=\"fusion-li-item-content\" style=\"margin-left:31.2px;\"><strong>Olfato:\u00a0<\/strong> Bouquet complejo y persistente con fuertes toques bals\u00e0micos, perfune amplio y afrutado.<\/div><\/li><li class=\"fusion-li-item\"><span style=\"height:22.1px;width:22.1px;margin-right:9.1px;\" class=\"icon-wrapper circle-no\"><i class=\"fusion-li-icon fa fa-cutlery\" style=\"color:#666666;\"><\/i><\/span><div class=\"fusion-li-item-content\" style=\"margin-left:31.2px;\"><strong>Gusto:\u00a0<\/strong> Sabor de gran estructura, completo, armonioso, terciopelado y suave.<\/div><\/li><li class=\"fusion-li-item\"><span style=\"height:22.1px;width:22.1px;margin-right:9.1px;\" class=\"icon-wrapper circle-no\"><i class=\"fusion-li-icon fa fa-tint\" style=\"color:#666666;\"><\/i><\/span><div class=\"fusion-li-item-content\" style=\"margin-left:31.2px;\"><strong>Densidad:<\/strong> Casi 1,35<\/div><\/li><li class=\"fusion-li-item\"><span style=\"height:22.1px;width:22.1px;margin-right:9.1px;\" class=\"icon-wrapper circle-no\"><i class=\"fusion-li-icon fa fa-tint\" style=\"color:#666666;\"><\/i><\/span><div class=\"fusion-li-item-content\" style=\"margin-left:31.2px;\"><strong>Envejecimiento: <\/strong>Tradicional, con trasvases anuales en peque\u00f1os barriles de diferentes y valiosas maderas.<\/div><\/li><li class=\"fusion-li-item\"><span style=\"height:22.1px;width:22.1px;margin-right:9.1px;\" class=\"icon-wrapper circle-no\"><i class=\"fusion-li-icon fa fa-tachometer\" style=\"color:#666666;\"><\/i><\/span><div class=\"fusion-li-item-content\" style=\"margin-left:31.2px;\"><strong>Ingredientes:<\/strong> Mostos cocidos de uvas italianas, afinados seg\u00f9n tradici\u00f2n en barriles de roble, casta\u00f1o, cerezo, morera y enebro. Producto artesanal de alta calidad, natural al 100%. No contiene colorantes, densificantes, conservantes ni carmelos.<\/div><\/li><\/ul><div class=\"fusion-clearfix\"><\/div>\n\n\t\t\t\t\t<\/div>\n\t\t\t\t<\/div><\/div><\/div>\n","protected":false},"excerpt":{"rendered":"","protected":false},"featured_media":196,"template":"","meta":[],"class_list":{"0":"post-195","1":"product","2":"type-product","3":"status-publish","4":"has-post-thumbnail","6":"product_cat-tradicional","7":"product-grid-view","9":"first","10":"instock","11":"shipping-taxable","12":"product-type-simple"},"_links":{"self":[{"href":"https:\/\/www.terradeltuono.it\/b2bes\/wp-json\/wp\/v2\/product\/195","targetHints":{"allow":["GET"]}}],"collection":[{"href":"https:\/\/www.terradeltuono.it\/b2bes\/wp-json\/wp\/v2\/product"}],"about":[{"href":"https:\/\/www.terradeltuono.it\/b2bes\/wp-json\/wp\/v2\/types\/product"}],"wp:featuredmedia":[{"embeddable":true,"href":"https:\/\/www.terradeltuono.it\/b2bes\/wp-json\/wp\/v2\/media\/196"}],"wp:attachment":[{"href":"https:\/\/www.terradeltuono.it\/b2bes\/wp-json\/wp\/v2\/media?parent=195"}],"curies":[{"name":"wp","href":"https:\/\/api.w.org\/{rel}","templated":true}]}}