{"id":64,"date":"2018-04-17T17:23:22","date_gmt":"2018-04-17T15:23:22","guid":{"rendered":"http:\/\/terradeltuono.it\/b2bes\/news\/"},"modified":"2020-07-17T16:56:02","modified_gmt":"2020-07-17T14:56:02","slug":"noticias-y-reconocimientos","status":"publish","type":"page","link":"https:\/\/www.terradeltuono.it\/b2bes\/noticias-y-reconocimientos\/","title":{"rendered":"Noticias y Reconocimientos"},"content":{"rendered":"<div class=\"fusion-fullwidth fullwidth-box hundred-percent-fullwidth non-hundred-percent-height-scrolling fusion-equal-height-columns\"  style='background-color: rgba(255,255,255,0);background-position: center center;background-repeat: no-repeat;padding-top:100px;padding-right:60px;padding-bottom:100px;padding-left:60px;'><div class=\"fusion-builder-row fusion-row \"><div  class=\"fusion-layout-column fusion_builder_column fusion_builder_column_1_1  fusion-one-full fusion-column-first fusion-column-last 1_1\"  style='margin-top:0px;margin-bottom:0px;'>\n\t\t\t\t\t<div class=\"fusion-column-wrapper\" style=\"padding: 0px 0px 0px 0px;background-position:left top;background-repeat:no-repeat;-webkit-background-size:cover;-moz-background-size:cover;-o-background-size:cover;background-size:cover;\"  data-bg-url=\"\">\n\t\t\t\t\t\t<div class=\"fusion-blog-shortcode fusion-blog-shortcode-1 fusion-blog-archive fusion-blog-layout-grid-wrapper fusion-blog-infinite\"><style type=\"text\/css\">.fusion-blog-shortcode-1 .fusion-blog-layout-grid .fusion-post-grid{padding:20px;}.fusion-blog-shortcode-1 .fusion-posts-container{margin-left: -20px !important; margin-right:-20px !important;}<\/style><div class=\"fusion-posts-container fusion-posts-container-infinite fusion-blog-rollover fusion-blog-layout-grid fusion-blog-layout-grid-3 isotope fusion-blog-equal-heights\" data-pages=\"3\" data-grid-col-space=\"40\" style=\"margin: -20px -20px 0;min-height:500px;\"><article id=\"blog-1-post-669\" class=\"fusion-post-grid post-669 post type-post status-publish format-chat hentry category-uncategorized post_format-post-format-chat\">\n<div class=\"fusion-post-wrapper\" style=\"background-color:rgba(255,255,255,0);border:1px solid #ebeaea;border-bottom-width:3px;\">\n\n<div class=\"fusion-post-content-wrapper\" style=\"padding:30px 25px 20px 25px;\"><div class=\"fusion-post-content post-content\"><h2 class=\"blog-shortcode-post-title entry-title\"><a href=\"https:\/\/www.terradeltuono.it\/b2bes\/2026\/04\/15\/tipico-casino-promocode-in-sterreich-finden-und-einlosen\/\">Tipico Casino Promocode In \u00d6sterreich: Finden Und Einl\u00f6sen<\/a><\/h2><p class=\"fusion-single-line-meta\">\n\t\t\t\n\t\t\t\t\t\t\t<span class=\"vcard\" style=\"display: none;\">\n\t\t\t\t\t<span class=\"fn\">\n\t\t\t\t\t\t<a href=\"https:\/\/www.terradeltuono.it\/b2bes\/author\/acetaia\/\" title=\"Entradas de Acetaia\" rel=\"author\">Acetaia<\/a>\t\t\t\t\t<\/span>\n\t\t\t\t<\/span>\n\t\t\t\n\t\t\t\n\t\t\n\t\t\t\n\t\t\t\n\t\t\t\t\t\t\t<span class=\"updated\" style=\"display:none;\">\n\t\t\t\t\t2026-04-15T10:50:49+02:00\t\t\t\t<\/span>\n\t\t\t\n\t\t<span>abril 15th, 2026<\/span><span class=\"fusion-inline-sep\">|<\/span><\/p><div class=\"fusion-content-sep sep-double sep-solid\" style=\"border-color:#ebeaea;\"><\/div><div class=\"fusion-post-content-container\"><p>Erfahren Sie, wie Sie einen Tipico Casino Promocode in \u00d6sterreich finden und korrekt einl\u00f6sen, um von exklusiven Boni zu profitieren. Jetzt informieren.<\/p><\/div><\/div><\/div><div class=\"fusion-clearfix\"><\/div><\/div>\n<\/article>\n<article id=\"blog-1-post-667\" class=\"fusion-post-grid post-667 post type-post status-publish format-chat hentry category-uncategorized post_format-post-format-chat\">\n<div class=\"fusion-post-wrapper\" style=\"background-color:rgba(255,255,255,0);border:1px solid #ebeaea;border-bottom-width:3px;\">\n\n<div class=\"fusion-post-content-wrapper\" style=\"padding:30px 25px 20px 25px;\"><div class=\"fusion-post-content post-content\"><h2 class=\"blog-shortcode-post-title entry-title\"><a href=\"https:\/\/www.terradeltuono.it\/b2bes\/2026\/04\/15\/tg-casino-login-in-der-schweiz-probleme-und-losungen\/\">Tg Casino Login In Der Schweiz: Probleme Und L\u00f6sungen<\/a><\/h2><p class=\"fusion-single-line-meta\">\n\t\t\t\n\t\t\t\t\t\t\t<span class=\"vcard\" style=\"display: none;\">\n\t\t\t\t\t<span class=\"fn\">\n\t\t\t\t\t\t<a href=\"https:\/\/www.terradeltuono.it\/b2bes\/author\/acetaia\/\" title=\"Entradas de Acetaia\" rel=\"author\">Acetaia<\/a>\t\t\t\t\t<\/span>\n\t\t\t\t<\/span>\n\t\t\t\n\t\t\t\n\t\t\n\t\t\t\n\t\t\t\n\t\t\t\t\t\t\t<span class=\"updated\" style=\"display:none;\">\n\t\t\t\t\t2026-04-15T09:56:49+02:00\t\t\t\t<\/span>\n\t\t\t\n\t\t<span>abril 15th, 2026<\/span><span class=\"fusion-inline-sep\">|<\/span><\/p><div class=\"fusion-content-sep sep-double sep-solid\" style=\"border-color:#ebeaea;\"><\/div><div class=\"fusion-post-content-container\"><p>Haben Sie Probleme beim Tg Casino Login? Finden Sie hier schnelle L\u00f6sungen f\u00fcr h\u00e4ufige Anmeldeprobleme und erfahren Sie, wie Sie wieder Zugang zu Ihrem Konto erhalten.<\/p><\/div><\/div><\/div><div class=\"fusion-clearfix\"><\/div><\/div>\n<\/article>\n<article id=\"blog-1-post-663\" class=\"fusion-post-grid post-663 post type-post status-publish format-chat hentry category-uncategorized post_format-post-format-chat\">\n<div class=\"fusion-post-wrapper\" style=\"background-color:rgba(255,255,255,0);border:1px solid #ebeaea;border-bottom-width:3px;\">\n\n<div class=\"fusion-post-content-wrapper\" style=\"padding:30px 25px 20px 25px;\"><div class=\"fusion-post-content post-content\"><h2 class=\"blog-shortcode-post-title entry-title\"><a href=\"https:\/\/www.terradeltuono.it\/b2bes\/2026\/04\/02\/discover-the-top-game-selection-at-prive-casino-a-comprehensive-overview\/\">Discover the Top Game Selection at Prive Casino: A Comprehensive Overview<\/a><\/h2><p class=\"fusion-single-line-meta\">\n\t\t\t\n\t\t\t\t\t\t\t<span class=\"vcard\" style=\"display: none;\">\n\t\t\t\t\t<span class=\"fn\">\n\t\t\t\t\t\t<a href=\"https:\/\/www.terradeltuono.it\/b2bes\/author\/acetaia\/\" title=\"Entradas de Acetaia\" rel=\"author\">Acetaia<\/a>\t\t\t\t\t<\/span>\n\t\t\t\t<\/span>\n\t\t\t\n\t\t\t\n\t\t\n\t\t\t\n\t\t\t\n\t\t\t\t\t\t\t<span class=\"updated\" style=\"display:none;\">\n\t\t\t\t\t2026-04-02T13:35:10+02:00\t\t\t\t<\/span>\n\t\t\t\n\t\t<span>abril 2nd, 2026<\/span><span class=\"fusion-inline-sep\">|<\/span><\/p><div class=\"fusion-content-sep sep-double sep-solid\" style=\"border-color:#ebeaea;\"><\/div><div class=\"fusion-post-content-container\"><p>Explore the ultimate game collection at Prive Casino and elevate your gaming experience with top-tier selections.<\/p><\/div><\/div><\/div><div class=\"fusion-clearfix\"><\/div><\/div>\n<\/article>\n<article id=\"blog-1-post-661\" class=\"fusion-post-grid post-661 post type-post status-publish format-chat hentry category-uncategorized post_format-post-format-chat\">\n<div class=\"fusion-post-wrapper\" style=\"background-color:rgba(255,255,255,0);border:1px solid #ebeaea;border-bottom-width:3px;\">\n\n<div class=\"fusion-post-content-wrapper\" style=\"padding:30px 25px 20px 25px;\"><div class=\"fusion-post-content post-content\"><h2 class=\"blog-shortcode-post-title entry-title\"><a href=\"https:\/\/www.terradeltuono.it\/b2bes\/2026\/03\/31\/dr-slot-casino-legal-safe-and-fair-gaming-in-the-uk\/\">Dr Slot Casino: Legal, Safe, And Fair Gaming In The UK<\/a><\/h2><p class=\"fusion-single-line-meta\">\n\t\t\t\n\t\t\t\t\t\t\t<span class=\"vcard\" style=\"display: none;\">\n\t\t\t\t\t<span class=\"fn\">\n\t\t\t\t\t\t<a href=\"https:\/\/www.terradeltuono.it\/b2bes\/author\/acetaia\/\" title=\"Entradas de Acetaia\" rel=\"author\">Acetaia<\/a>\t\t\t\t\t<\/span>\n\t\t\t\t<\/span>\n\t\t\t\n\t\t\t\n\t\t\n\t\t\t\n\t\t\t\n\t\t\t\t\t\t\t<span class=\"updated\" style=\"display:none;\">\n\t\t\t\t\t2026-03-31T16:20:41+02:00\t\t\t\t<\/span>\n\t\t\t\n\t\t<span>marzo 31st, 2026<\/span><span class=\"fusion-inline-sep\">|<\/span><\/p><div class=\"fusion-content-sep sep-double sep-solid\" style=\"border-color:#ebeaea;\"><\/div><div class=\"fusion-post-content-container\"><p>Explore the legality and safety of Dr Slot Casino in the UK. We cover its UKGC license, security measures, and commitment to fair play for all users. Discover why it's a trusted choice.<\/p><\/div><\/div><\/div><div class=\"fusion-clearfix\"><\/div><\/div>\n<\/article>\n<article id=\"blog-1-post-659\" class=\"fusion-post-grid post-659 post type-post status-publish format-chat hentry category-uncategorized post_format-post-format-chat\">\n<div class=\"fusion-post-wrapper\" style=\"background-color:rgba(255,255,255,0);border:1px solid #ebeaea;border-bottom-width:3px;\">\n\n<div class=\"fusion-post-content-wrapper\" style=\"padding:30px 25px 20px 25px;\"><div class=\"fusion-post-content post-content\"><h2 class=\"blog-shortcode-post-title entry-title\"><a href=\"https:\/\/www.terradeltuono.it\/b2bes\/2026\/03\/31\/effortless-withdrawals-an-in-depth-guide-to-oceanspin-casinos-payout-process\/\">Effortless Withdrawals: An In-depth Guide to Oceanspin Casino&#8217;s Payout Process<\/a><\/h2><p class=\"fusion-single-line-meta\">\n\t\t\t\n\t\t\t\t\t\t\t<span class=\"vcard\" style=\"display: none;\">\n\t\t\t\t\t<span class=\"fn\">\n\t\t\t\t\t\t<a href=\"https:\/\/www.terradeltuono.it\/b2bes\/author\/acetaia\/\" title=\"Entradas de Acetaia\" rel=\"author\">Acetaia<\/a>\t\t\t\t\t<\/span>\n\t\t\t\t<\/span>\n\t\t\t\n\t\t\t\n\t\t\n\t\t\t\n\t\t\t\n\t\t\t\t\t\t\t<span class=\"updated\" style=\"display:none;\">\n\t\t\t\t\t2026-03-31T15:35:04+02:00\t\t\t\t<\/span>\n\t\t\t\n\t\t<span>marzo 31st, 2026<\/span><span class=\"fusion-inline-sep\">|<\/span><\/p><div class=\"fusion-content-sep sep-double sep-solid\" style=\"border-color:#ebeaea;\"><\/div><div class=\"fusion-post-content-container\"><p>Discover the smooth and secure withdrawal process at Oceanspin Casino. A must-read for hassle-free cashouts!<\/p><\/div><\/div><\/div><div class=\"fusion-clearfix\"><\/div><\/div>\n<\/article>\n<article id=\"blog-1-post-657\" class=\"fusion-post-grid post-657 post type-post status-publish format-chat hentry category-uncategorized post_format-post-format-chat\">\n<div class=\"fusion-post-wrapper\" style=\"background-color:rgba(255,255,255,0);border:1px solid #ebeaea;border-bottom-width:3px;\">\n\n<div class=\"fusion-post-content-wrapper\" style=\"padding:30px 25px 20px 25px;\"><div class=\"fusion-post-content post-content\"><h2 class=\"blog-shortcode-post-title entry-title\"><a href=\"https:\/\/www.terradeltuono.it\/b2bes\/2026\/03\/31\/god-of-coins-payment-methods-for-uk-deposits-and-withdrawals\/\">God Of Coins Payment Methods For UK Deposits And Withdrawals<\/a><\/h2><p class=\"fusion-single-line-meta\">\n\t\t\t\n\t\t\t\t\t\t\t<span class=\"vcard\" style=\"display: none;\">\n\t\t\t\t\t<span class=\"fn\">\n\t\t\t\t\t\t<a href=\"https:\/\/www.terradeltuono.it\/b2bes\/author\/acetaia\/\" title=\"Entradas de Acetaia\" rel=\"author\">Acetaia<\/a>\t\t\t\t\t<\/span>\n\t\t\t\t<\/span>\n\t\t\t\n\t\t\t\n\t\t\n\t\t\t\n\t\t\t\n\t\t\t\t\t\t\t<span class=\"updated\" style=\"display:none;\">\n\t\t\t\t\t2026-03-31T15:05:16+02:00\t\t\t\t<\/span>\n\t\t\t\n\t\t<span>marzo 31st, 2026<\/span><span class=\"fusion-inline-sep\">|<\/span><\/p><div class=\"fusion-content-sep sep-double sep-solid\" style=\"border-color:#ebeaea;\"><\/div><div class=\"fusion-post-content-container\"><p>Explore the secure and flexible payment methods at God of Coins for UK players. Learn about deposits, withdrawals, limits, and processing times to start playing today.<\/p><\/div><\/div><\/div><div class=\"fusion-clearfix\"><\/div><\/div>\n<\/article>\n<article id=\"blog-1-post-655\" class=\"fusion-post-grid post-655 post type-post status-publish format-chat hentry category-uncategorized post_format-post-format-chat\">\n<div class=\"fusion-post-wrapper\" style=\"background-color:rgba(255,255,255,0);border:1px solid #ebeaea;border-bottom-width:3px;\">\n\n<div class=\"fusion-post-content-wrapper\" style=\"padding:30px 25px 20px 25px;\"><div class=\"fusion-post-content post-content\"><h2 class=\"blog-shortcode-post-title entry-title\"><a href=\"https:\/\/www.terradeltuono.it\/b2bes\/2026\/03\/31\/the-evolution-of-savaspin-casino-unveiling-its-journey-from-inception-to-now\/\">The Evolution of SavaSpin Casino: Unveiling Its Journey from Inception to Now<\/a><\/h2><p class=\"fusion-single-line-meta\">\n\t\t\t\n\t\t\t\t\t\t\t<span class=\"vcard\" style=\"display: none;\">\n\t\t\t\t\t<span class=\"fn\">\n\t\t\t\t\t\t<a href=\"https:\/\/www.terradeltuono.it\/b2bes\/author\/acetaia\/\" title=\"Entradas de Acetaia\" rel=\"author\">Acetaia<\/a>\t\t\t\t\t<\/span>\n\t\t\t\t<\/span>\n\t\t\t\n\t\t\t\n\t\t\n\t\t\t\n\t\t\t\n\t\t\t\t\t\t\t<span class=\"updated\" style=\"display:none;\">\n\t\t\t\t\t2026-03-31T14:43:46+02:00\t\t\t\t<\/span>\n\t\t\t\n\t\t<span>marzo 31st, 2026<\/span><span class=\"fusion-inline-sep\">|<\/span><\/p><div class=\"fusion-content-sep sep-double sep-solid\" style=\"border-color:#ebeaea;\"><\/div><div class=\"fusion-post-content-container\"><p>Discover how SavaSpin Casino transformed from launch to now, a fascinating journey in online gaming.<\/p><\/div><\/div><\/div><div class=\"fusion-clearfix\"><\/div><\/div>\n<\/article>\n<article id=\"blog-1-post-653\" class=\"fusion-post-grid post-653 post type-post status-publish format-chat hentry category-uncategorized post_format-post-format-chat\">\n<div class=\"fusion-post-wrapper\" style=\"background-color:rgba(255,255,255,0);border:1px solid #ebeaea;border-bottom-width:3px;\">\n\n<div class=\"fusion-post-content-wrapper\" style=\"padding:30px 25px 20px 25px;\"><div class=\"fusion-post-content post-content\"><h2 class=\"blog-shortcode-post-title entry-title\"><a href=\"https:\/\/www.terradeltuono.it\/b2bes\/2026\/03\/31\/discover-top-sports-betting-options-at-golden-panda-casino\/\">Discover Top Sports Betting Options at Golden Panda Casino<\/a><\/h2><p class=\"fusion-single-line-meta\">\n\t\t\t\n\t\t\t\t\t\t\t<span class=\"vcard\" style=\"display: none;\">\n\t\t\t\t\t<span class=\"fn\">\n\t\t\t\t\t\t<a href=\"https:\/\/www.terradeltuono.it\/b2bes\/author\/acetaia\/\" title=\"Entradas de Acetaia\" rel=\"author\">Acetaia<\/a>\t\t\t\t\t<\/span>\n\t\t\t\t<\/span>\n\t\t\t\n\t\t\t\n\t\t\n\t\t\t\n\t\t\t\n\t\t\t\t\t\t\t<span class=\"updated\" style=\"display:none;\">\n\t\t\t\t\t2026-03-31T07:44:54+02:00\t\t\t\t<\/span>\n\t\t\t\n\t\t<span>marzo 31st, 2026<\/span><span class=\"fusion-inline-sep\">|<\/span><\/p><div class=\"fusion-content-sep sep-double sep-solid\" style=\"border-color:#ebeaea;\"><\/div><div class=\"fusion-post-content-container\"><p>Explore diverse sports betting options and exciting opportunities at Golden Panda Casino today!<\/p><\/div><\/div><\/div><div class=\"fusion-clearfix\"><\/div><\/div>\n<\/article>\n<article id=\"blog-1-post-651\" class=\"fusion-post-grid post-651 post type-post status-publish format-chat hentry category-uncategorized post_format-post-format-chat\">\n<div class=\"fusion-post-wrapper\" style=\"background-color:rgba(255,255,255,0);border:1px solid #ebeaea;border-bottom-width:3px;\">\n\n<div class=\"fusion-post-content-wrapper\" style=\"padding:30px 25px 20px 25px;\"><div class=\"fusion-post-content post-content\"><h2 class=\"blog-shortcode-post-title entry-title\"><a href=\"https:\/\/www.terradeltuono.it\/b2bes\/2026\/03\/27\/strumenti-di-autoesclusione-su-liraspin-casino-in-italia\/\">Strumenti Di Autoesclusione Su LiraSpin Casino In Italia<\/a><\/h2><p class=\"fusion-single-line-meta\">\n\t\t\t\n\t\t\t\t\t\t\t<span class=\"vcard\" style=\"display: none;\">\n\t\t\t\t\t<span class=\"fn\">\n\t\t\t\t\t\t<a href=\"https:\/\/www.terradeltuono.it\/b2bes\/author\/acetaia\/\" title=\"Entradas de Acetaia\" rel=\"author\">Acetaia<\/a>\t\t\t\t\t<\/span>\n\t\t\t\t<\/span>\n\t\t\t\n\t\t\t\n\t\t\n\t\t\t\n\t\t\t\n\t\t\t\t\t\t\t<span class=\"updated\" style=\"display:none;\">\n\t\t\t\t\t2026-03-27T18:31:34+01:00\t\t\t\t<\/span>\n\t\t\t\n\t\t<span>marzo 27th, 2026<\/span><span class=\"fusion-inline-sep\">|<\/span><\/p><div class=\"fusion-content-sep sep-double sep-solid\" style=\"border-color:#ebeaea;\"><\/div><div class=\"fusion-post-content-container\"><p>Strumenti di autoesclusione e aiuto per il gioco d'azzardo su LiraSpin Casino in Italia: scopri limiti, blocchi e supporto per giocare in modo responsabile.<\/p><\/div><\/div><\/div><div class=\"fusion-clearfix\"><\/div><\/div>\n<\/article>\n<article id=\"blog-1-post-649\" class=\"fusion-post-grid post-649 post type-post status-publish format-chat hentry category-uncategorized post_format-post-format-chat\">\n<div class=\"fusion-post-wrapper\" style=\"background-color:rgba(255,255,255,0);border:1px solid #ebeaea;border-bottom-width:3px;\">\n\n<div class=\"fusion-post-content-wrapper\" style=\"padding:30px 25px 20px 25px;\"><div class=\"fusion-post-content post-content\"><h2 class=\"blog-shortcode-post-title entry-title\"><a href=\"https:\/\/www.terradeltuono.it\/b2bes\/2026\/03\/27\/winbeast-casino\/\">\u0391\u03bd\u03ac\u03bb\u03c5\u03c3\u03b7 Winbeast Casino: \u03a0\u03bb\u03b5\u03bf\u03bd\u03b5\u03ba\u03c4\u03ae\u03bc\u03b1\u03c4\u03b1 \u039a\u03b1\u03b9 \u039c\u03b5\u03b9\u03bf\u03bd\u03b5\u03ba\u03c4\u03ae\u03bc\u03b1\u03c4\u03b1 \u0393\u03b9\u03b1 \u03a4\u03b7\u03bd \u0395\u03bb\u03bb\u03ac\u03b4\u03b1<\/a><\/h2><p class=\"fusion-single-line-meta\">\n\t\t\t\n\t\t\t\t\t\t\t<span class=\"vcard\" style=\"display: none;\">\n\t\t\t\t\t<span class=\"fn\">\n\t\t\t\t\t\t<a href=\"https:\/\/www.terradeltuono.it\/b2bes\/author\/acetaia\/\" title=\"Entradas de Acetaia\" rel=\"author\">Acetaia<\/a>\t\t\t\t\t<\/span>\n\t\t\t\t<\/span>\n\t\t\t\n\t\t\t\n\t\t\n\t\t\t\n\t\t\t\n\t\t\t\t\t\t\t<span class=\"updated\" style=\"display:none;\">\n\t\t\t\t\t2026-03-27T10:23:01+01:00\t\t\t\t<\/span>\n\t\t\t\n\t\t<span>marzo 27th, 2026<\/span><span class=\"fusion-inline-sep\">|<\/span><\/p><div class=\"fusion-content-sep sep-double sep-solid\" style=\"border-color:#ebeaea;\"><\/div><div class=\"fusion-post-content-container\"><p>\u0395\u03be\u03b5\u03c4\u03ac\u03b6\u03bf\u03c5\u03bc\u03b5 \u03c4\u03b1 \u03c0\u03bb\u03b5\u03bf\u03bd\u03b5\u03ba\u03c4\u03ae\u03bc\u03b1\u03c4\u03b1 \u03ba\u03b1\u03b9 \u03c4\u03b1 \u03bc\u03b5\u03b9\u03bf\u03bd\u03b5\u03ba\u03c4\u03ae\u03bc\u03b1\u03c4\u03b1 \u03c4\u03bf\u03c5 Winbeast Casino \u03b3\u03b9\u03b1 \u03c4\u03bf\u03c5\u03c2 \u0388\u03bb\u03bb\u03b7\u03bd\u03b5\u03c2 \u03c0\u03b1\u03af\u03ba\u03c4\u03b5\u03c2. \u039c\u03ac\u03b8\u03b5\u03c4\u03b5 \u03c4\u03b1 \u03c0\u03ac\u03bd\u03c4\u03b1 \u03b3\u03b9\u03b1 \u03c4\u03b1 \u03bc\u03c0\u03cc\u03bd\u03bf\u03c5\u03c2, \u03c4\u03b1 \u03c0\u03b1\u03b9\u03c7\u03bd\u03af\u03b4\u03b9\u03b1 \u03ba\u03b1\u03b9 \u03c4\u03b7\u03bd \u03b1\u03c3\u03c6\u03ac\u03bb\u03b5\u03b9\u03b1.<\/p><\/div><\/div><\/div><div class=\"fusion-clearfix\"><\/div><\/div>\n<\/article>\n<article id=\"blog-1-post-647\" class=\"fusion-post-grid post-647 post type-post status-publish format-chat hentry category-uncategorized post_format-post-format-chat\">\n<div class=\"fusion-post-wrapper\" style=\"background-color:rgba(255,255,255,0);border:1px solid #ebeaea;border-bottom-width:3px;\">\n\n<div class=\"fusion-post-content-wrapper\" style=\"padding:30px 25px 20px 25px;\"><div class=\"fusion-post-content post-content\"><h2 class=\"blog-shortcode-post-title entry-title\"><a href=\"https:\/\/www.terradeltuono.it\/b2bes\/2026\/03\/25\/vantaggi-e-svantaggi-di-goldspin-casino-per-giocatori-italiani\/\">Vantaggi E Svantaggi Di GoldSpin Casino Per Giocatori Italiani<\/a><\/h2><p class=\"fusion-single-line-meta\">\n\t\t\t\n\t\t\t\t\t\t\t<span class=\"vcard\" style=\"display: none;\">\n\t\t\t\t\t<span class=\"fn\">\n\t\t\t\t\t\t<a href=\"https:\/\/www.terradeltuono.it\/b2bes\/author\/acetaia\/\" title=\"Entradas de Acetaia\" rel=\"author\">Acetaia<\/a>\t\t\t\t\t<\/span>\n\t\t\t\t<\/span>\n\t\t\t\n\t\t\t\n\t\t\n\t\t\t\n\t\t\t\n\t\t\t\t\t\t\t<span class=\"updated\" style=\"display:none;\">\n\t\t\t\t\t2026-03-25T04:15:08+01:00\t\t\t\t<\/span>\n\t\t\t\n\t\t<span>marzo 25th, 2026<\/span><span class=\"fusion-inline-sep\">|<\/span><\/p><div class=\"fusion-content-sep sep-double sep-solid\" style=\"border-color:#ebeaea;\"><\/div><div class=\"fusion-post-content-container\"><p>Scopri i pro e i contro di GoldSpin Casino. Analisi completa su bonus, giochi, sicurezza e pagamenti per i giocatori in Italia.<\/p><\/div><\/div><\/div><div class=\"fusion-clearfix\"><\/div><\/div>\n<\/article>\n<article id=\"blog-1-post-645\" class=\"fusion-post-grid post-645 post type-post status-publish format-chat hentry category-uncategorized post_format-post-format-chat\">\n<div class=\"fusion-post-wrapper\" style=\"background-color:rgba(255,255,255,0);border:1px solid #ebeaea;border-bottom-width:3px;\">\n\n<div class=\"fusion-post-content-wrapper\" style=\"padding:30px 25px 20px 25px;\"><div class=\"fusion-post-content post-content\"><h2 class=\"blog-shortcode-post-title entry-title\"><a href=\"https:\/\/www.terradeltuono.it\/b2bes\/2026\/03\/18\/hellas-bet-casino\/\">\u039f \u03b1\u03c0\u03cc\u03bb\u03c5\u03c4\u03bf\u03c2 \u03bf\u03b4\u03b7\u03b3\u03cc\u03c2 \u03b3\u03b9\u03b1 \u03c0\u03bb\u03b7\u03c1\u03c9\u03bc\u03ad\u03c2 \u03c3\u03c4\u03bf Hellas Bet Casino: \u038c\u03bb\u03b1 \u03cc\u03c3\u03b1 \u03c0\u03c1\u03ad\u03c0\u03b5\u03b9 \u03bd\u03b1 \u03b3\u03bd\u03c9\u03c1\u03af\u03b6\u03b5\u03c4\u03b5<\/a><\/h2><p class=\"fusion-single-line-meta\">\n\t\t\t\n\t\t\t\t\t\t\t<span class=\"vcard\" style=\"display: none;\">\n\t\t\t\t\t<span class=\"fn\">\n\t\t\t\t\t\t<a href=\"https:\/\/www.terradeltuono.it\/b2bes\/author\/acetaia\/\" title=\"Entradas de Acetaia\" rel=\"author\">Acetaia<\/a>\t\t\t\t\t<\/span>\n\t\t\t\t<\/span>\n\t\t\t\n\t\t\t\n\t\t\n\t\t\t\n\t\t\t\n\t\t\t\t\t\t\t<span class=\"updated\" style=\"display:none;\">\n\t\t\t\t\t2026-03-18T15:40:01+01:00\t\t\t\t<\/span>\n\t\t\t\n\t\t<span>marzo 18th, 2026<\/span><span class=\"fusion-inline-sep\">|<\/span><\/p><div class=\"fusion-content-sep sep-double sep-solid\" style=\"border-color:#ebeaea;\"><\/div><div class=\"fusion-post-content-container\"><p>\u0391\u03bd\u03b1\u03ba\u03b1\u03bb\u03cd\u03c8\u03c4\u03b5 \u03c4\u03bf\u03bd \u03b1\u03c0\u03b1\u03c1\u03b1\u03af\u03c4\u03b7\u03c4\u03bf \u03bf\u03b4\u03b7\u03b3\u03cc \u03c0\u03bb\u03b7\u03c1\u03c9\u03bc\u03ce\u03bd \u03b3\u03b9\u03b1 \u03c4\u03bf Hellas Bet Casino. \u039c\u03ac\u03b8\u03b5\u03c4\u03b5 \u03c0\u03ce\u03c2 \u03bd\u03b1 \u03b4\u03b9\u03b1\u03c7\u03b5\u03b9\u03c1\u03af\u03b6\u03b5\u03c3\u03c4\u03b5 \u03c4\u03b9\u03c2 \u03c3\u03c5\u03bd\u03b1\u03bb\u03bb\u03b1\u03b3\u03ad\u03c2 \u03b1\u03c0\u03bf\u03c4\u03b5\u03bb\u03b5\u03c3\u03bc\u03b1\u03c4\u03b9\u03ba\u03ac \u03ba\u03b1\u03b9 \u03bc\u03b5 \u03b1\u03c3\u03c6\u03ac\u03bb\u03b5\u03b9\u03b1.<\/p><\/div><\/div><\/div><div class=\"fusion-clearfix\"><\/div><\/div>\n<\/article>\n<div class=\"fusion-clearfix\"><\/div><\/div><div class=\"pagination infinite-scroll clearfix\"><span class=\"current\">1<\/span><a href=\"https:\/\/www.terradeltuono.it\/b2bes\/wp-json\/wp\/v2\/pages\/64\/page\/2\/\" class=\"inactive\">2<\/a><a class=\"pagination-next\" href=\"https:\/\/www.terradeltuono.it\/b2bes\/wp-json\/wp\/v2\/pages\/64\/page\/2\/\"><span class=\"page-text\">Next<\/span><span class=\"page-next\"><\/span><\/a><\/div><div class=\"fusion-infinite-scroll-trigger\"><\/div><\/div><div class=\"fusion-clearfix\"><\/div>\n\n\t\t\t\t\t<\/div>\n\t\t\t\t<\/div><\/div><\/div>\n","protected":false},"excerpt":{"rendered":"","protected":false},"author":1,"featured_media":0,"parent":0,"menu_order":0,"comment_status":"closed","ping_status":"closed","template":"100-width.php","meta":{"footnotes":""},"class_list":["post-64","page","type-page","status-publish","hentry"],"_links":{"self":[{"href":"https:\/\/www.terradeltuono.it\/b2bes\/wp-json\/wp\/v2\/pages\/64","targetHints":{"allow":["GET"]}}],"collection":[{"href":"https:\/\/www.terradeltuono.it\/b2bes\/wp-json\/wp\/v2\/pages"}],"about":[{"href":"https:\/\/www.terradeltuono.it\/b2bes\/wp-json\/wp\/v2\/types\/page"}],"author":[{"embeddable":true,"href":"https:\/\/www.terradeltuono.it\/b2bes\/wp-json\/wp\/v2\/users\/1"}],"replies":[{"embeddable":true,"href":"https:\/\/www.terradeltuono.it\/b2bes\/wp-json\/wp\/v2\/comments?post=64"}],"version-history":[{"count":7,"href":"https:\/\/www.terradeltuono.it\/b2bes\/wp-json\/wp\/v2\/pages\/64\/revisions"}],"predecessor-version":[{"id":610,"href":"https:\/\/www.terradeltuono.it\/b2bes\/wp-json\/wp\/v2\/pages\/64\/revisions\/610"}],"wp:attachment":[{"href":"https:\/\/www.terradeltuono.it\/b2bes\/wp-json\/wp\/v2\/media?parent=64"}],"curies":[{"name":"wp","href":"https:\/\/api.w.org\/{rel}","templated":true}]}}