{"id":2,"date":"2018-03-20T11:00:11","date_gmt":"2018-03-20T10:00:11","guid":{"rendered":"http:\/\/terradeltuono.it\/b2bes\/?page_id=2"},"modified":"2020-07-15T16:45:36","modified_gmt":"2020-07-15T14:45:36","slug":"chi-siamo","status":"publish","type":"page","link":"https:\/\/www.terradeltuono.it\/b2bes\/","title":{"rendered":"Quien Somos"},"content":{"rendered":"<p><div class=\"fusion-fullwidth fullwidth-box fusion-parallax-fixed bg-size-initial staff hundred-percent-fullwidth non-hundred-percent-height-scrolling fusion-equal-height-columns\"  style='background-color: #ffffff;background-image: url(\"http:\/\/terradeltuono.it\/b2bes\/wp-content\/uploads\/sites\/15\/2018\/05\/tizzi-bollitore.jpg\");background-position: right center;background-repeat: no-repeat;-webkit-background-size:cover;-moz-background-size:cover;-o-background-size:cover;background-size:cover;background-attachment:fixed;'><div class=\"fusion-builder-row fusion-row \"><div  class=\"fusion-layout-column fusion_builder_column fusion_builder_column_1_1  fusion-one-full fusion-column-first fusion-column-last 1_1\"  style='margin-top:0px;margin-bottom:0px;'>\n\t\t\t\t\t<div class=\"fusion-column-wrapper\" style=\"padding: 100px 100px 80px 60px;background-position:left top;background-repeat:no-repeat;-webkit-background-size:cover;-moz-background-size:cover;-o-background-size:cover;background-size:cover;\"  data-bg-url=\"\">\n\t\t\t\t\t\t<div class=\"fusion-title title fusion-sep-none fusion-title-center fusion-title-size-two title-left-small\" style=\"margin-top:0px;margin-bottom:0px;\"><h2 class=\"title-heading-center\">Nuestro Equipo<\/h2><\/div><div class=\"fusion-sep-clear\"><\/div><div class=\"fusion-separator sep-single sep-solid sep-left-small\" style=\"border-color:#cccccc;border-top-width:3px;margin-left: auto;margin-right: auto;margin-top:10px;margin-bottom:30px;width:100%;max-width:90px;\"><\/div><div class=\"fusion-title title fusion-sep-none fusion-title-center fusion-title-size-five sub-left-small\" style=\"margin-top:0px;margin-bottom:31px;\"><h5 class=\"title-heading-center\">Terra del Tuono es, desde siempre, una Vinagrer\u00eca de Familia.<\/h5><\/div><div class=\"fusion-text\"><p class=\"txt-left-small\" style=\"text-align: center;\">En 1852 los hijos sucedieron a los padres que les precedieron en la conducci\u00f2n.<br \/>\nHoy trabajan en la Vinagrer\u00eca Tiziana y Massimo, compa\u00f1eros en la vida y en el trabajo, y con ellos sus hijos Alberto y Roberto.<\/p>\n<p class=\"txt-left-small\" style=\"text-align: center;\">La tradici\u00f2n por lo tanto continua.<br \/>\nEn nuestro Equipo hay otras personas , que est\u00e0n animadas con la misma pasi\u00f2n por el oro negro, todas ellas expertas en Vinagrer\u00eca Bals\u00e0mica de M\u00f2dena IGP y como tambi\u00e8n catadores certificados.<\/p>\n<\/div><div class=\"fusion-clearfix\"><\/div>\n\n\t\t\t\t\t<\/div>\n\t\t\t\t<\/div><\/div><\/div><div class=\"fusion-fullwidth fullwidth-box fusion-parallax-none bg-size-contain all-yellow-small cosa-facciamo hundred-percent-fullwidth non-hundred-percent-height-scrolling fusion-equal-height-columns\"  style='background-color: rgba(255,255,255,0);background-image: url(\"http:\/\/terradeltuono.it\/b2bes\/wp-content\/uploads\/sites\/15\/2018\/05\/cosafacciamobottomgrey.jpg\");background-position: right top;background-repeat: no-repeat;-webkit-background-size:cover;-moz-background-size:cover;-o-background-size:cover;background-size:cover;'><div class=\"fusion-builder-row fusion-row \"><div  class=\"fusion-layout-column fusion_builder_column fusion_builder_column_1_3  fusion-one-third fusion-column-first 1_3\"  style='margin-top:0px;margin-bottom:0px;width:33.33%;width:calc(33.33% - ( ( 4% ) * 0.3333 ) );margin-right: 4%;'>\n\t\t\t\t\t<div class=\"fusion-column-wrapper\" style=\"padding: 0px 0px 0px 0px;background-image: url('http:\/\/terradeltuono.it\/b2bes\/wp-content\/uploads\/sites\/15\/2018\/05\/siloscosafacciamo.jpg');background-position:center center;background-repeat:no-repeat;-webkit-background-size:cover;-moz-background-size:cover;-o-background-size:cover;background-size:cover;\"  data-bg-url=\"http:\/\/terradeltuono.it\/b2bes\/wp-content\/uploads\/sites\/15\/2018\/05\/siloscosafacciamo.jpg\">\n\t\t\t\t\t\t<div class=\"fusion-clearfix\"><\/div>\n\n\t\t\t\t\t<\/div>\n\t\t\t\t<\/div><div  class=\"fusion-layout-column fusion_builder_column fusion_builder_column_2_3  fusion-two-third fusion-column-last cosafacciamocol 2_3\"  style='margin-top:0px;margin-bottom:0px;width:66.66%;width:calc(66.66% - ( ( 4% ) * 0.6666 ) );'>\n\t\t\t\t\t<div class=\"fusion-column-wrapper\" style=\"padding: 100px 450px 80px 60px;background-position:left top;background-repeat:no-repeat;-webkit-background-size:cover;-moz-background-size:cover;-o-background-size:cover;background-size:cover;\"  data-bg-url=\"\">\n\t\t\t\t\t\t<div class=\"fusion-title title fusion-sep-none fusion-title-size-two\" style=\"margin-top:0px;margin-bottom:0px;\"><h2 class=\"title-heading-left\">Que\u2019 Hacemos<\/h2><\/div><div class=\"fusion-sep-clear\"><\/div><div class=\"fusion-separator sep-single sep-solid\" style=\"border-color:#999999;border-top-width:3px;margin-top:10px;margin-bottom:30px;width:100%;max-width:90px;\"><\/div><div class=\"fusion-title title fusion-sep-none fusion-title-size-five\" style=\"margin-top:0px;margin-bottom:31px;\"><h5 class=\"title-heading-left\">Nosotros hacemos Vinagre Bals\u00e0mico IGP y condimentos<\/h5><\/div><div class=\"fusion-text\"><div style=\"color: #6a5500;\">\n<p>Producimos importantes especialidades con Vinagre Bals\u00e0mico Tradicional de Reggio Emilia DOP y diversos condimentos.<\/p>\n<p>Todos nuestros Vinagres y condimentos son de grand\u00ecsima calidad, totalmente naturales, sin ning\u00f9n tipo de colorantes, adensantes, conservantes, caramelo u otras sustancias semejantes.<br \/>\nLos \u00f9nicos ingredientes de nuestros Vinagres Bals\u00e0micos de M\u00f2dena IGP son el mosto de uva cocido y vinagre de vino muy envejecidos en barriles de diversos tipos de madera, para darles un sabor \u00f9nico.<\/p>\n<p>Las diversas especialidades nacen de la Gastronom\u00eca de Alta Calidad. En efecto trabajamos siempre con los mejores Cocineros y Chef, como int\u00e9rpretes de nuevos sabores. En cocina son infinitos los modos para dar dar fantas\u00eca y personalidad a nuestras especialidades.<\/p>\n<\/div>\n<\/div><div class=\"fusion-clearfix\"><\/div>\n\n\t\t\t\t\t<\/div>\n\t\t\t\t<\/div><\/div><\/div><div class=\"fusion-fullwidth fullwidth-box hundred-percent-fullwidth non-hundred-percent-height-scrolling fusion-equal-height-columns\"  style='background-color: rgba(255,255,255,0);background-position: center center;background-repeat: no-repeat;'><div class=\"fusion-builder-row fusion-row \"><div  class=\"fusion-layout-column fusion_builder_column fusion_builder_column_1_2  fusion-one-half fusion-column-first fusion-blend-mode no-margin gente-aceto-col 1_2\"  style='margin-top:0px;margin-bottom:20px;width:50%;width:calc(50% - ( ( 4% + 4% ) * 0.5 ) );margin-right: 4%;'>\n\t\t\t\t\t<div class=\"fusion-column-wrapper\" style=\"background-color:#ffffff;padding: 60px 60px 60px 60px;background-position:left top;background-repeat:no-repeat;-webkit-background-size:cover;-moz-background-size:cover;-o-background-size:cover;background-size:cover;\"  data-bg-url=\"\">\n\t\t\t\t\t\t<div class=\"fusion-title title fusion-sep-none fusion-title-size-two\" style=\"margin-top:0px;margin-bottom:0px;\"><h2 class=\"title-heading-left\">Gente bals\u00e1mica<\/h2><\/div><div class=\"fusion-sep-clear\"><\/div><div class=\"fusion-separator sep-single sep-solid\" style=\"border-color:#ffffff;border-top-width:3px;margin-top:10px;margin-bottom:30px;width:100%;max-width:90px;\"><\/div><div class=\"fusion-text\"><div style=\"color: #6a5500;\">\n<p>El Vinagre Bals\u00e0mico muy envejecido es negro y brillante mientras el m\u00e0s joven es claro y propende al bruno oscuro. Este sin embargo debe ser siempre l\u00ecmpido y brillante. A medida que se envejece la densidad se vuelve poco a poco m\u00e0s consistente.<\/p>\n<p>El Vinagre Bals\u00e0mico de M\u00f2dena IGP envejecido, el perfume es persistente y complejo, con un olor penetrante y caracter\u00ecstico del bouquet de madera antigua y de flores maduras .<\/p>\n<p>El sabor es una m\u00e0gica fusi\u00f2n de exquisitos perfumes antiguos y de delicada fragancia de mosto. Una experiencia \u00f9nica, que no se puede describir si no se vive.<\/p>\n<p>En el producto muy afinado, lo dulce y lo agrio se amalgaman muy bien los aromas&#8230;(falta algo en la foto).<\/p>\n<p>Nuestra tradici\u00f2n dura m\u00e0s de un siglo. Una vida no nos basta a nosotros Gente del Bals\u00e0mico.<\/p>\n<\/div>\n<\/div><div class=\"fusion-clearfix\"><\/div>\n\n\t\t\t\t\t<\/div>\n\t\t\t\t<\/div><div  class=\"fusion-layout-column fusion_builder_column fusion_builder_column_1_4  fusion-one-fourth no-margin dopo-gente-aceto-col 1_4\"  style='margin-top:0px;margin-bottom:20px;width:25%;width:calc(25% - ( ( 4% + 4% ) * 0.25 ) );margin-right: 4%;'>\n\t\t\t\t\t<div class=\"fusion-column-wrapper\" style=\"padding: 0px 0px 0px 0px;background-image: url('http:\/\/terradeltuono.it\/b2bes\/wp-content\/uploads\/sites\/15\/2018\/05\/botte.jpg');background-position:center top;background-repeat:no-repeat;-webkit-background-size:cover;-moz-background-size:cover;-o-background-size:cover;background-size:cover;\"  data-bg-url=\"http:\/\/terradeltuono.it\/b2bes\/wp-content\/uploads\/sites\/15\/2018\/05\/botte.jpg\">\n\t\t\t\t\t\t<div class=\"fusion-clearfix\"><\/div>\n\n\t\t\t\t\t<\/div>\n\t\t\t\t<\/div><div  class=\"fusion-layout-column fusion_builder_column fusion_builder_column_1_4  fusion-one-fourth fusion-column-last fusion-blend-mode no-margin qualche-segreto-col 1_4\"  style='margin-top:0px;margin-bottom:20px;width:25%;width:calc(25% - ( ( 4% + 4% ) * 0.25 ) );'>\n\t\t\t\t\t<div class=\"fusion-column-wrapper\" style=\"background-color:#cccccc;padding: 60px 60px 60px 60px;background-position:left top;background-repeat:no-repeat;-webkit-background-size:cover;-moz-background-size:cover;-o-background-size:cover;background-size:cover;\"  data-bg-url=\"\">\n\t\t\t\t\t\t<div class=\"fusion-title title fusion-sep-none fusion-title-size-two\" style=\"margin-top:0px;margin-bottom:0px;\"><h2 class=\"title-heading-left\">Alcun secreto<\/h2><\/div><div class=\"fusion-sep-clear\"><\/div><div class=\"fusion-separator sep-single sep-solid\" style=\"border-color:#ffffff;border-top-width:3px;margin-top:10px;margin-bottom:30px;width:100%;max-width:90px;\"><\/div><div class=\"fusion-text\"><div style=\"color: #6a5500;\">\n<p>Los barriles que forman parte de la bater\u00eca de Vinagre deben ser al menos cinco. En nosotros, cada bater\u00eca est\u00e0 realizada con maderas diversas.<\/p>\n<p>El Cerezo dulcifica el sabor, el Casta\u00f1o oscurece el Vinagre, la Morera concentra, el Enebro da sabor y el Roble concentra y da aquella nobleza antigua.<\/p>\n<p>En nuestro Vinagre Bals\u00e0mico de M\u00f2dena sirve una armon\u00eca perfecta y mucha experiencia para decidir c\u00f2mo disponer las diversas maderas en las bater\u00ecas y saber elegir el momento mejor para los travases anuales. S\u00f2lo as\u00ec se logra la excelencia, gracias a la experiencia y a la voluntad.<\/p>\n<p>Estos son los valores que se custodian celosamente en Terra del Tuono.<\/p>\n<p><em>Questi valori, in Terra del Tuono, sono custoditi gelosamente.<\/em><\/p>\n<\/div>\n<\/div><div class=\"fusion-clearfix\"><\/div>\n\n\t\t\t\t\t<\/div>\n\t\t\t\t<\/div><\/div><\/div><\/p>\n","protected":false},"excerpt":{"rendered":"","protected":false},"author":1,"featured_media":0,"parent":0,"menu_order":0,"comment_status":"closed","ping_status":"open","template":"100-width.php","meta":{"footnotes":""},"class_list":["post-2","page","type-page","status-publish","hentry"],"_links":{"self":[{"href":"https:\/\/www.terradeltuono.it\/b2bes\/wp-json\/wp\/v2\/pages\/2","targetHints":{"allow":["GET"]}}],"collection":[{"href":"https:\/\/www.terradeltuono.it\/b2bes\/wp-json\/wp\/v2\/pages"}],"about":[{"href":"https:\/\/www.terradeltuono.it\/b2bes\/wp-json\/wp\/v2\/types\/page"}],"author":[{"embeddable":true,"href":"https:\/\/www.terradeltuono.it\/b2bes\/wp-json\/wp\/v2\/users\/1"}],"replies":[{"embeddable":true,"href":"https:\/\/www.terradeltuono.it\/b2bes\/wp-json\/wp\/v2\/comments?post=2"}],"version-history":[{"count":26,"href":"https:\/\/www.terradeltuono.it\/b2bes\/wp-json\/wp\/v2\/pages\/2\/revisions"}],"predecessor-version":[{"id":565,"href":"https:\/\/www.terradeltuono.it\/b2bes\/wp-json\/wp\/v2\/pages\/2\/revisions\/565"}],"wp:attachment":[{"href":"https:\/\/www.terradeltuono.it\/b2bes\/wp-json\/wp\/v2\/media?parent=2"}],"curies":[{"name":"wp","href":"https:\/\/api.w.org\/{rel}","templated":true}]}}