{"id":517,"date":"2019-07-02T12:20:14","date_gmt":"2019-07-02T10:20:14","guid":{"rendered":"http:\/\/terradeltuono.it\/b2bde\/prodotto\/organic-green-apple-balsamic-100-apple-2\/"},"modified":"2020-07-23T17:38:16","modified_gmt":"2020-07-23T15:38:16","slug":"100-bio-apfelessig-zubereitung-grune-version","status":"publish","type":"product","link":"https:\/\/www.terradeltuono.it\/b2bde\/prodotto\/100-bio-apfelessig-zubereitung-grune-version\/","title":{"rendered":"100% BIO Apfelessig-Zubereitung &#8211; Gr\u00fcne Version"},"content":{"rendered":"<div class=\"fusion-fullwidth fullwidth-box nonhundred-percent-fullwidth non-hundred-percent-height-scrolling\"  style='background-color: rgba(255,255,255,0);background-position: center center;background-repeat: no-repeat;padding-top:0px;padding-right:0px;padding-bottom:0px;padding-left:0px;'><div class=\"fusion-builder-row fusion-row \"><div  class=\"fusion-layout-column fusion_builder_column fusion_builder_column_1_1  fusion-one-full fusion-column-first fusion-column-last 1_1\"  style='margin-top:0px;margin-bottom:0px;'>\n\t\t\t\t\t<div class=\"fusion-column-wrapper\" style=\"padding: 0px 0px 0px 0px;background-position:left top;background-repeat:no-repeat;-webkit-background-size:cover;-moz-background-size:cover;-o-background-size:cover;background-size:cover;\"  data-bg-url=\"\">\n\t\t\t\t\t\t<div class=\"fusion-text\"><p style=\"text-align: left;\">Dieser s\u00fc\u00df-saure 100% BIO Apfelessig-Zubereitung \u201eGr\u00fcne Version\u201c stammt aus einem handwerklichen Prozess der langsamen Reifung und Ans\u00e4uerung von gekochtem Apfelmost und hat ein intensives Aroma und einen k\u00f6stlichen frischen und fruchtigen Geschmack, der typisch f\u00fcrden gr\u00fcnen Apfel ist.<\/p>\n<p style=\"text-align: left;\">Hergestellt aus hoch ausgew\u00e4hlten Zutaten und einem v\u00f6llig nat\u00fcrlichen Fermentationsprozess, ist das Ergebnis ein Produkt mit einem besonderen Geschmack &#8230; ein echtes Erlebnis f\u00fcr den Gaumen!<\/p>\n<p style=\"text-align: left;\">Unsere s\u00fc\u00df-saure 100% BIO Apfelessig-Zubereitung \u201eGr\u00fcne Version\u201c ist k\u00f6stlich auf Vorspeisen und Risotto. Sie ist das perfekte Gew\u00fcrz f\u00fcr Schweinefleisch und wei\u00dfes Fleisch.<\/p>\n<p style=\"text-align: left;\">K\u00f6stlich zu Gem\u00fcse, Obst, Obstsalaten und Desserts, ist perfekt f\u00fcr K\u00e4se, sowohl frisch als auch gereift.<\/p>\n<\/div><div class=\"fusion-button-wrapper\"><style type=\"text\/css\" scoped=\"scoped\">.fusion-button.button-1 .fusion-button-text, .fusion-button.button-1 i {color:#000000;}.fusion-button.button-1 {border-width:1px;border-color:#000000;}.fusion-button.button-1 .fusion-button-icon-divider{border-color:#000000;}.fusion-button.button-1:hover .fusion-button-text, .fusion-button.button-1:hover i,.fusion-button.button-1:focus .fusion-button-text, .fusion-button.button-1:focus i,.fusion-button.button-1:active .fusion-button-text, .fusion-button.button-1:active{color:#000000;}.fusion-button.button-1:hover, .fusion-button.button-1:focus, .fusion-button.button-1:active{border-width:1px;border-color:#000000;}.fusion-button.button-1:hover .fusion-button-icon-divider, .fusion-button.button-1:hover .fusion-button-icon-divider, .fusion-button.button-1:active .fusion-button-icon-divider{border-color:#000000;}.fusion-button.button-1{width:auto;}<\/style><a class=\"fusion-button button-flat fusion-button-square button-medium button-default button-1\" target=\"_blank\" rel=\"noopener noreferrer\" href=\"http:\/\/www.terradeltuono.it\/wp-content\/uploads\/2018\/12\/ME250BIO_ENG.pdf\"><i class=\"fa fa-file-pdf-o button-icon-left\"><\/i><span class=\"fusion-button-text\">DATENBLATT<\/span><\/a><\/div><div class=\"fusion-sep-clear\"><\/div><div class=\"fusion-separator sep-single sep-solid\" style=\"border-color:#666666;border-top-width:3px;margin-top:30px;margin-bottom:50px;width:100%;max-width:90px;\"><\/div><ul class=\"fusion-checklist fusion-checklist-1\" style=\"font-size:13px;line-height:22.1px;\"><li class=\"fusion-li-item\"><span style=\"height:22.1px;width:22.1px;margin-right:9.1px;\" class=\"icon-wrapper circle-no\"><i class=\"fusion-li-icon fa fa-adjust\" style=\"color:#666666;\"><\/i><\/span><div class=\"fusion-li-item-content\" style=\"margin-left:31.2px;\"><strong>Farbe:<\/strong> Klar, mit bernsteinfarbenen Reflexen, helle Farbe.<\/div><\/li><li class=\"fusion-li-item\"><span style=\"height:22.1px;width:22.1px;margin-right:9.1px;\" class=\"icon-wrapper circle-no\"><i class=\"fusion-li-icon fa fa-fire\" style=\"color:#666666;\"><\/i><\/span><div class=\"fusion-li-item-content\" style=\"margin-left:31.2px;\"><strong>Geruch: <\/strong>Intensiver und anhaltender Apfelduft.<\/div><\/li><li class=\"fusion-li-item\"><span style=\"height:22.1px;width:22.1px;margin-right:9.1px;\" class=\"icon-wrapper circle-no\"><i class=\"fusion-li-icon fa fa-cutlery\" style=\"color:#666666;\"><\/i><\/span><div class=\"fusion-li-item-content\" style=\"margin-left:31.2px;\"><strong>Geschmack:\u00a0<\/strong> Mild s\u00fc\u00df-sauer mit intensivem, anhaltendem und frischem Apfelgeschmack.<\/div><\/li><li class=\"fusion-li-item\"><span style=\"height:22.1px;width:22.1px;margin-right:9.1px;\" class=\"icon-wrapper circle-no\"><i class=\"fusion-li-icon fa fa-tint\" style=\"color:#666666;\"><\/i><\/span><div class=\"fusion-li-item-content\" style=\"margin-left:31.2px;\"><strong>Dichte:<\/strong>\u00a0Ungef\u00e4hr 1.180<\/div><\/li><li class=\"fusion-li-item\"><span style=\"height:22.1px;width:22.1px;margin-right:9.1px;\" class=\"icon-wrapper circle-no\"><i class=\"fusion-li-icon fa fa-map-pin\" style=\"color:#666666;\"><\/i><\/span><div class=\"fusion-li-item-content\" style=\"margin-left:31.2px;\"><strong>S\u00e4ure:<\/strong>\u00a05%<\/div><\/li><li class=\"fusion-li-item\"><span style=\"height:22.1px;width:22.1px;margin-right:9.1px;\" class=\"icon-wrapper circle-no\"><i class=\"fusion-li-icon fa fa-leaf\" style=\"color:#666666;\"><\/i><\/span><div class=\"fusion-li-item-content\" style=\"margin-left:31.2px;\"><strong>Reifezeit:<\/strong>\u00a0F\u00fcr kurze Zeit in Holzf\u00e4ssern gereift.<\/div><\/li><li class=\"fusion-li-item\"><span style=\"height:22.1px;width:22.1px;margin-right:9.1px;\" class=\"icon-wrapper circle-no\"><i class=\"fusion-li-icon fa fa-tachometer\" style=\"color:#666666;\"><\/i><\/span><div class=\"fusion-li-item-content\" style=\"margin-left:31.2px;\"><strong>Zutaten:<\/strong>\u00a0Bio-Apfelsaft, Bio-Apfelessig, nat\u00fcrliches Aroma.<\/div><\/li><\/ul><div class=\"fusion-clearfix\"><\/div>\n\n\t\t\t\t\t<\/div>\n\t\t\t\t<\/div><\/div><\/div>\n","protected":false},"excerpt":{"rendered":"","protected":false},"featured_media":518,"template":"","meta":[],"class_list":{"0":"post-517","1":"product","2":"type-product","3":"status-publish","4":"has-post-thumbnail","6":"product_cat-100-apfel-balsamico","7":"product-grid-view","9":"first","10":"instock","11":"shipping-taxable","12":"product-type-simple"},"_links":{"self":[{"href":"https:\/\/www.terradeltuono.it\/b2bde\/wp-json\/wp\/v2\/product\/517","targetHints":{"allow":["GET"]}}],"collection":[{"href":"https:\/\/www.terradeltuono.it\/b2bde\/wp-json\/wp\/v2\/product"}],"about":[{"href":"https:\/\/www.terradeltuono.it\/b2bde\/wp-json\/wp\/v2\/types\/product"}],"wp:featuredmedia":[{"embeddable":true,"href":"https:\/\/www.terradeltuono.it\/b2bde\/wp-json\/wp\/v2\/media\/518"}],"wp:attachment":[{"href":"https:\/\/www.terradeltuono.it\/b2bde\/wp-json\/wp\/v2\/media?parent=517"}],"curies":[{"name":"wp","href":"https:\/\/api.w.org\/{rel}","templated":true}]}}