{"id":503,"date":"2019-06-03T11:56:25","date_gmt":"2019-06-03T09:56:25","guid":{"rendered":"http:\/\/terradeltuono.it\/b2bde\/prodotto\/sfera-con-aceto-balsamico-da-grattugiare-copia-2\/"},"modified":"2021-04-12T17:49:56","modified_gmt":"2021-04-12T15:49:56","slug":"rose-essig-kugel-zum-reiben","status":"publish","type":"product","link":"https:\/\/www.terradeltuono.it\/b2bde\/prodotto\/rose-essig-kugel-zum-reiben\/","title":{"rendered":"Ros\u00e9 Essig- Kugel zum Reiben"},"content":{"rendered":"<div class=\"fusion-fullwidth fullwidth-box nonhundred-percent-fullwidth non-hundred-percent-height-scrolling\"  style='background-color: rgba(255,255,255,0);background-position: center center;background-repeat: no-repeat;padding-top:0px;padding-right:0px;padding-bottom:0px;padding-left:0px;'><div class=\"fusion-builder-row fusion-row \"><div  class=\"fusion-layout-column fusion_builder_column fusion_builder_column_1_1  fusion-one-full fusion-column-first fusion-column-last 1_1\"  style='margin-top:0px;margin-bottom:0px;'>\n\t\t\t\t\t<div class=\"fusion-column-wrapper\" style=\"padding: 0px 0px 0px 0px;background-position:left top;background-repeat:no-repeat;-webkit-background-size:cover;-moz-background-size:cover;-o-background-size:cover;background-size:cover;\"  data-bg-url=\"\">\n\t\t\t\t\t\t<div class=\"fusion-text\"><p>Die Ros\u00e9-Essig-Kugel kann nach Ihrem Wunsch gerieben, gemahlen oder in Scheiben geschnitten werden.<\/p>\n<p>Es ist ein 100% nat\u00fcrliches Produkt, das ohne Zusatz von Farbstoffen hergestellt wird.<\/p>\n<p>Seine rosa Farbe und Textur machen es zu einem au\u00dfergew\u00f6hnlichen Produkt.<\/p>\n<p>Die Kugel aus Ros\u00e9 Essig eignet sich perfekt f\u00fcr Vorspeisen und erste G\u00e4nge.<\/p>\n<p>Sie schmeckt hervorragend zu Fleisch- und Fischgerichten und passt sehr gut zu Gem\u00fcse und Salaten. Die s\u00fc\u00df-sauren Noten passen perfekt zu Frisch- sowie gereiftem K\u00e4se. Sehr gut auch f\u00fcr Obst und Desserts, S\u00fc\u00dfspeisen und Eiscreme.<\/p>\n<\/div><div class=\"fusion-button-wrapper\"><style type=\"text\/css\" scoped=\"scoped\">.fusion-button.button-1 .fusion-button-text, .fusion-button.button-1 i {color:#000000;}.fusion-button.button-1 {border-width:1px;border-color:#000000;}.fusion-button.button-1 .fusion-button-icon-divider{border-color:#000000;}.fusion-button.button-1:hover .fusion-button-text, .fusion-button.button-1:hover i,.fusion-button.button-1:focus .fusion-button-text, .fusion-button.button-1:focus i,.fusion-button.button-1:active .fusion-button-text, .fusion-button.button-1:active{color:#000000;}.fusion-button.button-1:hover, .fusion-button.button-1:focus, .fusion-button.button-1:active{border-width:1px;border-color:#000000;}.fusion-button.button-1:hover .fusion-button-icon-divider, .fusion-button.button-1:hover .fusion-button-icon-divider, .fusion-button.button-1:active .fusion-button-icon-divider{border-color:#000000;}.fusion-button.button-1{width:auto;}<\/style><a class=\"fusion-button button-flat fusion-button-square button-medium button-default button-1\" target=\"_blank\" rel=\"noopener noreferrer\" href=\"http:\/\/www.terradeltuono.it\/b2c\/wp-content\/uploads\/sites\/3\/2021\/04\/BALLR75TDTENG18.pdf\"><i class=\"fa fa-file-pdf-o button-icon-left\"><\/i><span class=\"fusion-button-text\">DATENBLATT<\/span><\/a><\/div><div class=\"fusion-sep-clear\"><\/div><div class=\"fusion-separator sep-single sep-solid\" style=\"border-color:#666666;border-top-width:3px;margin-top:30px;margin-bottom:50px;width:100%;max-width:90px;\"><\/div><ul class=\"fusion-checklist fusion-checklist-1\" style=\"font-size:13px;line-height:22.1px;\"><li class=\"fusion-li-item\"><span style=\"height:22.1px;width:22.1px;margin-right:9.1px;\" class=\"icon-wrapper circle-no\"><i class=\"fusion-li-icon fa fa-adjust\" style=\"color:#666666;\"><\/i><\/span><div class=\"fusion-li-item-content\" style=\"margin-left:31.2px;\"><strong>Farbe:<\/strong> intensives Rosa<\/div><\/li><li class=\"fusion-li-item\"><span style=\"height:22.1px;width:22.1px;margin-right:9.1px;\" class=\"icon-wrapper circle-no\"><i class=\"fusion-li-icon fa fa-fire\" style=\"color:#666666;\"><\/i><\/span><div class=\"fusion-li-item-content\" style=\"margin-left:31.2px;\"><b>Geruch:<\/b> Das Parf\u00fcm ist duftend, frisch und fruchtig.<\/div><\/li><li class=\"fusion-li-item\"><span style=\"height:22.1px;width:22.1px;margin-right:9.1px;\" class=\"icon-wrapper circle-no\"><i class=\"fusion-li-icon fa fa-cutlery\" style=\"color:#666666;\"><\/i><\/span><div class=\"fusion-li-item-content\" style=\"margin-left:31.2px;\"><b>Geschmack:<\/b>\u00a0Der Geschmack ist fruchtig, ausgewogen und angenehm sauer.<\/div><\/li><li class=\"fusion-li-item\"><span style=\"height:22.1px;width:22.1px;margin-right:9.1px;\" class=\"icon-wrapper circle-no\"><i class=\"fusion-li-icon fa fa-tint\" style=\"color:#666666;\"><\/i><\/span><div class=\"fusion-li-item-content\" style=\"margin-left:31.2px;\"><strong>Reifezeit:<\/strong>\u00a0Das Ros\u00e9-Balsamico-Dressing, aus dem die Ros\u00e9-Balsamico-Kugel gewonnen wird, reift<br \/>\nf\u00fcr kurze Zeit in Eichenf\u00e4ssern.<\/div><\/li><li class=\"fusion-li-item\"><span style=\"height:22.1px;width:22.1px;margin-right:9.1px;\" class=\"icon-wrapper circle-no\"><i class=\"fusion-li-icon fa fa-tachometer\" style=\"color:#666666;\"><\/i><\/span><div class=\"fusion-li-item-content\" style=\"margin-left:31.2px;\"><strong>Zutaten:<\/strong>\u00a0Balsamico-Dressing Ros\u00e9 93% (gekochter Traubenmost, Weinessig), nat\u00fcrliches Verdickungsmittel: Agar-Agar. Enth\u00e4lt <strong>Sulfite<\/strong>.<\/div><\/li><\/ul><div class=\"fusion-clearfix\"><\/div>\n\n\t\t\t\t\t<\/div>\n\t\t\t\t<\/div><\/div><\/div>\n","protected":false},"excerpt":{"rendered":"","protected":false},"featured_media":531,"template":"","meta":[],"class_list":{"0":"post-503","1":"product","2":"type-product","3":"status-publish","4":"has-post-thumbnail","6":"product_cat-kugel","7":"product-grid-view","9":"first","10":"instock","11":"shipping-taxable","12":"product-type-simple"},"_links":{"self":[{"href":"https:\/\/www.terradeltuono.it\/b2bde\/wp-json\/wp\/v2\/product\/503","targetHints":{"allow":["GET"]}}],"collection":[{"href":"https:\/\/www.terradeltuono.it\/b2bde\/wp-json\/wp\/v2\/product"}],"about":[{"href":"https:\/\/www.terradeltuono.it\/b2bde\/wp-json\/wp\/v2\/types\/product"}],"wp:featuredmedia":[{"embeddable":true,"href":"https:\/\/www.terradeltuono.it\/b2bde\/wp-json\/wp\/v2\/media\/531"}],"wp:attachment":[{"href":"https:\/\/www.terradeltuono.it\/b2bde\/wp-json\/wp\/v2\/media?parent=503"}],"curies":[{"name":"wp","href":"https:\/\/api.w.org\/{rel}","templated":true}]}}