{"id":492,"date":"2019-05-31T16:51:30","date_gmt":"2019-05-31T14:51:30","guid":{"rendered":"http:\/\/terradeltuono.it\/b2bde\/prodotto\/balsamico-bianco-barrique-condimento-100-naturale-affinato-in-botti-di-legno-2\/"},"modified":"2020-07-08T18:33:18","modified_gmt":"2020-07-08T16:33:18","slug":"weiser-balsamico-barrique-100-naturprodukt-in-holzfassern-gereift","status":"publish","type":"product","link":"https:\/\/www.terradeltuono.it\/b2bde\/prodotto\/weiser-balsamico-barrique-100-naturprodukt-in-holzfassern-gereift\/","title":{"rendered":"Wei\u00dfer Balsamico Barrique &#8211; 100% Naturprodukt in Holzf\u00e4ssern gereift"},"content":{"rendered":"<div class=\"fusion-fullwidth fullwidth-box nonhundred-percent-fullwidth non-hundred-percent-height-scrolling\"  style='background-color: rgba(255,255,255,0);background-position: center center;background-repeat: no-repeat;padding-top:0px;padding-right:0px;padding-bottom:0px;padding-left:0px;'><div class=\"fusion-builder-row fusion-row \"><div  class=\"fusion-layout-column fusion_builder_column fusion_builder_column_1_1  fusion-one-full fusion-column-first fusion-column-last 1_1\"  style='margin-top:0px;margin-bottom:0px;'>\n\t\t\t\t\t<div class=\"fusion-column-wrapper\" style=\"padding: 0px 0px 0px 0px;background-position:left top;background-repeat:no-repeat;-webkit-background-size:cover;-moz-background-size:cover;-o-background-size:cover;background-size:cover;\"  data-bg-url=\"\">\n\t\t\t\t\t\t<div class=\"fusion-text\"><p>Terra del Tuono wei\u00dfer Balsamico Barrique ist das Ergebnis der langsamen Reifung von konzentriertem Most aus wei\u00dfen Trauben und Wei\u00dfweinessig von h\u00f6chster Qualit\u00e4t der in Holzf\u00e4ssern gereift ist.<\/p>\n<p>Unser wei\u00dfe Balsamico Barrique hat eine warme und klare Bernsteinfarbe mit goldenen Farbt\u00f6nen und einem sehr fruchtigen und aromatischen Geschmack. Es ist das perfekte Gew\u00fcrz f\u00fcr frische Salate und Gem\u00fcse, hervorragend zu Meeresfr\u00fcchten, Schalentieren und wei\u00dfem Fleisch. Dank seiner nat\u00fcrlichen S\u00fc\u00dfe und seines fruchtigen Geschmacks schmeckt es hervorragend zu frischen Obstsalaten, Desserts und Eiscreme.<\/p>\n<\/div><div class=\"fusion-button-wrapper\"><style type=\"text\/css\" scoped=\"scoped\">.fusion-button.button-1 .fusion-button-text, .fusion-button.button-1 i {color:#000000;}.fusion-button.button-1 {border-width:1px;border-color:#000000;}.fusion-button.button-1 .fusion-button-icon-divider{border-color:#000000;}.fusion-button.button-1:hover .fusion-button-text, .fusion-button.button-1:hover i,.fusion-button.button-1:focus .fusion-button-text, .fusion-button.button-1:focus i,.fusion-button.button-1:active .fusion-button-text, .fusion-button.button-1:active{color:#000000;}.fusion-button.button-1:hover, .fusion-button.button-1:focus, .fusion-button.button-1:active{border-width:1px;border-color:#000000;}.fusion-button.button-1:hover .fusion-button-icon-divider, .fusion-button.button-1:hover .fusion-button-icon-divider, .fusion-button.button-1:active .fusion-button-icon-divider{border-color:#000000;}.fusion-button.button-1{width:auto;}<\/style><a class=\"fusion-button button-flat fusion-button-square button-medium button-default button-1\" target=\"_blank\" rel=\"noopener noreferrer\" href=\"http:\/\/www.terradeltuono.it\/b2cen\/wp-content\/uploads\/sites\/4\/2019\/05\/AR250BARRE_ENG.pdf\"><i class=\"fa fa-file-pdf-o button-icon-left\"><\/i><span class=\"fusion-button-text\">DATENBLATT<\/span><\/a><\/div><div class=\"fusion-sep-clear\"><\/div><div class=\"fusion-separator sep-single sep-solid\" style=\"border-color:#666666;border-top-width:3px;margin-top:30px;margin-bottom:50px;width:100%;max-width:90px;\"><\/div><ul class=\"fusion-checklist fusion-checklist-1\" style=\"font-size:13px;line-height:22.1px;\"><li class=\"fusion-li-item\"><span style=\"height:22.1px;width:22.1px;margin-right:9.1px;\" class=\"icon-wrapper circle-no\"><i class=\"fusion-li-icon fa fa-adjust\" style=\"color:#666666;\"><\/i><\/span><div class=\"fusion-li-item-content\" style=\"margin-left:31.2px;\"><b>Farbe:<\/b> Bernstein mit goldenen Farbt\u00f6nen.<\/div><\/li><li class=\"fusion-li-item\"><span style=\"height:22.1px;width:22.1px;margin-right:9.1px;\" class=\"icon-wrapper circle-no\"><i class=\"fusion-li-icon fa fa-fire\" style=\"color:#666666;\"><\/i><\/span><div class=\"fusion-li-item-content\" style=\"margin-left:31.2px;\"><strong>Geruch: <\/strong>Das Aroma ist intensiv und fruchtig mit einem Hauch von Pfirsich.<\/div><\/li><li class=\"fusion-li-item\"><span style=\"height:22.1px;width:22.1px;margin-right:9.1px;\" class=\"icon-wrapper circle-no\"><i class=\"fusion-li-icon fa fa-cutlery\" style=\"color:#666666;\"><\/i><\/span><div class=\"fusion-li-item-content\" style=\"margin-left:31.2px;\"><b>Geschmack: <\/b> Der Geschmack ist s\u00fc\u00df und sauer, lebhaft, aber sehr ausgewogen. Von gro\u00dfer Beharrlichkeit im Mund ist das Gef\u00fchl der fl\u00fcchtigen S\u00e4ure ausgepr\u00e4gt, w\u00e4hrend ein angenehmer Hauch von S\u00fc\u00dfe erhalten bleibt.<\/div><\/li><li class=\"fusion-li-item\"><span style=\"height:22.1px;width:22.1px;margin-right:9.1px;\" class=\"icon-wrapper circle-no\"><i class=\"fusion-li-icon fa fa-tint\" style=\"color:#666666;\"><\/i><\/span><div class=\"fusion-li-item-content\" style=\"margin-left:31.2px;\"><strong>Dichte: <\/strong>Ca. 1,22<\/div><\/li><li class=\"fusion-li-item\"><span style=\"height:22.1px;width:22.1px;margin-right:9.1px;\" class=\"icon-wrapper circle-no\"><i class=\"fusion-li-icon fa fa-map-pin\" style=\"color:#666666;\"><\/i><\/span><div class=\"fusion-li-item-content\" style=\"margin-left:31.2px;\"><strong>S\u00e4ure: <\/strong> Ca. 4,1%<\/div><\/li><li class=\"fusion-li-item\"><span style=\"height:22.1px;width:22.1px;margin-right:9.1px;\" class=\"icon-wrapper circle-no\"><i class=\"fusion-li-icon fa fa-leaf\" style=\"color:#666666;\"><\/i><\/span><div class=\"fusion-li-item-content\" style=\"margin-left:31.2px;\"><strong>Reifezeit : <\/strong> In feinen Holzf\u00e4ssern gereift.<\/div><\/li><li class=\"fusion-li-item\"><span style=\"height:22.1px;width:22.1px;margin-right:9.1px;\" class=\"icon-wrapper circle-no\"><i class=\"fusion-li-icon fa fa-tachometer\" style=\"color:#666666;\"><\/i><\/span><div class=\"fusion-li-item-content\" style=\"margin-left:31.2px;\"><strong>Zutaten: <\/strong>\u00a0Konzentrierter Most aus italienischen Weintrauben, Wei\u00dfweinessig. Enth\u00e4lt Sulfite. Es ist<br \/>\neine gastronomische Spezialit\u00e4t von hoher Qualit\u00e4t.<\/div><\/li><\/ul><div class=\"fusion-clearfix\"><\/div>\n\n\t\t\t\t\t<\/div>\n\t\t\t\t<\/div><\/div><\/div>\n","protected":false},"excerpt":{"rendered":"","protected":false},"featured_media":535,"template":"","meta":[],"class_list":{"0":"post-492","1":"product","2":"type-product","3":"status-publish","4":"has-post-thumbnail","6":"product_cat-essig-und-gewurze","7":"product_cat-essige-essigzubereitungen","8":"product-grid-view","10":"first","11":"instock","12":"shipping-taxable","13":"product-type-simple"},"_links":{"self":[{"href":"https:\/\/www.terradeltuono.it\/b2bde\/wp-json\/wp\/v2\/product\/492","targetHints":{"allow":["GET"]}}],"collection":[{"href":"https:\/\/www.terradeltuono.it\/b2bde\/wp-json\/wp\/v2\/product"}],"about":[{"href":"https:\/\/www.terradeltuono.it\/b2bde\/wp-json\/wp\/v2\/types\/product"}],"wp:featuredmedia":[{"embeddable":true,"href":"https:\/\/www.terradeltuono.it\/b2bde\/wp-json\/wp\/v2\/media\/535"}],"wp:attachment":[{"href":"https:\/\/www.terradeltuono.it\/b2bde\/wp-json\/wp\/v2\/media?parent=492"}],"curies":[{"name":"wp","href":"https:\/\/api.w.org\/{rel}","templated":true}]}}