{"id":195,"date":"2018-06-19T17:05:32","date_gmt":"2018-06-19T15:05:32","guid":{"rendered":"http:\/\/terradeltuono.it\/b2bde\/prodotto\/bta\/"},"modified":"2020-07-09T11:43:22","modified_gmt":"2020-07-09T09:43:22","slug":"traditioneller-balsamico-essig-von-reggio-emilia-silbernes-etikett","status":"publish","type":"product","link":"https:\/\/www.terradeltuono.it\/b2bde\/prodotto\/traditioneller-balsamico-essig-von-reggio-emilia-silbernes-etikett\/","title":{"rendered":"Traditioneller Balsamico &#8211; Essig von Reggio Emilia &#8211; Silbernes Etikett"},"content":{"rendered":"<div class=\"fusion-fullwidth fullwidth-box nonhundred-percent-fullwidth non-hundred-percent-height-scrolling\"  style='background-color: rgba(255,255,255,0);background-position: center center;background-repeat: no-repeat;padding-top:0px;padding-right:0px;padding-bottom:0px;padding-left:0px;'><div class=\"fusion-builder-row fusion-row \"><div  class=\"fusion-layout-column fusion_builder_column fusion_builder_column_1_1  fusion-one-full fusion-column-first fusion-column-last 1_1\"  style='margin-top:0px;margin-bottom:0px;'>\n\t\t\t\t\t<div class=\"fusion-column-wrapper\" style=\"padding: 0px 0px 0px 0px;background-position:left top;background-repeat:no-repeat;-webkit-background-size:cover;-moz-background-size:cover;-o-background-size:cover;background-size:cover;\"  data-bg-url=\"\">\n\t\t\t\t\t\t<div class=\"fusion-text\"><p>Die Farbe ist schwarz, klar und gl\u00e4nzend. Er hat eine bemerkenswerte Dichte und einen glatten Sirup, ein durchdringendes und anhaltendes Parf\u00fcm, S\u00fc\u00dfe und S\u00e4ure die gut gemischt sind und mit den organoleptischen Eigenschaften harmonieren, die von der Schutzdisziplin des Konsortiums f\u00fcr traditionellen Balsamico-Essig festgelegt wurden.<\/p>\n<p>Er hat eine ausgewogene S\u00e4ure, die ein s\u00fc\u00dfes und komplexes Geschmackserlebnis begleitet.<\/p>\n<p>Der Terra del Tuono traditioneller Balsamico-Essig \u201esilbernes Etikett\u201c ist eher f\u00fcr den Rohgebrauch geeignet. Aufgrund seines komplexen und harmonischen Geschmacks wird es f\u00fcr Vorspeisen mit Fleischsaucen und Souffl\u00e9s bevorzugt.<\/p>\n<p>Er eignet sich hervorragend roh in Mayonnaise, in Saucen f\u00fcr gekochtes Fleisch , zu Fisch, in Risotto mit Gem\u00fcse oder mit Scampi. <\/p>\n<p>Er ist eine ideale Kombination mit gebratenem Fleisch, gereiftem K\u00e4se , Leberpastete und Foie Gras. Er l\u00e4sst sich perfekt mit Desserts und Geb\u00e4ck und Eiscreme kombinieren.<\/p>\n<\/div><div class=\"fusion-button-wrapper\"><style type=\"text\/css\" scoped=\"scoped\">.fusion-button.button-1 .fusion-button-text, .fusion-button.button-1 i {color:#000000;}.fusion-button.button-1 {border-width:1px;border-color:#000000;}.fusion-button.button-1 .fusion-button-icon-divider{border-color:#000000;}.fusion-button.button-1:hover .fusion-button-text, .fusion-button.button-1:hover i,.fusion-button.button-1:focus .fusion-button-text, .fusion-button.button-1:focus i,.fusion-button.button-1:active .fusion-button-text, .fusion-button.button-1:active{color:#000000;}.fusion-button.button-1:hover, .fusion-button.button-1:focus, .fusion-button.button-1:active{border-width:1px;border-color:#000000;}.fusion-button.button-1:hover .fusion-button-icon-divider, .fusion-button.button-1:hover .fusion-button-icon-divider, .fusion-button.button-1:active .fusion-button-icon-divider{border-color:#000000;}.fusion-button.button-1{width:auto;}<\/style><a class=\"fusion-button button-flat fusion-button-square button-medium button-default button-1\" target=\"_blank\" rel=\"noopener noreferrer\" href=\"http:\/\/terradeltuono.it\/b2bde\/wp-content\/uploads\/sites\/8\/2018\/07\/BTA.pdf\"><i class=\"fa fa-file-pdf-o button-icon-left\"><\/i><span class=\"fusion-button-text\">DATENBLATT<\/span><\/a><\/div><div class=\"fusion-sep-clear\"><\/div><div class=\"fusion-separator sep-single sep-solid\" style=\"border-color:#666666;border-top-width:3px;margin-top:30px;margin-bottom:50px;width:100%;max-width:90px;\"><\/div><ul class=\"fusion-checklist fusion-checklist-1\" style=\"font-size:13px;line-height:22.1px;\"><li class=\"fusion-li-item\"><span style=\"height:22.1px;width:22.1px;margin-right:9.1px;\" class=\"icon-wrapper circle-no\"><i class=\"fusion-li-icon fa fa-adjust\" style=\"color:#666666;\"><\/i><\/span><div class=\"fusion-li-item-content\" style=\"margin-left:31.2px;\"><strong>Farbe: <\/strong> Gl\u00e4nzendes Schwarz.<\/div><\/li><li class=\"fusion-li-item\"><span style=\"height:22.1px;width:22.1px;margin-right:9.1px;\" class=\"icon-wrapper circle-no\"><i class=\"fusion-li-icon fa fa-fire\" style=\"color:#666666;\"><\/i><\/span><div class=\"fusion-li-item-content\" style=\"margin-left:31.2px;\"><strong>Geruch: <\/strong> Komplexes und anhaltendes Bouquet mit starken Balsamico-Noten. Das Parf\u00fcm ist reichlich, fesselnd, von fruchtigem Geruch.<\/div><\/li><li class=\"fusion-li-item\"><span style=\"height:22.1px;width:22.1px;margin-right:9.1px;\" class=\"icon-wrapper circle-no\"><i class=\"fusion-li-icon fa fa-cutlery\" style=\"color:#666666;\"><\/i><\/span><div class=\"fusion-li-item-content\" style=\"margin-left:31.2px;\"><strong>Geschmack: \u00a0<\/strong> Vollmundiger Geschmack, vollst\u00e4ndig, robust und harmonisch. Der Geschmack ist voll und<br \/>\nsamtig, weich, von gro\u00dfer Rasse.<\/div><\/li><li class=\"fusion-li-item\"><span style=\"height:22.1px;width:22.1px;margin-right:9.1px;\" class=\"icon-wrapper circle-no\"><i class=\"fusion-li-icon fa fa-tint\" style=\"color:#666666;\"><\/i><\/span><div class=\"fusion-li-item-content\" style=\"margin-left:31.2px;\"><strong>Dichte:<\/strong>\u00a0Ca. 1,35<\/div><\/li><li class=\"fusion-li-item\"><span style=\"height:22.1px;width:22.1px;margin-right:9.1px;\" class=\"icon-wrapper circle-no\"><i class=\"fusion-li-icon fa fa-tint\" style=\"color:#666666;\"><\/i><\/span><div class=\"fusion-li-item-content\" style=\"margin-left:31.2px;\"><strong>Reifezeit : <\/strong>\u00a0Nach traditioneller Art , mind. 18 Jahren in kleinen und aus verschiedenen Edelh\u00f6lzern wie Eichen-, Kastanien-, Kirsch-, Maulbeer- und Wacholderf\u00e4ssern gereift.<\/div><\/li><li class=\"fusion-li-item\"><span style=\"height:22.1px;width:22.1px;margin-right:9.1px;\" class=\"icon-wrapper circle-no\"><i class=\"fusion-li-icon fa fa-tachometer\" style=\"color:#666666;\"><\/i><\/span><div class=\"fusion-li-item-content\" style=\"margin-left:31.2px;\"><strong>Zutaten: <\/strong> Gekochte Moste italienischer Trauben.<\/p>\n<p>Hochwertiges 100% Naturprodukt, enth\u00e4lt keine Farbstoffe, Verdickungsmittel, Konservierungsmittel oder Karamell.<\/div><\/li><\/ul><div class=\"fusion-clearfix\"><\/div>\n\n\t\t\t\t\t<\/div>\n\t\t\t\t<\/div><\/div><\/div>\n","protected":false},"excerpt":{"rendered":"","protected":false},"featured_media":196,"template":"","meta":[],"class_list":{"0":"post-195","1":"product","2":"type-product","3":"status-publish","4":"has-post-thumbnail","6":"product_cat-traditioneller-balsamico","7":"product-grid-view","9":"first","10":"instock","11":"shipping-taxable","12":"product-type-simple"},"_links":{"self":[{"href":"https:\/\/www.terradeltuono.it\/b2bde\/wp-json\/wp\/v2\/product\/195","targetHints":{"allow":["GET"]}}],"collection":[{"href":"https:\/\/www.terradeltuono.it\/b2bde\/wp-json\/wp\/v2\/product"}],"about":[{"href":"https:\/\/www.terradeltuono.it\/b2bde\/wp-json\/wp\/v2\/types\/product"}],"wp:featuredmedia":[{"embeddable":true,"href":"https:\/\/www.terradeltuono.it\/b2bde\/wp-json\/wp\/v2\/media\/196"}],"wp:attachment":[{"href":"https:\/\/www.terradeltuono.it\/b2bde\/wp-json\/wp\/v2\/media?parent=195"}],"curies":[{"name":"wp","href":"https:\/\/api.w.org\/{rel}","templated":true}]}}