{"id":17,"date":"2018-03-23T10:48:56","date_gmt":"2018-03-23T09:48:56","guid":{"rendered":"http:\/\/terradeltuono.it\/b2bde\/prodotto\/natale-bianco\/"},"modified":"2020-07-10T10:18:42","modified_gmt":"2020-07-10T08:18:42","slug":"natale-bianco-weiser-balsamico","status":"publish","type":"product","link":"https:\/\/www.terradeltuono.it\/b2bde\/prodotto\/natale-bianco-weiser-balsamico\/","title":{"rendered":"NATALE BIANCO &#8211; Wei\u00dfer Balsamico"},"content":{"rendered":"<div class=\"fusion-fullwidth fullwidth-box nonhundred-percent-fullwidth non-hundred-percent-height-scrolling\"  style='background-color: rgba(255,255,255,0);background-position: center center;background-repeat: no-repeat;padding-top:0px;padding-right:0px;padding-bottom:0px;padding-left:0px;'><div class=\"fusion-builder-row fusion-row \"><div  class=\"fusion-layout-column fusion_builder_column fusion_builder_column_1_1  fusion-one-full fusion-column-first fusion-column-last 1_1\"  style='margin-top:0px;margin-bottom:0px;'>\n\t\t\t\t\t<div class=\"fusion-column-wrapper\" style=\"padding: 0px 0px 0px 0px;background-position:left top;background-repeat:no-repeat;-webkit-background-size:cover;-moz-background-size:cover;-o-background-size:cover;background-size:cover;\"  data-bg-url=\"\">\n\t\t\t\t\t\t<div class=\"fusion-text\"><p>Wei\u00df ist in seiner Weihnachtsausgabe ein feines s\u00fc\u00df-saures Gew\u00fcrz aus wei\u00dfen Trauben, deren Urspr\u00fcnge auf die Tradition von Modena zur\u00fcckgehen. Es wird aus konzentriertem Most von wei\u00dfen Trauben, haupts\u00e4chlich Malvasia, Spergola und Trebbiano gewonnen, die fachm\u00e4nnisch mit dem feinsten Wei\u00dfweinessig gemischt werden.<\/p>\n<p>Unser wei\u00dfer Balsamico ist ein bernsteinfarbenes, klares und transparentes Dressing. Der Geschmack ist s\u00fc\u00df- sauer, mit angenehmer Betonung der sauren Note. Die fl\u00fcchtige S\u00e4ure ist ausgepr\u00e4gt, der Gaumen nimmt eine angenehme Aggression wahr.<\/p>\n<p>Er hat ein starkes Parf\u00fcm, das von einer guten S\u00e4ure begleitet wird. Die klare und transparente Farbe macht es vorzuziehen, die urspr\u00fcngliche Farbe des Gerichts beizubehalten und dem Ganzen eine besondere bitters\u00fc\u00dfe Note zu verleihen. Er passt perfekt zu Salaten und frischem Gem\u00fcse.<\/p>\n<p>Eignet sich hervorragend f\u00fcr Meeresfr\u00fcchte, Fisch und wei\u00dfes Fleisch.<\/p>\n<\/div><div class=\"fusion-button-wrapper\"><style type=\"text\/css\" scoped=\"scoped\">.fusion-button.button-1 .fusion-button-text, .fusion-button.button-1 i {color:#000000;}.fusion-button.button-1 {border-width:1px;border-color:#000000;}.fusion-button.button-1 .fusion-button-icon-divider{border-color:#000000;}.fusion-button.button-1:hover .fusion-button-text, .fusion-button.button-1:hover i,.fusion-button.button-1:focus .fusion-button-text, .fusion-button.button-1:focus i,.fusion-button.button-1:active .fusion-button-text, .fusion-button.button-1:active{color:#000000;}.fusion-button.button-1:hover, .fusion-button.button-1:focus, .fusion-button.button-1:active{border-width:1px;border-color:#000000;}.fusion-button.button-1:hover .fusion-button-icon-divider, .fusion-button.button-1:hover .fusion-button-icon-divider, .fusion-button.button-1:active .fusion-button-icon-divider{border-color:#000000;}.fusion-button.button-1{width:auto;}<\/style><a class=\"fusion-button button-flat fusion-button-square button-medium button-default button-1\" target=\"_blank\" rel=\"noopener noreferrer\" href=\"http:\/\/terradeltuono.it\/b2bde\/wp-content\/uploads\/sites\/8\/2018\/07\/NATALEBIANCO.pdf\"><i class=\"fa fa-file-pdf-o button-icon-left\"><\/i><span class=\"fusion-button-text\">DATENBLATT<\/span><\/a><\/div><div class=\"fusion-sep-clear\"><\/div><div class=\"fusion-separator sep-single sep-solid\" style=\"border-color:#cccccc;border-top-width:3px;margin-top:30px;margin-bottom:50px;width:100%;max-width:90px;\"><\/div><ul class=\"fusion-checklist fusion-checklist-1\" style=\"font-size:13px;line-height:22.1px;\"><li class=\"fusion-li-item\"><span style=\"height:22.1px;width:22.1px;margin-right:9.1px;\" class=\"icon-wrapper circle-no\"><i class=\"fusion-li-icon fa fa-adjust\" style=\"color:#666666;\"><\/i><\/span><div class=\"fusion-li-item-content\" style=\"margin-left:31.2px;\"><strong>Farbe:\u00a0<\/strong>Klare und transparent goldene Bernsteinfarbe.<\/div><\/li><li class=\"fusion-li-item\"><span style=\"height:22.1px;width:22.1px;margin-right:9.1px;\" class=\"icon-wrapper circle-no\"><i class=\"fusion-li-icon fa fa-fire\" style=\"color:#666666;\"><\/i><\/span><div class=\"fusion-li-item-content\" style=\"margin-left:31.2px;\"><strong>Geruch: <\/strong>Das Parf\u00fcm ist sauber, intensiv und anhaltend, mit einem Hauch von fruchtiger Traube, angenehm sauer.<\/div><\/li><li class=\"fusion-li-item\"><span style=\"height:22.1px;width:22.1px;margin-right:9.1px;\" class=\"icon-wrapper circle-no\"><i class=\"fusion-li-icon fa fa-cutlery\" style=\"color:#666666;\"><\/i><\/span><div class=\"fusion-li-item-content\" style=\"margin-left:31.2px;\"><strong>Geschmack:<\/strong> S\u00fc\u00df-sauer, lebhaft, aber sehr ausgewogen. Von gro\u00dfer Beharrlichkeit im Mund ist das Gef\u00fchl der fl\u00fcchtigen S\u00e4ure ausgepr\u00e4gt, w\u00e4hrend ein angenehmer Hauch von S\u00fc\u00dfe erhalten bleibt.<\/div><\/li><li class=\"fusion-li-item\"><span style=\"height:22.1px;width:22.1px;margin-right:9.1px;\" class=\"icon-wrapper circle-no\"><i class=\"fusion-li-icon fa fa-tint\" style=\"color:#666666;\"><\/i><\/span><div class=\"fusion-li-item-content\" style=\"margin-left:31.2px;\"><strong>Dichte:<\/strong>\u00a0Ca. 1.20<\/div><\/li><li class=\"fusion-li-item\"><span style=\"height:22.1px;width:22.1px;margin-right:9.1px;\" class=\"icon-wrapper circle-no\"><i class=\"fusion-li-icon fa fa-clock-o\" style=\"color:#666666;\"><\/i><\/span><div class=\"fusion-li-item-content\" style=\"margin-left:31.2px;\"><strong>Reifezeit : \u00a0<\/strong>Kurz in feinen F\u00e4ssern aus wei\u00dfer Eiche.<\/div><\/li><li class=\"fusion-li-item\"><span style=\"height:22.1px;width:22.1px;margin-right:9.1px;\" class=\"icon-wrapper circle-no\"><i class=\"fusion-li-icon fa fa-tachometer\" style=\"color:#666666;\"><\/i><\/span><div class=\"fusion-li-item-content\" style=\"margin-left:31.2px;\"><strong>Zutaten:<\/strong>\u00a0 Konzentrierter Most aus wei\u00dfen Trauben, Weinessig. 100% Naturprodukt, enth\u00e4lt keine Farbstoffe, Verdickungsmittel, Konservierungsmittel oder Karamell.<\/div><\/li><\/ul><div class=\"fusion-clearfix\"><\/div>\n\n\t\t\t\t\t<\/div>\n\t\t\t\t<\/div><\/div><\/div>\n","protected":false},"excerpt":{"rendered":"","protected":false},"featured_media":18,"template":"","meta":[],"class_list":{"0":"post-17","1":"product","2":"type-product","3":"status-publish","4":"has-post-thumbnail","6":"product_cat-sleevered-flaschen","7":"product-grid-view","9":"first","10":"instock","11":"shipping-taxable","12":"product-type-simple"},"_links":{"self":[{"href":"https:\/\/www.terradeltuono.it\/b2bde\/wp-json\/wp\/v2\/product\/17","targetHints":{"allow":["GET"]}}],"collection":[{"href":"https:\/\/www.terradeltuono.it\/b2bde\/wp-json\/wp\/v2\/product"}],"about":[{"href":"https:\/\/www.terradeltuono.it\/b2bde\/wp-json\/wp\/v2\/types\/product"}],"wp:featuredmedia":[{"embeddable":true,"href":"https:\/\/www.terradeltuono.it\/b2bde\/wp-json\/wp\/v2\/media\/18"}],"wp:attachment":[{"href":"https:\/\/www.terradeltuono.it\/b2bde\/wp-json\/wp\/v2\/media?parent=17"}],"curies":[{"name":"wp","href":"https:\/\/api.w.org\/{rel}","templated":true}]}}