{"id":131,"date":"2018-06-19T11:30:24","date_gmt":"2018-06-19T09:30:24","guid":{"rendered":"http:\/\/terradeltuono.it\/b2bde\/prodotto\/bianco-balsamico\/"},"modified":"2020-07-08T18:15:07","modified_gmt":"2020-07-08T16:15:07","slug":"der-weise-balsamico-ist-eine-feine-sus-saure-essig-spezialitat-aus-italienischen-weisen-trauben","status":"publish","type":"product","link":"https:\/\/www.terradeltuono.it\/b2bde\/prodotto\/der-weise-balsamico-ist-eine-feine-sus-saure-essig-spezialitat-aus-italienischen-weisen-trauben\/","title":{"rendered":"Der Wei\u00dfe Balsamico ist eine feine s\u00fc\u00df-saure Essig-Spezialit\u00e4t aus italienischen wei\u00dfen Trauben"},"content":{"rendered":"<div class=\"fusion-fullwidth fullwidth-box nonhundred-percent-fullwidth non-hundred-percent-height-scrolling\"  style='background-color: rgba(255,255,255,0);background-position: center center;background-repeat: no-repeat;padding-top:0px;padding-right:0px;padding-bottom:0px;padding-left:0px;'><div class=\"fusion-builder-row fusion-row \"><div  class=\"fusion-layout-column fusion_builder_column fusion_builder_column_1_1  fusion-one-full fusion-column-first fusion-column-last 1_1\"  style='margin-top:0px;margin-bottom:0px;'>\n\t\t\t\t\t<div class=\"fusion-column-wrapper\" style=\"padding: 0px 0px 0px 0px;background-position:left top;background-repeat:no-repeat;-webkit-background-size:cover;-moz-background-size:cover;-o-background-size:cover;background-size:cover;\"  data-bg-url=\"\">\n\t\t\t\t\t\t<div class=\"fusion-text\"><p>Essigzubereitung aus wei\u00dfen Trauben nach moderner Tradition.<\/p>\n<p>Er wird aus konzentriertem Most von nur wei\u00dfen Trauben, haupts\u00e4chlich Spergola und Trebbiano gewonnen, die fachm\u00e4nnisch mit dem feinsten, gut gereiften Wei\u00dfweinessig gemischt werden. Der Wei\u00dfe ist eine bernsteinfarbene klare Essigzubereitung. Der Geschmack ist s\u00fc\u00df- sauer, mit einer angenehmen Betonung des sauren Tons. Die S\u00e4ure ist ausgepr\u00e4gt, ein Genuss f\u00fcr den Gaumen.<\/p>\n<p>Die Spezialit\u00e4t hat ein starkes Parf\u00fcm, das von einer guten S\u00e4ure begleitet wird. Die klare und transparente Farbe macht es wahr, die urspr\u00fcngliche Farbe des Gerichts beizubehalten. Er ist eine nat\u00fcrliche Begleitung zu Salaten und frischem Gem\u00fcse. Er eignet sich hervorragend f\u00fcr Meeresfr\u00fcchte, Fisch und wei\u00dfes Fleisch.<\/p>\n<\/div><div class=\"fusion-button-wrapper\"><style type=\"text\/css\" scoped=\"scoped\">.fusion-button.button-1 .fusion-button-text, .fusion-button.button-1 i {color:#000000;}.fusion-button.button-1 {border-width:1px;border-color:#000000;}.fusion-button.button-1 .fusion-button-icon-divider{border-color:#000000;}.fusion-button.button-1:hover .fusion-button-text, .fusion-button.button-1:hover i,.fusion-button.button-1:focus .fusion-button-text, .fusion-button.button-1:focus i,.fusion-button.button-1:active .fusion-button-text, .fusion-button.button-1:active{color:#000000;}.fusion-button.button-1:hover, .fusion-button.button-1:focus, .fusion-button.button-1:active{border-width:1px;border-color:#000000;}.fusion-button.button-1:hover .fusion-button-icon-divider, .fusion-button.button-1:hover .fusion-button-icon-divider, .fusion-button.button-1:active .fusion-button-icon-divider{border-color:#000000;}.fusion-button.button-1{width:auto;}<\/style><a class=\"fusion-button button-flat fusion-button-square button-medium button-default button-1\" target=\"_blank\" rel=\"noopener noreferrer\" href=\"http:\/\/terradeltuono.it\/b2bde\/wp-content\/uploads\/sites\/8\/2018\/07\/AR250BRE.pdf\"><i class=\"fa fa-file-pdf-o button-icon-left\"><\/i><span class=\"fusion-button-text\">DATENBLATT<\/span><\/a><\/div><div class=\"fusion-sep-clear\"><\/div><div class=\"fusion-separator sep-single sep-solid\" style=\"border-color:#666666;border-top-width:3px;margin-top:30px;margin-bottom:50px;width:100%;max-width:90px;\"><\/div><ul class=\"fusion-checklist fusion-checklist-1\" style=\"font-size:13px;line-height:22.1px;\"><li class=\"fusion-li-item\"><span style=\"height:22.1px;width:22.1px;margin-right:9.1px;\" class=\"icon-wrapper circle-no\"><i class=\"fusion-li-icon fa fa-adjust\" style=\"color:#666666;\"><\/i><\/span><div class=\"fusion-li-item-content\" style=\"margin-left:31.2px;\"><strong>Farbe: <\/strong> Klar und transparent, mit goldenem Bernstein-Ton.<\/div><\/li><li class=\"fusion-li-item\"><span style=\"height:22.1px;width:22.1px;margin-right:9.1px;\" class=\"icon-wrapper circle-no\"><i class=\"fusion-li-icon fa fa-fire\" style=\"color:#666666;\"><\/i><\/span><div class=\"fusion-li-item-content\" style=\"margin-left:31.2px;\"><strong>Geruch: <\/strong>Das Parf\u00fcm ist sauber, intensiv und anhaltend, mit einem Hauch von fruchtiger Traube,<br \/>\nangenehm sauer.<\/div><\/li><li class=\"fusion-li-item\"><span style=\"height:22.1px;width:22.1px;margin-right:9.1px;\" class=\"icon-wrapper circle-no\"><i class=\"fusion-li-icon fa fa-cutlery\" style=\"color:#666666;\"><\/i><\/span><div class=\"fusion-li-item-content\" style=\"margin-left:31.2px;\"><strong>Geschmack: <\/strong> Der Geschmack ist trocken, lebhaft, aber sehr ausgewogen. Von gro\u00dfer Beharrlichkeit im Mund ist das Gef\u00fchl der fl\u00fcchtigen S\u00e4ure ausgepr\u00e4gt, w\u00e4hrend ein angenehmer Hauch von S\u00fc\u00dfe erhalten bleibt.<\/div><\/li><li class=\"fusion-li-item\"><span style=\"height:22.1px;width:22.1px;margin-right:9.1px;\" class=\"icon-wrapper circle-no\"><i class=\"fusion-li-icon fa fa-tint\" style=\"color:#666666;\"><\/i><\/span><div class=\"fusion-li-item-content\" style=\"margin-left:31.2px;\"><strong>Dichte:<\/strong>\u00a0Ca 1,20<\/div><\/li><li class=\"fusion-li-item\"><span style=\"height:22.1px;width:22.1px;margin-right:9.1px;\" class=\"icon-wrapper circle-no\"><i class=\"fusion-li-icon fa fa-map-pin\" style=\"color:#666666;\"><\/i><\/span><div class=\"fusion-li-item-content\" style=\"margin-left:31.2px;\"><strong>S\u00e4ure:<\/strong>\u00a04%<\/div><\/li><li class=\"fusion-li-item\"><span style=\"height:22.1px;width:22.1px;margin-right:9.1px;\" class=\"icon-wrapper circle-no\"><i class=\"fusion-li-icon fa fa-leaf\" style=\"color:#666666;\"><\/i><\/span><div class=\"fusion-li-item-content\" style=\"margin-left:31.2px;\"><strong>Zutaten: <\/strong>\u00a0Konzentrierter Most aus italienischen Wei\u00dftrauben, Wei\u00dfweinessig. Enth\u00e4lt Sulfite. Eshandelt sich um eine gastronomische Spezialit\u00e4t von hoher Qualit\u00e4t, 100% Naturprodukt.Er enth\u00e4lt keine Farbstoffe, Verdickungsmittel, Konservierungsmittel oder Karamell.<\/div><\/li><li class=\"fusion-li-item\"><span style=\"height:22.1px;width:22.1px;margin-right:9.1px;\" class=\"icon-wrapper circle-no\"><i class=\"fusion-li-icon fa fa-tachometer\" style=\"color:#666666;\"><\/i><\/span><div class=\"fusion-li-item-content\" style=\"margin-left:31.2px;\"><strong>Ingredients:<\/strong>\u00a0Concentrated must from Italian White Grapes, white wine vinegar, aged shortly in wood barrels of white oak.A 100% all natural premium product. No food colourings, no thickening agents, no caramels, no preservative are added.<\/div><\/li><\/ul><div class=\"fusion-clearfix\"><\/div>\n\n\t\t\t\t\t<\/div>\n\t\t\t\t<\/div><\/div><\/div>\n","protected":false},"excerpt":{"rendered":"","protected":false},"featured_media":536,"template":"","meta":[],"class_list":{"0":"post-131","1":"product","2":"type-product","3":"status-publish","4":"has-post-thumbnail","6":"product_cat-essige-essigzubereitungen","7":"product-grid-view","9":"first","10":"instock","11":"shipping-taxable","12":"product-type-simple"},"_links":{"self":[{"href":"https:\/\/www.terradeltuono.it\/b2bde\/wp-json\/wp\/v2\/product\/131","targetHints":{"allow":["GET"]}}],"collection":[{"href":"https:\/\/www.terradeltuono.it\/b2bde\/wp-json\/wp\/v2\/product"}],"about":[{"href":"https:\/\/www.terradeltuono.it\/b2bde\/wp-json\/wp\/v2\/types\/product"}],"wp:featuredmedia":[{"embeddable":true,"href":"https:\/\/www.terradeltuono.it\/b2bde\/wp-json\/wp\/v2\/media\/536"}],"wp:attachment":[{"href":"https:\/\/www.terradeltuono.it\/b2bde\/wp-json\/wp\/v2\/media?parent=131"}],"curies":[{"name":"wp","href":"https:\/\/api.w.org\/{rel}","templated":true}]}}