{"id":2,"date":"2018-03-20T11:00:11","date_gmt":"2018-03-20T10:00:11","guid":{"rendered":"http:\/\/terradeltuono.it\/b2bde\/?page_id=2"},"modified":"2020-07-07T12:39:06","modified_gmt":"2020-07-07T10:39:06","slug":"chi-siamo","status":"publish","type":"page","link":"https:\/\/www.terradeltuono.it\/b2bde\/","title":{"rendered":"Wer sind wir"},"content":{"rendered":"<p><div class=\"fusion-fullwidth fullwidth-box fusion-parallax-fixed bg-size-initial hundred-percent-fullwidth non-hundred-percent-height-scrolling fusion-equal-height-columns\"  style='background-color: #ffffff;background-image: url(\"http:\/\/terradeltuono.it\/b2bde\/wp-content\/uploads\/sites\/8\/2018\/05\/tizzi-bollitore.jpg\");background-position: right center;background-repeat: no-repeat;-webkit-background-size:cover;-moz-background-size:cover;-o-background-size:cover;background-size:cover;background-attachment:fixed;'><div class=\"fusion-builder-row fusion-row \"><div  class=\"fusion-layout-column fusion_builder_column fusion_builder_column_1_1  fusion-one-full fusion-column-first fusion-column-last 1_1\"  style='margin-top:0px;margin-bottom:0px;'>\n\t\t\t\t\t<div class=\"fusion-column-wrapper\" style=\"padding: 100px 100px 80px 60px;background-position:left top;background-repeat:no-repeat;-webkit-background-size:cover;-moz-background-size:cover;-o-background-size:cover;background-size:cover;\"  data-bg-url=\"\">\n\t\t\t\t\t\t<div class=\"fusion-title title fusion-sep-none fusion-title-center fusion-title-size-two title-left-small\" style=\"margin-top:0px;margin-bottom:0px;\"><h2 class=\"title-heading-center\">Unser Team<\/h2><\/div><div class=\"fusion-sep-clear\"><\/div><div class=\"fusion-separator sep-single sep-solid sep-left-small\" style=\"border-color:#cccccc;border-top-width:3px;margin-left: auto;margin-right: auto;margin-top:10px;margin-bottom:30px;width:100%;max-width:90px;\"><\/div><div class=\"fusion-title title fusion-sep-none fusion-title-center fusion-title-size-five sub-left-small\" style=\"margin-top:0px;margin-bottom:31px;\"><h5 class=\"title-heading-center\">Terra del Tuono war schon immer ein Familienunternehmen.<\/h5><\/div><div class=\"fusion-text\"><p class=\"txt-left-small\" style=\"text-align: center;\">Ab 1892 folgten die S\u00f6hne den Eltern nach, die ihnen in der Gesch\u00e4ftsf\u00fchrung vorausgingen.<br \/>\nHeute arbeiten in Acetaia Terra del Tuono , Tiziana und Massimo Gef\u00e4hrten auch im Leben, zusammen  mit ihren beiden S\u00f6hnen Alberto und Roberto .<\/p>\n<p class=\"txt-left-small\" style=\"text-align: center;\">Die Tradition geht daher weiter.<br \/>\nIn unserem Team gibt es viele andere Menschen, die von der gleichen Leidenschaft f\u00fcr dieses k\u00f6stliche Produkt  stehen. Unter diesen gibt es  experte Verkoster  f\u00fcr Balsamico-Essig aus Modena und  traditionellen Balsamico aus  Reggio Emilia.<\/p>\n<\/div><div class=\"fusion-clearfix\"><\/div>\n\n\t\t\t\t\t<\/div>\n\t\t\t\t<\/div><\/div><\/div><div class=\"fusion-fullwidth fullwidth-box fusion-parallax-none bg-size-contain all-yellow-small hundred-percent-fullwidth non-hundred-percent-height-scrolling fusion-equal-height-columns\"  style='background-color: rgba(255,255,255,0);background-image: url(\"http:\/\/terradeltuono.it\/b2bde\/wp-content\/uploads\/sites\/8\/2018\/05\/cosafacciamobottomgrey.jpg\");background-position: right top;background-repeat: no-repeat;-webkit-background-size:cover;-moz-background-size:cover;-o-background-size:cover;background-size:cover;'><div class=\"fusion-builder-row fusion-row \"><div  class=\"fusion-layout-column fusion_builder_column fusion_builder_column_1_3  fusion-one-third fusion-column-first 1_3\"  style='margin-top:0px;margin-bottom:0px;width:33.33%;width:calc(33.33% - ( ( 4% ) * 0.3333 ) );margin-right: 4%;'>\n\t\t\t\t\t<div class=\"fusion-column-wrapper\" style=\"padding: 0px 0px 0px 0px;background-image: url('http:\/\/terradeltuono.it\/b2bde\/wp-content\/uploads\/sites\/8\/2018\/05\/siloscosafacciamo.jpg');background-position:center center;background-repeat:no-repeat;-webkit-background-size:cover;-moz-background-size:cover;-o-background-size:cover;background-size:cover;\"  data-bg-url=\"http:\/\/terradeltuono.it\/b2bde\/wp-content\/uploads\/sites\/8\/2018\/05\/siloscosafacciamo.jpg\">\n\t\t\t\t\t\t<div class=\"fusion-clearfix\"><\/div>\n\n\t\t\t\t\t<\/div>\n\t\t\t\t<\/div><div  class=\"fusion-layout-column fusion_builder_column fusion_builder_column_2_3  fusion-two-third fusion-column-last cosafacciamocol 2_3\"  style='margin-top:0px;margin-bottom:0px;width:66.66%;width:calc(66.66% - ( ( 4% ) * 0.6666 ) );'>\n\t\t\t\t\t<div class=\"fusion-column-wrapper\" style=\"padding: 100px 450px 80px 60px;background-position:left top;background-repeat:no-repeat;-webkit-background-size:cover;-moz-background-size:cover;-o-background-size:cover;background-size:cover;\"  data-bg-url=\"\">\n\t\t\t\t\t\t<div class=\"fusion-title title fusion-sep-none fusion-title-size-two\" style=\"margin-top:0px;margin-bottom:0px;\"><h2 class=\"title-heading-left\">Unser Tun<\/h2><\/div><div class=\"fusion-sep-clear\"><\/div><div class=\"fusion-separator sep-single sep-solid\" style=\"border-color:#999999;border-top-width:3px;margin-top:10px;margin-bottom:30px;width:100%;max-width:90px;\"><\/div><div class=\"fusion-title title fusion-sep-none fusion-title-size-five\" style=\"margin-top:0px;margin-bottom:31px;\"><h5 class=\"title-heading-left\">Wir produzieren echte Spezialit\u00e4ten  wie Balsamico-Essig aus  Modena sowie traditionellen Balsamico-Essig von Reggio Emilia DOP und verschiedene Zubereitungen auf Essigbasis und  viel mehr.<\/h5><\/div><div class=\"fusion-text\"><div style=\"color: #6a5500;\">Alle unsere Essige und Zubereitungen  sind von h\u00f6chster Qualit\u00e4t, 100% Naturprodukte , frei von jeglichen Farben, Verdickungsmitteln, Konservierungsmitteln, Karamell .  Die einzigen Zutaten f\u00fcr unsere Balsamico-Essige aus  Modena sind gekochter Traubenmost und Weinessig. Die  lange Reifezeit  in Holzf\u00e4ssern verleiht einen wirklich einzigartigen Geschmack.Die verschiedenen Spezialit\u00e4ten wurden f\u00fcr die Bed\u00fcrfnisse der hochwertigen Gastronomie gedacht. Tats\u00e4chlich haben wir immer mit den besten K\u00f6chen zusammengearbeitet und uns zu Interpreten ihrer Suche nach neuen Geschmacksrichtungen gemacht. Dank  auch unserer Spezialit\u00e4ten gibt es viele M\u00f6glichkeiten, den Gerichten Fantasie und Pers\u00f6nlichkeit zu verleihen.<\/div>\n<\/div><div class=\"fusion-clearfix\"><\/div>\n\n\t\t\t\t\t<\/div>\n\t\t\t\t<\/div><\/div><\/div><div class=\"fusion-fullwidth fullwidth-box hundred-percent-fullwidth non-hundred-percent-height-scrolling fusion-equal-height-columns\"  style='background-color: rgba(255,255,255,0);background-position: center center;background-repeat: no-repeat;'><div class=\"fusion-builder-row fusion-row \"><div  class=\"fusion-layout-column fusion_builder_column fusion_builder_column_1_2  fusion-one-half fusion-column-first fusion-blend-mode no-margin gente-aceto-col 1_2\"  style='margin-top:0px;margin-bottom:20px;width:50%;width:calc(50% - ( ( 4% + 4% ) * 0.5 ) );margin-right: 4%;'>\n\t\t\t\t\t<div class=\"fusion-column-wrapper\" style=\"background-color:#ffffff;padding: 60px 60px 60px 60px;background-position:left top;background-repeat:no-repeat;-webkit-background-size:cover;-moz-background-size:cover;-o-background-size:cover;background-size:cover;\"  data-bg-url=\"\">\n\t\t\t\t\t\t<div class=\"fusion-title title fusion-sep-none fusion-title-size-two\" style=\"margin-top:0px;margin-bottom:0px;\"><h2 class=\"title-heading-left\">Balsamico-Essig-Liebhaber<\/h2><\/div><div class=\"fusion-sep-clear\"><\/div><div class=\"fusion-separator sep-single sep-solid\" style=\"border-color:#ffffff;border-top-width:3px;margin-top:10px;margin-bottom:30px;width:100%;max-width:90px;\"><\/div><div class=\"fusion-text\"><div style=\"color: #6a5500;\">\n<p>Im lange gereiften Balsamico-Essig aus  Modena ist  die Farbe schwarz  und funkelnd, w\u00e4hrend sie in j\u00fcngeren Produkten  heller und dunkelbraun ist. Sie muss jedoch immer klar und gl\u00e4nzend sein. Parallel zur langen Reifezeit  wird die Konsistenz  immer dickfl\u00fcssiger.<\/p>\n<p>Im gereiften Balsamico-Essig aus Modena ist der Geruch durchdringend und passt perfekt zusammen mit dem Bouquet vom Holz und Fr\u00fcchte-Noten.<\/p>\n<p>Der Geschmack ist eine magische Harmonie   zwischen dem typischen s\u00fc\u00dfen und sauren Geschmack des Produkts.<\/p>\n<p>Eine einzigartige Erfahrung, die nicht beschrieben, sondern gelebt werden soll. <\/p>\n<p>Unsere Tradition dauert \u00fcber ein Jahrhundert. Ein Leben reicht nicht aus&#8230;<\/p>\n<\/div>\n<\/div><div class=\"fusion-clearfix\"><\/div>\n\n\t\t\t\t\t<\/div>\n\t\t\t\t<\/div><div  class=\"fusion-layout-column fusion_builder_column fusion_builder_column_1_4  fusion-one-fourth no-margin dopo-gente-aceto-col 1_4\"  style='margin-top:0px;margin-bottom:20px;width:25%;width:calc(25% - ( ( 4% + 4% ) * 0.25 ) );margin-right: 4%;'>\n\t\t\t\t\t<div class=\"fusion-column-wrapper\" style=\"padding: 0px 0px 0px 0px;background-image: url('http:\/\/terradeltuono.it\/b2bde\/wp-content\/uploads\/sites\/8\/2018\/05\/botte.jpg');background-position:center top;background-repeat:no-repeat;-webkit-background-size:cover;-moz-background-size:cover;-o-background-size:cover;background-size:cover;\"  data-bg-url=\"http:\/\/terradeltuono.it\/b2bde\/wp-content\/uploads\/sites\/8\/2018\/05\/botte.jpg\">\n\t\t\t\t\t\t<div class=\"fusion-clearfix\"><\/div>\n\n\t\t\t\t\t<\/div>\n\t\t\t\t<\/div><div  class=\"fusion-layout-column fusion_builder_column fusion_builder_column_1_4  fusion-one-fourth fusion-column-last fusion-blend-mode no-margin qualche-segreto-col 1_4\"  style='margin-top:0px;margin-bottom:20px;width:25%;width:calc(25% - ( ( 4% + 4% ) * 0.25 ) );'>\n\t\t\t\t\t<div class=\"fusion-column-wrapper\" style=\"background-color:#cccccc;padding: 60px 60px 60px 60px;background-position:left top;background-repeat:no-repeat;-webkit-background-size:cover;-moz-background-size:cover;-o-background-size:cover;background-size:cover;\"  data-bg-url=\"\">\n\t\t\t\t\t\t<div class=\"fusion-title title fusion-sep-none fusion-title-size-two\" style=\"margin-top:0px;margin-bottom:0px;\"><h2 class=\"title-heading-left\">Ein paar Geheimnisse<\/h2><\/div><div class=\"fusion-sep-clear\"><\/div><div class=\"fusion-separator sep-single sep-solid\" style=\"border-color:#ffffff;border-top-width:3px;margin-top:10px;margin-bottom:30px;width:100%;max-width:90px;\"><\/div><div class=\"fusion-text\"><div style=\"color: #6a5500;\">\n<p>Es m\u00fcssen mindestens f\u00fcnf F\u00e4sser vorhanden sein, aus denen eine Essigbatterie mit unterschiedlicher Kapazit\u00e4t besteht.  Jedes Fass besteht aus anderem Holz.<\/p>\n<p>Das Kirschenholz vers\u00fc\u00dft den Geschmack, Kastanienholz verdunkelt den Essig, Maulbeerholz verdickt ihn, Wacholderholz  verleiht  eine aromatische, scharfe und edle Note<\/p>\n<p>Man braucht viel Erfahrung, um zu entscheiden, wie die verschiedenen H\u00f6lzer in die Batterien eingelegt werden sollen, und um den besten Zeitpunkt f\u00fcr die Durchf\u00fchrung der j\u00e4hrlichen Hinweise zu w\u00e4hlen. Dies ist der einzige Weg, um dank Erfahrung und Leidenschaft Spitzenleistungen zu erzielen.<\/p>\n<p><em>Diese Werte in Terra del Tuono werden aufbewahrt und an  die neue Generation weitergegeben.<\/em><\/p>\n<\/div>\n<\/div><div class=\"fusion-clearfix\"><\/div>\n\n\t\t\t\t\t<\/div>\n\t\t\t\t<\/div><\/div><\/div><\/p>\n","protected":false},"excerpt":{"rendered":"","protected":false},"author":1,"featured_media":0,"parent":0,"menu_order":0,"comment_status":"closed","ping_status":"open","template":"100-width.php","meta":{"footnotes":""},"class_list":["post-2","page","type-page","status-publish","hentry"],"_links":{"self":[{"href":"https:\/\/www.terradeltuono.it\/b2bde\/wp-json\/wp\/v2\/pages\/2","targetHints":{"allow":["GET"]}}],"collection":[{"href":"https:\/\/www.terradeltuono.it\/b2bde\/wp-json\/wp\/v2\/pages"}],"about":[{"href":"https:\/\/www.terradeltuono.it\/b2bde\/wp-json\/wp\/v2\/types\/page"}],"author":[{"embeddable":true,"href":"https:\/\/www.terradeltuono.it\/b2bde\/wp-json\/wp\/v2\/users\/1"}],"replies":[{"embeddable":true,"href":"https:\/\/www.terradeltuono.it\/b2bde\/wp-json\/wp\/v2\/comments?post=2"}],"version-history":[{"count":30,"href":"https:\/\/www.terradeltuono.it\/b2bde\/wp-json\/wp\/v2\/pages\/2\/revisions"}],"predecessor-version":[{"id":584,"href":"https:\/\/www.terradeltuono.it\/b2bde\/wp-json\/wp\/v2\/pages\/2\/revisions\/584"}],"wp:attachment":[{"href":"https:\/\/www.terradeltuono.it\/b2bde\/wp-json\/wp\/v2\/media?parent=2"}],"curies":[{"name":"wp","href":"https:\/\/api.w.org\/{rel}","templated":true}]}}